{"id":820,"date":"2020-07-05T22:30:52","date_gmt":"2020-07-05T20:30:52","guid":{"rendered":"https:\/\/www.hanawa-origami.com\/?post_type=product&#038;p=820"},"modified":"2024-12-10T10:03:09","modified_gmt":"2024-12-10T09:03:09","slug":"suspension-mobile-blanc-bleu-noir","status":"publish","type":"product","link":"https:\/\/www.hanawa-origami.com\/index.php\/produit\/suspension-mobile-blanc-bleu-noir\/","title":{"rendered":"Suspension mobile blanc, bleu, noir"},"content":{"rendered":"<p>Donn\u00e9es Techniques :<\/p>\n<ul>\n<li>Encombrement total : env 25 cm de diam\u00e8tre et 65 cm de hauteur<\/li>\n<li>Boite cadeau cartonn\u00e9e couleur papier kraft inclus<\/li>\n<li>Veuillez noter que chaque produit est r\u00e9alis\u00e9 \u00e0 la main et est un mod\u00e8le unique. Il est donc possible que le produit livr\u00e9 diff\u00e8re l\u00e9g\u00e8rement de la photo apparaissant sur le site, la d\u00e9coupe et le pliage des papiers washi amenant de subtiles diff\u00e9rences.<\/li>\n<\/ul>\n<p>&nbsp;<\/p>\n<p>Conditions d&rsquo;utilisation :<\/p>\n<ul>\n<li>Attention : cette cr\u00e9ation n&rsquo;est pas \u00e0 laisser \u00e0 la port\u00e9e des enfants. Les perles ou autres petits \u00e9l\u00e9ments, si arrach\u00e9s, peuvent \u00eatre aval\u00e9s par de jeunes enfants.<\/li>\n<li>Afin de pr\u00e9server les couleurs d&rsquo;origine, cette cr\u00e9ation devra \u00eatre prot\u00e9g\u00e9e de la pluie et des rayons directs du soleil pour les pr\u00e9server.<\/li>\n<\/ul>\n<p>&nbsp;<\/p>\n<p>Retrouvez tous nos mod\u00e8les de suspension par <a href=\"https:\/\/www.hanawa-origami.com\/index.php\/couronnes\/\" target=\"_blank\" rel=\"noopener noreferrer\">ici<\/a>!<\/p>\n<p><img decoding=\"async\" class=\"alignnone wp-image-627 size-thumbnail\" src=\"https:\/\/www.hanawa-origami.com\/wp-content\/uploads\/2020\/07\/suspension1-1-150x150.jpg\" alt=\"\" width=\"150\" height=\"150\" srcset=\"https:\/\/www.hanawa-origami.com\/wp-content\/uploads\/2020\/07\/suspension1-1-150x150.jpg 150w, https:\/\/www.hanawa-origami.com\/wp-content\/uploads\/2020\/07\/suspension1-1.jpg 1024w, https:\/\/www.hanawa-origami.com\/wp-content\/uploads\/2020\/07\/suspension1-1-100x100.jpg 100w, https:\/\/www.hanawa-origami.com\/wp-content\/uploads\/2020\/07\/suspension1-1-1200x1200.jpg 1200w, https:\/\/www.hanawa-origami.com\/wp-content\/uploads\/2020\/07\/suspension1-1-768x768.jpg 768w\" sizes=\"(max-width: 150px) 100vw, 150px\" \/><\/p>\n<p>&nbsp;<\/p>\n","protected":false},"excerpt":{"rendered":"<h4>Ballet a\u00e9rien de pliages en origami pour cette suspension aux couleurs sophistiqu\u00e9es. Des touches de dor\u00e9 s&rsquo;associent aux couleurs intemporelles de noir, blanc et bleu marine.<\/h4>\n<h4>Les origami diamants, papillons et feuilles sont assembl\u00e9s tout en \u00e9quilibre et l\u00e9g\u00e8ret\u00e9 avec un fil de nylon et habilleront votre int\u00e9rieur.<\/h4>\n<h4>De plus des perles de verre apportent de la luminosit\u00e9 \u00e0 l&rsquo;ensemble.<\/h4>\n<p>Mont\u00e9e sur un cercle en bois de 20 cm de diam\u00e8tre, elle d\u00e9corera un salon, une entr\u00e9e ou une chambre et fera un magnifique cadeau \u00e0 offrir ou \u00e0 s&rsquo;offrir.<\/p>\n<p>Munie d&rsquo;un petit anneau en bois qui permet de la fixer sur une structure externe ou un crochet fix\u00e9 sur un plafond ou sur un encadrement de porte .<\/p>\n<p>R\u00e9f\u00e9rence : SP0002<\/p>\n","protected":false},"featured_media":825,"template":"","meta":{"_monsterinsights_skip_tracking":false,"_monsterinsights_sitenote_active":false,"_monsterinsights_sitenote_note":"","_monsterinsights_sitenote_category":0,"ocean_post_layout":"","ocean_both_sidebars_style":"","ocean_both_sidebars_content_width":0,"ocean_both_sidebars_sidebars_width":0,"ocean_sidebar":"0","ocean_second_sidebar":"0","ocean_disable_margins":"enable","ocean_add_body_class":"","ocean_shortcode_before_top_bar":"","ocean_shortcode_after_top_bar":"","ocean_shortcode_before_header":"","ocean_shortcode_after_header":"","ocean_has_shortcode":"","ocean_shortcode_after_title":"","ocean_shortcode_before_footer_widgets":"","ocean_shortcode_after_footer_widgets":"","ocean_shortcode_before_footer_bottom":"","ocean_shortcode_after_footer_bottom":"","ocean_display_top_bar":"default","ocean_display_header":"default","ocean_header_style":"","ocean_center_header_left_menu":"0","ocean_custom_header_template":"0","ocean_custom_logo":0,"ocean_custom_retina_logo":0,"ocean_custom_logo_max_width":0,"ocean_custom_logo_tablet_max_width":0,"ocean_custom_logo_mobile_max_width":0,"ocean_custom_logo_max_height":0,"ocean_custom_logo_tablet_max_height":0,"ocean_custom_logo_mobile_max_height":0,"ocean_header_custom_menu":"0","ocean_menu_typo_font_family":"0","ocean_menu_typo_font_subset":"","ocean_menu_typo_font_size":0,"ocean_menu_typo_font_size_tablet":0,"ocean_menu_typo_font_size_mobile":0,"ocean_menu_typo_font_size_unit":"px","ocean_menu_typo_font_weight":"","ocean_menu_typo_font_weight_tablet":"","ocean_menu_typo_font_weight_mobile":"","ocean_menu_typo_transform":"","ocean_menu_typo_transform_tablet":"","ocean_menu_typo_transform_mobile":"","ocean_menu_typo_line_height":0,"ocean_menu_typo_line_height_tablet":0,"ocean_menu_typo_line_height_mobile":0,"ocean_menu_typo_line_height_unit":"","ocean_menu_typo_spacing":0,"ocean_menu_typo_spacing_tablet":0,"ocean_menu_typo_spacing_mobile":0,"ocean_menu_typo_spacing_unit":"","ocean_menu_link_color":"","ocean_menu_link_color_hover":"","ocean_menu_link_color_active":"","ocean_menu_link_background":"","ocean_menu_link_hover_background":"","ocean_menu_link_active_background":"","ocean_menu_social_links_bg":"","ocean_menu_social_hover_links_bg":"","ocean_menu_social_links_color":"","ocean_menu_social_hover_links_color":"","ocean_disable_title":"default","ocean_disable_heading":"default","ocean_post_title":"","ocean_post_subheading":"","ocean_post_title_style":"","ocean_post_title_background_color":"","ocean_post_title_background":0,"ocean_post_title_bg_image_position":"","ocean_post_title_bg_image_attachment":"","ocean_post_title_bg_image_repeat":"","ocean_post_title_bg_image_size":"","ocean_post_title_height":0,"ocean_post_title_bg_overlay":0.5,"ocean_post_title_bg_overlay_color":"","ocean_disable_breadcrumbs":"default","ocean_breadcrumbs_color":"","ocean_breadcrumbs_separator_color":"","ocean_breadcrumbs_links_color":"","ocean_breadcrumbs_links_hover_color":"","ocean_display_footer_widgets":"default","ocean_display_footer_bottom":"default","ocean_custom_footer_template":"0"},"product_brand":[],"product_cat":[74],"product_tag":[45,58,76,49,62,63,78,75],"class_list":{"0":"post-820","1":"product","2":"type-product","3":"status-publish","4":"has-post-thumbnail","6":"product_cat-suspension","7":"product_tag-blanc","8":"product_tag-bleu","9":"product_tag-diamant","10":"product_tag-feuille","11":"product_tag-noir","12":"product_tag-papillon","13":"product_tag-perle","14":"product_tag-suspension","15":"product_shipping_class-colis-suivi-moins-2kg","17":"entry","18":"has-media","20":"first","21":"instock","22":"sold-individually","23":"shipping-taxable","24":"purchasable","25":"product-type-simple","26":"has-product-nav","27":"col","28":"span_1_of_2","29":"owp-content-center","30":"owp-thumbs-layout-horizontal","31":"owp-btn-normal","32":"owp-tabs-layout-horizontal"},"yoast_head":"<!-- This site is optimized with the Yoast SEO plugin v25.3.1 - https:\/\/yoast.com\/wordpress\/plugins\/seo\/ -->\n<title>Suspension mobile blanc, bleu, noir | HANAWA ORIGAMI<\/title>\n<meta name=\"description\" content=\"Ballet a\u00e9rien de pliages en origami pour cette suspension type mobile aux couleurs sophistiqu\u00e9es bleu. Des touches de dor\u00e9 s&#039;associent aux couleurs intemporelles de noir, blanc et bleu marine.\" \/>\n<meta name=\"robots\" content=\"index, follow, max-snippet:-1, max-image-preview:large, max-video-preview:-1\" \/>\n<link rel=\"canonical\" href=\"https:\/\/www.hanawa-origami.com\/index.php\/produit\/suspension-mobile-blanc-bleu-noir\/\" \/>\n<meta property=\"og:locale\" content=\"fr_FR\" \/>\n<meta property=\"og:type\" content=\"article\" \/>\n<meta property=\"og:title\" content=\"Suspension mobile blanc, bleu, noir | HANAWA ORIGAMI\" \/>\n<meta property=\"og:description\" content=\"Ballet a\u00e9rien de pliages en origami pour cette suspension type mobile aux couleurs sophistiqu\u00e9es bleu. Des touches de dor\u00e9 s&#039;associent aux couleurs intemporelles de noir, blanc et bleu marine.\" \/>\n<meta property=\"og:url\" content=\"https:\/\/www.hanawa-origami.com\/index.php\/produit\/suspension-mobile-blanc-bleu-noir\/\" \/>\n<meta property=\"og:site_name\" content=\"HANAWA ORIGAMI\" \/>\n<meta property=\"article:modified_time\" content=\"2024-12-10T09:03:09+00:00\" \/>\n<meta property=\"og:image\" content=\"https:\/\/www.hanawa-origami.com\/wp-content\/uploads\/2020\/07\/suspension3-4.jpg\" \/>\n\t<meta property=\"og:image:width\" content=\"1024\" \/>\n\t<meta property=\"og:image:height\" content=\"1024\" \/>\n\t<meta property=\"og:image:type\" content=\"image\/jpeg\" \/>\n<meta name=\"twitter:card\" content=\"summary_large_image\" \/>\n<meta name=\"twitter:label1\" content=\"Dur\u00e9e de lecture estim\u00e9e\" \/>\n\t<meta name=\"twitter:data1\" content=\"1 minute\" \/>\n<script type=\"application\/ld+json\" class=\"yoast-schema-graph\">{\"@context\":\"https:\/\/schema.org\",\"@graph\":[{\"@type\":\"WebPage\",\"@id\":\"https:\/\/www.hanawa-origami.com\/index.php\/produit\/suspension-mobile-blanc-bleu-noir\/\",\"url\":\"https:\/\/www.hanawa-origami.com\/index.php\/produit\/suspension-mobile-blanc-bleu-noir\/\",\"name\":\"Suspension mobile blanc, bleu, noir | HANAWA ORIGAMI\",\"isPartOf\":{\"@id\":\"https:\/\/www.hanawa-origami.com\/#website\"},\"primaryImageOfPage\":{\"@id\":\"https:\/\/www.hanawa-origami.com\/index.php\/produit\/suspension-mobile-blanc-bleu-noir\/#primaryimage\"},\"image\":{\"@id\":\"https:\/\/www.hanawa-origami.com\/index.php\/produit\/suspension-mobile-blanc-bleu-noir\/#primaryimage\"},\"thumbnailUrl\":\"https:\/\/www.hanawa-origami.com\/wp-content\/uploads\/2020\/07\/suspension3-4.jpg\",\"datePublished\":\"2020-07-05T20:30:52+00:00\",\"dateModified\":\"2024-12-10T09:03:09+00:00\",\"description\":\"Ballet a\u00e9rien de pliages en origami pour cette suspension type mobile aux couleurs sophistiqu\u00e9es bleu. Des touches de dor\u00e9 s'associent aux couleurs intemporelles de noir, blanc et bleu marine.\",\"breadcrumb\":{\"@id\":\"https:\/\/www.hanawa-origami.com\/index.php\/produit\/suspension-mobile-blanc-bleu-noir\/#breadcrumb\"},\"inLanguage\":\"fr-FR\",\"potentialAction\":[{\"@type\":\"ReadAction\",\"target\":[\"https:\/\/www.hanawa-origami.com\/index.php\/produit\/suspension-mobile-blanc-bleu-noir\/\"]}]},{\"@type\":\"ImageObject\",\"inLanguage\":\"fr-FR\",\"@id\":\"https:\/\/www.hanawa-origami.com\/index.php\/produit\/suspension-mobile-blanc-bleu-noir\/#primaryimage\",\"url\":\"https:\/\/www.hanawa-origami.com\/wp-content\/uploads\/2020\/07\/suspension3-4.jpg\",\"contentUrl\":\"https:\/\/www.hanawa-origami.com\/wp-content\/uploads\/2020\/07\/suspension3-4.jpg\",\"width\":1024,\"height\":1024},{\"@type\":\"BreadcrumbList\",\"@id\":\"https:\/\/www.hanawa-origami.com\/index.php\/produit\/suspension-mobile-blanc-bleu-noir\/#breadcrumb\",\"itemListElement\":[{\"@type\":\"ListItem\",\"position\":1,\"name\":\"Accueil\",\"item\":\"https:\/\/www.hanawa-origami.com\/\"},{\"@type\":\"ListItem\",\"position\":2,\"name\":\"Cr\u00e9ations\",\"item\":\"https:\/\/www.hanawa-origami.com\/index.php\/shop\/\"},{\"@type\":\"ListItem\",\"position\":3,\"name\":\"Suspensions\",\"item\":\"https:\/\/www.hanawa-origami.com\/index.php\/categorie-produit\/suspension\/\"},{\"@type\":\"ListItem\",\"position\":4,\"name\":\"Suspension mobile blanc, bleu, noir\"}]},{\"@type\":\"WebSite\",\"@id\":\"https:\/\/www.hanawa-origami.com\/#website\",\"url\":\"https:\/\/www.hanawa-origami.com\/\",\"name\":\"Hanawa Origami\",\"description\":\"\",\"publisher\":{\"@id\":\"https:\/\/www.hanawa-origami.com\/#organization\"},\"potentialAction\":[{\"@type\":\"SearchAction\",\"target\":{\"@type\":\"EntryPoint\",\"urlTemplate\":\"https:\/\/www.hanawa-origami.com\/?s={search_term_string}\"},\"query-input\":{\"@type\":\"PropertyValueSpecification\",\"valueRequired\":true,\"valueName\":\"search_term_string\"}}],\"inLanguage\":\"fr-FR\"},{\"@type\":\"Organization\",\"@id\":\"https:\/\/www.hanawa-origami.com\/#organization\",\"name\":\"hanawa-origami\",\"url\":\"https:\/\/www.hanawa-origami.com\/\",\"logo\":{\"@type\":\"ImageObject\",\"inLanguage\":\"fr-FR\",\"@id\":\"https:\/\/www.hanawa-origami.com\/#\/schema\/logo\/image\/\",\"url\":\"https:\/\/www.hanawa-origami.com\/wp-content\/uploads\/2020\/06\/Logo-Hanawa_detoure-site.png\",\"contentUrl\":\"https:\/\/www.hanawa-origami.com\/wp-content\/uploads\/2020\/06\/Logo-Hanawa_detoure-site.png\",\"width\":493,\"height\":338,\"caption\":\"hanawa-origami\"},\"image\":{\"@id\":\"https:\/\/www.hanawa-origami.com\/#\/schema\/logo\/image\/\"}}]}<\/script>\n<!-- \/ Yoast SEO plugin. -->","yoast_head_json":{"title":"Suspension mobile blanc, bleu, noir | HANAWA ORIGAMI","description":"Ballet a\u00e9rien de pliages en origami pour cette suspension type mobile aux couleurs sophistiqu\u00e9es bleu. Des touches de dor\u00e9 s'associent aux couleurs intemporelles de noir, blanc et bleu marine.","robots":{"index":"index","follow":"follow","max-snippet":"max-snippet:-1","max-image-preview":"max-image-preview:large","max-video-preview":"max-video-preview:-1"},"canonical":"https:\/\/www.hanawa-origami.com\/index.php\/produit\/suspension-mobile-blanc-bleu-noir\/","og_locale":"fr_FR","og_type":"article","og_title":"Suspension mobile blanc, bleu, noir | HANAWA ORIGAMI","og_description":"Ballet a\u00e9rien de pliages en origami pour cette suspension type mobile aux couleurs sophistiqu\u00e9es bleu. Des touches de dor\u00e9 s'associent aux couleurs intemporelles de noir, blanc et bleu marine.","og_url":"https:\/\/www.hanawa-origami.com\/index.php\/produit\/suspension-mobile-blanc-bleu-noir\/","og_site_name":"HANAWA ORIGAMI","article_modified_time":"2024-12-10T09:03:09+00:00","og_image":[{"width":1024,"height":1024,"url":"https:\/\/www.hanawa-origami.com\/wp-content\/uploads\/2020\/07\/suspension3-4.jpg","type":"image\/jpeg"}],"twitter_card":"summary_large_image","twitter_misc":{"Dur\u00e9e de lecture estim\u00e9e":"1 minute"},"schema":{"@context":"https:\/\/schema.org","@graph":[{"@type":"WebPage","@id":"https:\/\/www.hanawa-origami.com\/index.php\/produit\/suspension-mobile-blanc-bleu-noir\/","url":"https:\/\/www.hanawa-origami.com\/index.php\/produit\/suspension-mobile-blanc-bleu-noir\/","name":"Suspension mobile blanc, bleu, noir | HANAWA ORIGAMI","isPartOf":{"@id":"https:\/\/www.hanawa-origami.com\/#website"},"primaryImageOfPage":{"@id":"https:\/\/www.hanawa-origami.com\/index.php\/produit\/suspension-mobile-blanc-bleu-noir\/#primaryimage"},"image":{"@id":"https:\/\/www.hanawa-origami.com\/index.php\/produit\/suspension-mobile-blanc-bleu-noir\/#primaryimage"},"thumbnailUrl":"https:\/\/www.hanawa-origami.com\/wp-content\/uploads\/2020\/07\/suspension3-4.jpg","datePublished":"2020-07-05T20:30:52+00:00","dateModified":"2024-12-10T09:03:09+00:00","description":"Ballet a\u00e9rien de pliages en origami pour cette suspension type mobile aux couleurs sophistiqu\u00e9es bleu. Des touches de dor\u00e9 s'associent aux couleurs intemporelles de noir, blanc et bleu marine.","breadcrumb":{"@id":"https:\/\/www.hanawa-origami.com\/index.php\/produit\/suspension-mobile-blanc-bleu-noir\/#breadcrumb"},"inLanguage":"fr-FR","potentialAction":[{"@type":"ReadAction","target":["https:\/\/www.hanawa-origami.com\/index.php\/produit\/suspension-mobile-blanc-bleu-noir\/"]}]},{"@type":"ImageObject","inLanguage":"fr-FR","@id":"https:\/\/www.hanawa-origami.com\/index.php\/produit\/suspension-mobile-blanc-bleu-noir\/#primaryimage","url":"https:\/\/www.hanawa-origami.com\/wp-content\/uploads\/2020\/07\/suspension3-4.jpg","contentUrl":"https:\/\/www.hanawa-origami.com\/wp-content\/uploads\/2020\/07\/suspension3-4.jpg","width":1024,"height":1024},{"@type":"BreadcrumbList","@id":"https:\/\/www.hanawa-origami.com\/index.php\/produit\/suspension-mobile-blanc-bleu-noir\/#breadcrumb","itemListElement":[{"@type":"ListItem","position":1,"name":"Accueil","item":"https:\/\/www.hanawa-origami.com\/"},{"@type":"ListItem","position":2,"name":"Cr\u00e9ations","item":"https:\/\/www.hanawa-origami.com\/index.php\/shop\/"},{"@type":"ListItem","position":3,"name":"Suspensions","item":"https:\/\/www.hanawa-origami.com\/index.php\/categorie-produit\/suspension\/"},{"@type":"ListItem","position":4,"name":"Suspension mobile blanc, bleu, noir"}]},{"@type":"WebSite","@id":"https:\/\/www.hanawa-origami.com\/#website","url":"https:\/\/www.hanawa-origami.com\/","name":"Hanawa Origami","description":"","publisher":{"@id":"https:\/\/www.hanawa-origami.com\/#organization"},"potentialAction":[{"@type":"SearchAction","target":{"@type":"EntryPoint","urlTemplate":"https:\/\/www.hanawa-origami.com\/?s={search_term_string}"},"query-input":{"@type":"PropertyValueSpecification","valueRequired":true,"valueName":"search_term_string"}}],"inLanguage":"fr-FR"},{"@type":"Organization","@id":"https:\/\/www.hanawa-origami.com\/#organization","name":"hanawa-origami","url":"https:\/\/www.hanawa-origami.com\/","logo":{"@type":"ImageObject","inLanguage":"fr-FR","@id":"https:\/\/www.hanawa-origami.com\/#\/schema\/logo\/image\/","url":"https:\/\/www.hanawa-origami.com\/wp-content\/uploads\/2020\/06\/Logo-Hanawa_detoure-site.png","contentUrl":"https:\/\/www.hanawa-origami.com\/wp-content\/uploads\/2020\/06\/Logo-Hanawa_detoure-site.png","width":493,"height":338,"caption":"hanawa-origami"},"image":{"@id":"https:\/\/www.hanawa-origami.com\/#\/schema\/logo\/image\/"}}]}},"_links":{"self":[{"href":"https:\/\/www.hanawa-origami.com\/index.php\/wp-json\/wp\/v2\/product\/820","targetHints":{"allow":["GET"]}}],"collection":[{"href":"https:\/\/www.hanawa-origami.com\/index.php\/wp-json\/wp\/v2\/product"}],"about":[{"href":"https:\/\/www.hanawa-origami.com\/index.php\/wp-json\/wp\/v2\/types\/product"}],"wp:featuredmedia":[{"embeddable":true,"href":"https:\/\/www.hanawa-origami.com\/index.php\/wp-json\/wp\/v2\/media\/825"}],"wp:attachment":[{"href":"https:\/\/www.hanawa-origami.com\/index.php\/wp-json\/wp\/v2\/media?parent=820"}],"wp:term":[{"taxonomy":"product_brand","embeddable":true,"href":"https:\/\/www.hanawa-origami.com\/index.php\/wp-json\/wp\/v2\/product_brand?post=820"},{"taxonomy":"product_cat","embeddable":true,"href":"https:\/\/www.hanawa-origami.com\/index.php\/wp-json\/wp\/v2\/product_cat?post=820"},{"taxonomy":"product_tag","embeddable":true,"href":"https:\/\/www.hanawa-origami.com\/index.php\/wp-json\/wp\/v2\/product_tag?post=820"}],"curies":[{"name":"wp","href":"https:\/\/api.w.org\/{rel}","templated":true}]}}