{"id":3338,"date":"2024-09-27T09:41:37","date_gmt":"2024-09-27T07:41:37","guid":{"rendered":"https:\/\/www.hanawa-origami.com\/?post_type=product&#038;p=3338"},"modified":"2026-02-08T09:13:10","modified_gmt":"2026-02-08T08:13:10","slug":"cadre-en-bois-kimono-origami-rose-copie","status":"publish","type":"product","link":"https:\/\/www.hanawa-origami.com\/index.php\/produit\/cadre-en-bois-kimono-origami-rose-copie\/","title":{"rendered":"Cadre en bois Kimono origami Rose"},"content":{"rendered":"<p>Donn\u00e9es Techniques :<\/p>\n<ul>\n<li>Encombrement total : 23 cm de c\u00f4t\u00e9 et 3,8 cm de profondeur<\/li>\n<li>\u00c9quip\u00e9 d&rsquo;une vitre en verre<\/li>\n<li>Veuillez noter que chaque produit est r\u00e9alis\u00e9 \u00e0 la main et est un mod\u00e8le unique. Il est donc possible que le produit livr\u00e9 diff\u00e8re l\u00e9g\u00e8rement de la photo apparaissant sur le site. La d\u00e9coupe et le pliage des papiers washi amenant de subtiles diff\u00e9rences.<\/li>\n<\/ul>\n<p>&nbsp;<\/p>\n<p>Conditions d&rsquo;utilisation :<\/p>\n<ul>\n<li>Attention : cette cr\u00e9ation n&rsquo;est pas \u00e0 laisser \u00e0 la port\u00e9e des enfants. Si le cadre tombe et se brise, il peut devenir dangereux pour un enfant.<\/li>\n<li>Afin de pr\u00e9server les couleurs d&rsquo;origine, cette cr\u00e9ation devra \u00eatre prot\u00e9g\u00e9e de la pluie et des rayons directs du soleil pour les pr\u00e9server.<\/li>\n<\/ul>\n<p>&nbsp;<\/p>\n<p>Retrouvez tous nos mod\u00e8les de cadres par <a href=\"https:\/\/www.hanawa-origami.com\/index.php\/couronnes\/\" target=\"_blank\" rel=\"noopener noreferrer\">ici<\/a>!<\/p>\n<p><img decoding=\"async\" src=\"https:\/\/www.hanawa-origami.com\/wp-content\/uploads\/2020\/06\/poisson1-150x150.jpg\" class=\"alignnone size-thumbnail wp-image-533\" width=\"150\" height=\"150\" alt=\"Cadre avec poisson en origami bleu\" srcset=\"https:\/\/www.hanawa-origami.com\/wp-content\/uploads\/2020\/06\/poisson1-150x150.jpg 150w, https:\/\/www.hanawa-origami.com\/wp-content\/uploads\/2020\/06\/poisson1-scaled-100x100.jpg 100w, https:\/\/www.hanawa-origami.com\/wp-content\/uploads\/2020\/06\/poisson1-1200x1198.jpg 1200w, https:\/\/www.hanawa-origami.com\/wp-content\/uploads\/2020\/06\/poisson1-1920x1916.jpg 1920w, https:\/\/www.hanawa-origami.com\/wp-content\/uploads\/2020\/06\/poisson1-768x767.jpg 768w, https:\/\/www.hanawa-origami.com\/wp-content\/uploads\/2020\/06\/poisson1-1536x1533.jpg 1536w, https:\/\/www.hanawa-origami.com\/wp-content\/uploads\/2020\/06\/poisson1-2048x2044.jpg 2048w, https:\/\/www.hanawa-origami.com\/wp-content\/uploads\/2020\/06\/poisson1-scaled.jpg 1024w\" sizes=\"(max-width: 150px) 100vw, 150px\" \/><\/p>\n<p>&nbsp;<\/p>\n","protected":false},"excerpt":{"rendered":"<h4>El\u00e9gant kimono en origami sur un fond fleuri pour ce cadre en bois naturel. Le fond en papier washi de couleur rose p\u00e2le est parsem\u00e9 de fleurs de <em>sakura<\/em> blanches et dor\u00e9es. Ce fond permet de mettre en valeur les couleurs \u00e9clatantes du papier washi composant le kimono en origami et vous transportera au c\u0153ur du Japon !<\/h4>\n<p><strong>Cadeau original pour tous les amoureux du Japon et de sa culture.<\/strong><\/p>\n<p>Ce cadre d\u00e9corera harmonieusement une chambre d&rsquo;enfant, une entr\u00e9e ou un salon et fera un magnifique cadeau de naissance ou d&rsquo;anniversaire. Le cadre peut \u00eatre pos\u00e9 sur une console ou un rebord de fen\u00eatre ou \u00eatre fix\u00e9 sur un mur.<\/p>\n<p>R\u00e9f\u00e9rence : CC0013<\/p>\n","protected":false},"featured_media":3613,"template":"","meta":{"_monsterinsights_skip_tracking":false,"_monsterinsights_sitenote_active":false,"_monsterinsights_sitenote_note":"","_monsterinsights_sitenote_category":0,"ocean_post_layout":"","ocean_both_sidebars_style":"","ocean_both_sidebars_content_width":0,"ocean_both_sidebars_sidebars_width":0,"ocean_sidebar":"0","ocean_second_sidebar":"0","ocean_disable_margins":"enable","ocean_add_body_class":"","ocean_shortcode_before_top_bar":"","ocean_shortcode_after_top_bar":"","ocean_shortcode_before_header":"","ocean_shortcode_after_header":"","ocean_has_shortcode":"","ocean_shortcode_after_title":"","ocean_shortcode_before_footer_widgets":"","ocean_shortcode_after_footer_widgets":"","ocean_shortcode_before_footer_bottom":"","ocean_shortcode_after_footer_bottom":"","ocean_display_top_bar":"default","ocean_display_header":"default","ocean_header_style":"","ocean_center_header_left_menu":"0","ocean_custom_header_template":"0","ocean_custom_logo":0,"ocean_custom_retina_logo":0,"ocean_custom_logo_max_width":0,"ocean_custom_logo_tablet_max_width":0,"ocean_custom_logo_mobile_max_width":0,"ocean_custom_logo_max_height":0,"ocean_custom_logo_tablet_max_height":0,"ocean_custom_logo_mobile_max_height":0,"ocean_header_custom_menu":"0","ocean_menu_typo_font_family":"0","ocean_menu_typo_font_subset":"","ocean_menu_typo_font_size":0,"ocean_menu_typo_font_size_tablet":0,"ocean_menu_typo_font_size_mobile":0,"ocean_menu_typo_font_size_unit":"px","ocean_menu_typo_font_weight":"","ocean_menu_typo_font_weight_tablet":"","ocean_menu_typo_font_weight_mobile":"","ocean_menu_typo_transform":"","ocean_menu_typo_transform_tablet":"","ocean_menu_typo_transform_mobile":"","ocean_menu_typo_line_height":0,"ocean_menu_typo_line_height_tablet":0,"ocean_menu_typo_line_height_mobile":0,"ocean_menu_typo_line_height_unit":"","ocean_menu_typo_spacing":0,"ocean_menu_typo_spacing_tablet":0,"ocean_menu_typo_spacing_mobile":0,"ocean_menu_typo_spacing_unit":"","ocean_menu_link_color":"","ocean_menu_link_color_hover":"","ocean_menu_link_color_active":"","ocean_menu_link_background":"","ocean_menu_link_hover_background":"","ocean_menu_link_active_background":"","ocean_menu_social_links_bg":"","ocean_menu_social_hover_links_bg":"","ocean_menu_social_links_color":"","ocean_menu_social_hover_links_color":"","ocean_disable_title":"default","ocean_disable_heading":"default","ocean_post_title":"","ocean_post_subheading":"","ocean_post_title_style":"","ocean_post_title_background_color":"","ocean_post_title_background":0,"ocean_post_title_bg_image_position":"","ocean_post_title_bg_image_attachment":"","ocean_post_title_bg_image_repeat":"","ocean_post_title_bg_image_size":"","ocean_post_title_height":0,"ocean_post_title_bg_overlay":0.5,"ocean_post_title_bg_overlay_color":"","ocean_disable_breadcrumbs":"default","ocean_breadcrumbs_color":"","ocean_breadcrumbs_separator_color":"","ocean_breadcrumbs_links_color":"","ocean_breadcrumbs_links_hover_color":"","ocean_display_footer_widgets":"default","ocean_display_footer_bottom":"default","ocean_custom_footer_template":"0"},"product_brand":[],"product_cat":[29],"product_tag":[53,116,44],"class_list":{"0":"post-3338","1":"product","2":"type-product","3":"status-publish","4":"has-post-thumbnail","6":"product_cat-cadres","7":"product_tag-cadre","8":"product_tag-kimono","9":"product_tag-rose","10":"product_shipping_class-colis-suivi-moins-1kg","12":"entry","13":"has-media","15":"first","16":"onbackorder","17":"shipping-taxable","18":"purchasable","19":"product-type-simple","20":"has-product-nav","21":"col","22":"span_1_of_2","23":"owp-content-center","24":"owp-thumbs-layout-horizontal","25":"owp-btn-normal","26":"owp-tabs-layout-horizontal","27":"has-no-thumbnails"},"yoast_head":"<!-- This site is optimized with the Yoast SEO plugin v25.3.1 - https:\/\/yoast.com\/wordpress\/plugins\/seo\/ -->\n<title>Cadre en bois Kimono origami Rose | HANAWA ORIGAMI<\/title>\n<meta name=\"description\" content=\"El\u00e9gant kimono en origami sur un fond fleuri pour ce cadre en bois blanc. Le fond en papier washi de couleur rose p\u00e2le est parsem\u00e9 de fleurs de sakura blanches et dor\u00e9es. Ce fond permet de mettre en valeur les couleurs \u00e9clatantes du papier washi composant le kimono en origami et vous transportera au c\u0153ur du Japon !\" \/>\n<meta name=\"robots\" content=\"index, follow, max-snippet:-1, max-image-preview:large, max-video-preview:-1\" \/>\n<link rel=\"canonical\" href=\"https:\/\/www.hanawa-origami.com\/index.php\/produit\/cadre-en-bois-kimono-origami-rose-copie\/\" \/>\n<meta property=\"og:locale\" content=\"fr_FR\" \/>\n<meta property=\"og:type\" content=\"article\" \/>\n<meta property=\"og:title\" content=\"Cadre en bois Kimono origami Rose | HANAWA ORIGAMI\" \/>\n<meta property=\"og:description\" content=\"El\u00e9gant kimono en origami sur un fond fleuri pour ce cadre en bois blanc. Le fond en papier washi de couleur rose p\u00e2le est parsem\u00e9 de fleurs de sakura blanches et dor\u00e9es. Ce fond permet de mettre en valeur les couleurs \u00e9clatantes du papier washi composant le kimono en origami et vous transportera au c\u0153ur du Japon !\" \/>\n<meta property=\"og:url\" content=\"https:\/\/www.hanawa-origami.com\/index.php\/produit\/cadre-en-bois-kimono-origami-rose-copie\/\" \/>\n<meta property=\"og:site_name\" content=\"HANAWA ORIGAMI\" \/>\n<meta property=\"article:modified_time\" content=\"2026-02-08T08:13:10+00:00\" \/>\n<meta property=\"og:image\" content=\"https:\/\/www.hanawa-origami.com\/wp-content\/uploads\/2024\/09\/kimono-noeud-1-1-scaled.jpg\" \/>\n\t<meta property=\"og:image:width\" content=\"2560\" \/>\n\t<meta property=\"og:image:height\" content=\"2560\" \/>\n\t<meta property=\"og:image:type\" content=\"image\/jpeg\" \/>\n<meta name=\"twitter:card\" content=\"summary_large_image\" \/>\n<meta name=\"twitter:label1\" content=\"Dur\u00e9e de lecture estim\u00e9e\" \/>\n\t<meta name=\"twitter:data1\" content=\"1 minute\" \/>\n<script type=\"application\/ld+json\" class=\"yoast-schema-graph\">{\"@context\":\"https:\/\/schema.org\",\"@graph\":[{\"@type\":\"WebPage\",\"@id\":\"https:\/\/www.hanawa-origami.com\/index.php\/produit\/cadre-en-bois-kimono-origami-rose-copie\/\",\"url\":\"https:\/\/www.hanawa-origami.com\/index.php\/produit\/cadre-en-bois-kimono-origami-rose-copie\/\",\"name\":\"Cadre en bois Kimono origami Rose | HANAWA ORIGAMI\",\"isPartOf\":{\"@id\":\"https:\/\/www.hanawa-origami.com\/#website\"},\"primaryImageOfPage\":{\"@id\":\"https:\/\/www.hanawa-origami.com\/index.php\/produit\/cadre-en-bois-kimono-origami-rose-copie\/#primaryimage\"},\"image\":{\"@id\":\"https:\/\/www.hanawa-origami.com\/index.php\/produit\/cadre-en-bois-kimono-origami-rose-copie\/#primaryimage\"},\"thumbnailUrl\":\"https:\/\/www.hanawa-origami.com\/wp-content\/uploads\/2024\/09\/img_8236-scaled.jpeg\",\"datePublished\":\"2024-09-27T07:41:37+00:00\",\"dateModified\":\"2026-02-08T08:13:10+00:00\",\"description\":\"El\u00e9gant kimono en origami sur un fond fleuri pour ce cadre en bois blanc. Le fond en papier washi de couleur rose p\u00e2le est parsem\u00e9 de fleurs de sakura blanches et dor\u00e9es. Ce fond permet de mettre en valeur les couleurs \u00e9clatantes du papier washi composant le kimono en origami et vous transportera au c\u0153ur du Japon !\",\"breadcrumb\":{\"@id\":\"https:\/\/www.hanawa-origami.com\/index.php\/produit\/cadre-en-bois-kimono-origami-rose-copie\/#breadcrumb\"},\"inLanguage\":\"fr-FR\",\"potentialAction\":[{\"@type\":\"ReadAction\",\"target\":[\"https:\/\/www.hanawa-origami.com\/index.php\/produit\/cadre-en-bois-kimono-origami-rose-copie\/\"]}]},{\"@type\":\"ImageObject\",\"inLanguage\":\"fr-FR\",\"@id\":\"https:\/\/www.hanawa-origami.com\/index.php\/produit\/cadre-en-bois-kimono-origami-rose-copie\/#primaryimage\",\"url\":\"https:\/\/www.hanawa-origami.com\/wp-content\/uploads\/2024\/09\/img_8236-scaled.jpeg\",\"contentUrl\":\"https:\/\/www.hanawa-origami.com\/wp-content\/uploads\/2024\/09\/img_8236-scaled.jpeg\",\"width\":2560,\"height\":2560},{\"@type\":\"BreadcrumbList\",\"@id\":\"https:\/\/www.hanawa-origami.com\/index.php\/produit\/cadre-en-bois-kimono-origami-rose-copie\/#breadcrumb\",\"itemListElement\":[{\"@type\":\"ListItem\",\"position\":1,\"name\":\"Accueil\",\"item\":\"https:\/\/www.hanawa-origami.com\/\"},{\"@type\":\"ListItem\",\"position\":2,\"name\":\"Cr\u00e9ations\",\"item\":\"https:\/\/www.hanawa-origami.com\/index.php\/shop\/\"},{\"@type\":\"ListItem\",\"position\":3,\"name\":\"Cadres\",\"item\":\"https:\/\/www.hanawa-origami.com\/index.php\/categorie-produit\/cadres\/\"},{\"@type\":\"ListItem\",\"position\":4,\"name\":\"Cadre en bois Kimono origami Rose\"}]},{\"@type\":\"WebSite\",\"@id\":\"https:\/\/www.hanawa-origami.com\/#website\",\"url\":\"https:\/\/www.hanawa-origami.com\/\",\"name\":\"Hanawa Origami\",\"description\":\"\",\"publisher\":{\"@id\":\"https:\/\/www.hanawa-origami.com\/#organization\"},\"potentialAction\":[{\"@type\":\"SearchAction\",\"target\":{\"@type\":\"EntryPoint\",\"urlTemplate\":\"https:\/\/www.hanawa-origami.com\/?s={search_term_string}\"},\"query-input\":{\"@type\":\"PropertyValueSpecification\",\"valueRequired\":true,\"valueName\":\"search_term_string\"}}],\"inLanguage\":\"fr-FR\"},{\"@type\":\"Organization\",\"@id\":\"https:\/\/www.hanawa-origami.com\/#organization\",\"name\":\"hanawa-origami\",\"url\":\"https:\/\/www.hanawa-origami.com\/\",\"logo\":{\"@type\":\"ImageObject\",\"inLanguage\":\"fr-FR\",\"@id\":\"https:\/\/www.hanawa-origami.com\/#\/schema\/logo\/image\/\",\"url\":\"https:\/\/www.hanawa-origami.com\/wp-content\/uploads\/2020\/06\/Logo-Hanawa_detoure-site.png\",\"contentUrl\":\"https:\/\/www.hanawa-origami.com\/wp-content\/uploads\/2020\/06\/Logo-Hanawa_detoure-site.png\",\"width\":493,\"height\":338,\"caption\":\"hanawa-origami\"},\"image\":{\"@id\":\"https:\/\/www.hanawa-origami.com\/#\/schema\/logo\/image\/\"}}]}<\/script>\n<!-- \/ Yoast SEO plugin. -->","yoast_head_json":{"title":"Cadre en bois Kimono origami Rose | HANAWA ORIGAMI","description":"El\u00e9gant kimono en origami sur un fond fleuri pour ce cadre en bois blanc. Le fond en papier washi de couleur rose p\u00e2le est parsem\u00e9 de fleurs de sakura blanches et dor\u00e9es. Ce fond permet de mettre en valeur les couleurs \u00e9clatantes du papier washi composant le kimono en origami et vous transportera au c\u0153ur du Japon !","robots":{"index":"index","follow":"follow","max-snippet":"max-snippet:-1","max-image-preview":"max-image-preview:large","max-video-preview":"max-video-preview:-1"},"canonical":"https:\/\/www.hanawa-origami.com\/index.php\/produit\/cadre-en-bois-kimono-origami-rose-copie\/","og_locale":"fr_FR","og_type":"article","og_title":"Cadre en bois Kimono origami Rose | HANAWA ORIGAMI","og_description":"El\u00e9gant kimono en origami sur un fond fleuri pour ce cadre en bois blanc. Le fond en papier washi de couleur rose p\u00e2le est parsem\u00e9 de fleurs de sakura blanches et dor\u00e9es. Ce fond permet de mettre en valeur les couleurs \u00e9clatantes du papier washi composant le kimono en origami et vous transportera au c\u0153ur du Japon !","og_url":"https:\/\/www.hanawa-origami.com\/index.php\/produit\/cadre-en-bois-kimono-origami-rose-copie\/","og_site_name":"HANAWA ORIGAMI","article_modified_time":"2026-02-08T08:13:10+00:00","og_image":[{"width":2560,"height":2560,"url":"https:\/\/www.hanawa-origami.com\/wp-content\/uploads\/2024\/09\/kimono-noeud-1-1-scaled.jpg","type":"image\/jpeg"}],"twitter_card":"summary_large_image","twitter_misc":{"Dur\u00e9e de lecture estim\u00e9e":"1 minute"},"schema":{"@context":"https:\/\/schema.org","@graph":[{"@type":"WebPage","@id":"https:\/\/www.hanawa-origami.com\/index.php\/produit\/cadre-en-bois-kimono-origami-rose-copie\/","url":"https:\/\/www.hanawa-origami.com\/index.php\/produit\/cadre-en-bois-kimono-origami-rose-copie\/","name":"Cadre en bois Kimono origami Rose | HANAWA ORIGAMI","isPartOf":{"@id":"https:\/\/www.hanawa-origami.com\/#website"},"primaryImageOfPage":{"@id":"https:\/\/www.hanawa-origami.com\/index.php\/produit\/cadre-en-bois-kimono-origami-rose-copie\/#primaryimage"},"image":{"@id":"https:\/\/www.hanawa-origami.com\/index.php\/produit\/cadre-en-bois-kimono-origami-rose-copie\/#primaryimage"},"thumbnailUrl":"https:\/\/www.hanawa-origami.com\/wp-content\/uploads\/2024\/09\/img_8236-scaled.jpeg","datePublished":"2024-09-27T07:41:37+00:00","dateModified":"2026-02-08T08:13:10+00:00","description":"El\u00e9gant kimono en origami sur un fond fleuri pour ce cadre en bois blanc. Le fond en papier washi de couleur rose p\u00e2le est parsem\u00e9 de fleurs de sakura blanches et dor\u00e9es. Ce fond permet de mettre en valeur les couleurs \u00e9clatantes du papier washi composant le kimono en origami et vous transportera au c\u0153ur du Japon !","breadcrumb":{"@id":"https:\/\/www.hanawa-origami.com\/index.php\/produit\/cadre-en-bois-kimono-origami-rose-copie\/#breadcrumb"},"inLanguage":"fr-FR","potentialAction":[{"@type":"ReadAction","target":["https:\/\/www.hanawa-origami.com\/index.php\/produit\/cadre-en-bois-kimono-origami-rose-copie\/"]}]},{"@type":"ImageObject","inLanguage":"fr-FR","@id":"https:\/\/www.hanawa-origami.com\/index.php\/produit\/cadre-en-bois-kimono-origami-rose-copie\/#primaryimage","url":"https:\/\/www.hanawa-origami.com\/wp-content\/uploads\/2024\/09\/img_8236-scaled.jpeg","contentUrl":"https:\/\/www.hanawa-origami.com\/wp-content\/uploads\/2024\/09\/img_8236-scaled.jpeg","width":2560,"height":2560},{"@type":"BreadcrumbList","@id":"https:\/\/www.hanawa-origami.com\/index.php\/produit\/cadre-en-bois-kimono-origami-rose-copie\/#breadcrumb","itemListElement":[{"@type":"ListItem","position":1,"name":"Accueil","item":"https:\/\/www.hanawa-origami.com\/"},{"@type":"ListItem","position":2,"name":"Cr\u00e9ations","item":"https:\/\/www.hanawa-origami.com\/index.php\/shop\/"},{"@type":"ListItem","position":3,"name":"Cadres","item":"https:\/\/www.hanawa-origami.com\/index.php\/categorie-produit\/cadres\/"},{"@type":"ListItem","position":4,"name":"Cadre en bois Kimono origami Rose"}]},{"@type":"WebSite","@id":"https:\/\/www.hanawa-origami.com\/#website","url":"https:\/\/www.hanawa-origami.com\/","name":"Hanawa Origami","description":"","publisher":{"@id":"https:\/\/www.hanawa-origami.com\/#organization"},"potentialAction":[{"@type":"SearchAction","target":{"@type":"EntryPoint","urlTemplate":"https:\/\/www.hanawa-origami.com\/?s={search_term_string}"},"query-input":{"@type":"PropertyValueSpecification","valueRequired":true,"valueName":"search_term_string"}}],"inLanguage":"fr-FR"},{"@type":"Organization","@id":"https:\/\/www.hanawa-origami.com\/#organization","name":"hanawa-origami","url":"https:\/\/www.hanawa-origami.com\/","logo":{"@type":"ImageObject","inLanguage":"fr-FR","@id":"https:\/\/www.hanawa-origami.com\/#\/schema\/logo\/image\/","url":"https:\/\/www.hanawa-origami.com\/wp-content\/uploads\/2020\/06\/Logo-Hanawa_detoure-site.png","contentUrl":"https:\/\/www.hanawa-origami.com\/wp-content\/uploads\/2020\/06\/Logo-Hanawa_detoure-site.png","width":493,"height":338,"caption":"hanawa-origami"},"image":{"@id":"https:\/\/www.hanawa-origami.com\/#\/schema\/logo\/image\/"}}]}},"_links":{"self":[{"href":"https:\/\/www.hanawa-origami.com\/index.php\/wp-json\/wp\/v2\/product\/3338","targetHints":{"allow":["GET"]}}],"collection":[{"href":"https:\/\/www.hanawa-origami.com\/index.php\/wp-json\/wp\/v2\/product"}],"about":[{"href":"https:\/\/www.hanawa-origami.com\/index.php\/wp-json\/wp\/v2\/types\/product"}],"wp:featuredmedia":[{"embeddable":true,"href":"https:\/\/www.hanawa-origami.com\/index.php\/wp-json\/wp\/v2\/media\/3613"}],"wp:attachment":[{"href":"https:\/\/www.hanawa-origami.com\/index.php\/wp-json\/wp\/v2\/media?parent=3338"}],"wp:term":[{"taxonomy":"product_brand","embeddable":true,"href":"https:\/\/www.hanawa-origami.com\/index.php\/wp-json\/wp\/v2\/product_brand?post=3338"},{"taxonomy":"product_cat","embeddable":true,"href":"https:\/\/www.hanawa-origami.com\/index.php\/wp-json\/wp\/v2\/product_cat?post=3338"},{"taxonomy":"product_tag","embeddable":true,"href":"https:\/\/www.hanawa-origami.com\/index.php\/wp-json\/wp\/v2\/product_tag?post=3338"}],"curies":[{"name":"wp","href":"https:\/\/api.w.org\/{rel}","templated":true}]}}