{"id":3177,"date":"2022-12-16T16:46:09","date_gmt":"2022-12-16T15:46:09","guid":{"rendered":"https:\/\/www.hanawa-origami.com\/?post_type=product&#038;p=3177"},"modified":"2025-03-16T21:17:39","modified_gmt":"2025-03-16T20:17:39","slug":"cadre-en-bois-papillon-et-fleurs-noir","status":"publish","type":"product","link":"https:\/\/www.hanawa-origami.com\/index.php\/produit\/cadre-en-bois-papillon-et-fleurs-noir\/","title":{"rendered":"Cadre en bois Papillon et Fleurs Noir"},"content":{"rendered":"<p>Donn\u00e9es Techniques :<\/p>\n<ul>\n<li>Encombrement total : 23 cm de c\u00f4t\u00e9 et 4 cm de profondeur<\/li>\n<li>\u00c9quip\u00e9 d&rsquo;une vitre en verre<\/li>\n<li>Veuillez noter que chaque produit est r\u00e9alis\u00e9 \u00e0 la main et est un mod\u00e8le unique. Il est donc possible que le produit livr\u00e9 diff\u00e8re l\u00e9g\u00e8rement de la photo apparaissant sur le site. La d\u00e9coupe et le pliage des papiers washi amenant de subtiles diff\u00e9rences.<\/li>\n<\/ul>\n<p>&nbsp;<\/p>\n<p>Conditions d&rsquo;utilisation :<\/p>\n<ul>\n<li>Attention : cette cr\u00e9ation n&rsquo;est pas \u00e0 laisser \u00e0 la port\u00e9e des enfants. Si le cadre tombe et se brise, il peut devenir dangereux pour un enfant.<\/li>\n<li>Afin de pr\u00e9server les couleurs d&rsquo;origine, cette cr\u00e9ation devra \u00eatre prot\u00e9g\u00e9e de la pluie et des rayons directs du soleil pour les pr\u00e9server.<\/li>\n<\/ul>\n<p>Nota : Photo prise sans la fa\u00e7ade vitr\u00e9e pour \u00e9viter les reflets<\/p>\n<p>Retrouvez tous nos mod\u00e8les de cadres par <a href=\"https:\/\/www.hanawa-origami.com\/index.php\/couronnes\/\" target=\"_blank\" rel=\"noopener noreferrer\">ici<\/a>!<\/p>\n<p><img decoding=\"async\" class=\"alignnone wp-image-533 size-thumbnail\" src=\"https:\/\/www.hanawa-origami.com\/wp-content\/uploads\/2020\/06\/poisson1-150x150.jpg\" alt=\"Cadre avec poisson en origami bleu\" width=\"150\" height=\"150\" srcset=\"https:\/\/www.hanawa-origami.com\/wp-content\/uploads\/2020\/06\/poisson1-150x150.jpg 150w, https:\/\/www.hanawa-origami.com\/wp-content\/uploads\/2020\/06\/poisson1-scaled-100x100.jpg 100w, https:\/\/www.hanawa-origami.com\/wp-content\/uploads\/2020\/06\/poisson1-1200x1198.jpg 1200w, https:\/\/www.hanawa-origami.com\/wp-content\/uploads\/2020\/06\/poisson1-1920x1916.jpg 1920w, https:\/\/www.hanawa-origami.com\/wp-content\/uploads\/2020\/06\/poisson1-768x767.jpg 768w, https:\/\/www.hanawa-origami.com\/wp-content\/uploads\/2020\/06\/poisson1-1536x1533.jpg 1536w, https:\/\/www.hanawa-origami.com\/wp-content\/uploads\/2020\/06\/poisson1-2048x2044.jpg 2048w, https:\/\/www.hanawa-origami.com\/wp-content\/uploads\/2020\/06\/poisson1-scaled.jpg 1024w\" sizes=\"(max-width: 150px) 100vw, 150px\" \/><\/p>\n<p>&nbsp;<\/p>\n","protected":false},"excerpt":{"rendered":"<h4>Composition po\u00e9tique avec ce papillon qui s&rsquo;envole et la douceur des fleurs de sakura. Travail d&rsquo;association de papiers washi dans les couleurs noir, beige et argent\u00e9 pour un c\u00f4t\u00e9 chic et lumineux !<\/h4>\n<p>Cadeau original pour tous les amoureux du Japon et de sa culture.<\/p>\n<p>De 23 cm de c\u00f4t\u00e9 avec une vitre en verre, il d\u00e9corera harmonieusement une chambre, une entr\u00e9e ou un salon. A offrir ou \u00e0 s&rsquo;offrir !<\/p>\n<p>Le cadre peut \u00eatre pos\u00e9 sur une console ou un rebord de fen\u00eatre ou \u00eatre fix\u00e9 sur un mur.<\/p>\n<p>R\u00e9f\u00e9rence : CC0062<\/p>\n","protected":false},"featured_media":3179,"template":"","meta":{"_monsterinsights_skip_tracking":false,"_monsterinsights_sitenote_active":false,"_monsterinsights_sitenote_note":"","_monsterinsights_sitenote_category":0,"ocean_post_layout":"","ocean_both_sidebars_style":"","ocean_both_sidebars_content_width":0,"ocean_both_sidebars_sidebars_width":0,"ocean_sidebar":"0","ocean_second_sidebar":"0","ocean_disable_margins":"enable","ocean_add_body_class":"","ocean_shortcode_before_top_bar":"","ocean_shortcode_after_top_bar":"","ocean_shortcode_before_header":"","ocean_shortcode_after_header":"","ocean_has_shortcode":"","ocean_shortcode_after_title":"","ocean_shortcode_before_footer_widgets":"","ocean_shortcode_after_footer_widgets":"","ocean_shortcode_before_footer_bottom":"","ocean_shortcode_after_footer_bottom":"","ocean_display_top_bar":"default","ocean_display_header":"default","ocean_header_style":"","ocean_center_header_left_menu":"0","ocean_custom_header_template":"0","ocean_custom_logo":0,"ocean_custom_retina_logo":0,"ocean_custom_logo_max_width":0,"ocean_custom_logo_tablet_max_width":0,"ocean_custom_logo_mobile_max_width":0,"ocean_custom_logo_max_height":0,"ocean_custom_logo_tablet_max_height":0,"ocean_custom_logo_mobile_max_height":0,"ocean_header_custom_menu":"0","ocean_menu_typo_font_family":"0","ocean_menu_typo_font_subset":"","ocean_menu_typo_font_size":0,"ocean_menu_typo_font_size_tablet":0,"ocean_menu_typo_font_size_mobile":0,"ocean_menu_typo_font_size_unit":"px","ocean_menu_typo_font_weight":"","ocean_menu_typo_font_weight_tablet":"","ocean_menu_typo_font_weight_mobile":"","ocean_menu_typo_transform":"","ocean_menu_typo_transform_tablet":"","ocean_menu_typo_transform_mobile":"","ocean_menu_typo_line_height":0,"ocean_menu_typo_line_height_tablet":0,"ocean_menu_typo_line_height_mobile":0,"ocean_menu_typo_line_height_unit":"","ocean_menu_typo_spacing":0,"ocean_menu_typo_spacing_tablet":0,"ocean_menu_typo_spacing_mobile":0,"ocean_menu_typo_spacing_unit":"","ocean_menu_link_color":"","ocean_menu_link_color_hover":"","ocean_menu_link_color_active":"","ocean_menu_link_background":"","ocean_menu_link_hover_background":"","ocean_menu_link_active_background":"","ocean_menu_social_links_bg":"","ocean_menu_social_hover_links_bg":"","ocean_menu_social_links_color":"","ocean_menu_social_hover_links_color":"","ocean_disable_title":"default","ocean_disable_heading":"default","ocean_post_title":"","ocean_post_subheading":"","ocean_post_title_style":"","ocean_post_title_background_color":"","ocean_post_title_background":0,"ocean_post_title_bg_image_position":"","ocean_post_title_bg_image_attachment":"","ocean_post_title_bg_image_repeat":"","ocean_post_title_bg_image_size":"","ocean_post_title_height":0,"ocean_post_title_bg_overlay":0.5,"ocean_post_title_bg_overlay_color":"","ocean_disable_breadcrumbs":"default","ocean_breadcrumbs_color":"","ocean_breadcrumbs_separator_color":"","ocean_breadcrumbs_links_color":"","ocean_breadcrumbs_links_hover_color":"","ocean_display_footer_widgets":"default","ocean_display_footer_bottom":"default","ocean_custom_footer_template":"0"},"product_brand":[],"product_cat":[29],"product_tag":[154,64,45,53,47,62,63],"class_list":{"0":"post-3177","1":"product","2":"type-product","3":"status-publish","4":"has-post-thumbnail","6":"product_cat-cadres","7":"product_tag-argent","8":"product_tag-beige","9":"product_tag-blanc","10":"product_tag-cadre","11":"product_tag-fleur","12":"product_tag-noir","13":"product_tag-papillon","14":"product_shipping_class-colis-suivi-moins-1kg","16":"entry","17":"has-media","19":"first","20":"instock","21":"shipping-taxable","22":"purchasable","23":"product-type-simple","24":"has-rating","25":"has-product-nav","26":"col","27":"span_1_of_2","28":"owp-content-center","29":"owp-thumbs-layout-horizontal","30":"owp-btn-normal","31":"owp-tabs-layout-horizontal"},"yoast_head":"<!-- This site is optimized with the Yoast SEO plugin v25.3.1 - https:\/\/yoast.com\/wordpress\/plugins\/seo\/ -->\n<title>Cadre en bois Papillon et Fleurs Noir | HANAWA ORIGAMI<\/title>\n<meta name=\"description\" content=\"Composition po\u00e9tique avec ce papillon qui s&#039;envole et la douceur des fleurs de sakura. Travail d&#039;association de papiers washi dans les couleurs noir, beige et argent\u00e9 pour un c\u00f4t\u00e9 chic et lumineux !\" \/>\n<meta name=\"robots\" content=\"index, follow, max-snippet:-1, max-image-preview:large, max-video-preview:-1\" \/>\n<link rel=\"canonical\" href=\"https:\/\/www.hanawa-origami.com\/index.php\/produit\/cadre-en-bois-papillon-et-fleurs-noir\/\" \/>\n<meta property=\"og:locale\" content=\"fr_FR\" \/>\n<meta property=\"og:type\" content=\"article\" \/>\n<meta property=\"og:title\" content=\"Cadre en bois Papillon et Fleurs Noir | HANAWA ORIGAMI\" \/>\n<meta property=\"og:description\" content=\"Composition po\u00e9tique avec ce papillon qui s&#039;envole et la douceur des fleurs de sakura. Travail d&#039;association de papiers washi dans les couleurs noir, beige et argent\u00e9 pour un c\u00f4t\u00e9 chic et lumineux !\" \/>\n<meta property=\"og:url\" content=\"https:\/\/www.hanawa-origami.com\/index.php\/produit\/cadre-en-bois-papillon-et-fleurs-noir\/\" \/>\n<meta property=\"og:site_name\" content=\"HANAWA ORIGAMI\" \/>\n<meta property=\"article:modified_time\" content=\"2025-03-16T20:17:39+00:00\" \/>\n<meta property=\"og:image\" content=\"https:\/\/www.hanawa-origami.com\/wp-content\/uploads\/2022\/12\/papilon-fleurs-noir.jpg\" \/>\n\t<meta property=\"og:image:width\" content=\"1079\" \/>\n\t<meta property=\"og:image:height\" content=\"1024\" \/>\n\t<meta property=\"og:image:type\" content=\"image\/jpeg\" \/>\n<meta name=\"twitter:card\" content=\"summary_large_image\" \/>\n<meta name=\"twitter:label1\" content=\"Dur\u00e9e de lecture estim\u00e9e\" \/>\n\t<meta name=\"twitter:data1\" content=\"1 minute\" \/>\n<script type=\"application\/ld+json\" class=\"yoast-schema-graph\">{\"@context\":\"https:\/\/schema.org\",\"@graph\":[{\"@type\":\"WebPage\",\"@id\":\"https:\/\/www.hanawa-origami.com\/index.php\/produit\/cadre-en-bois-papillon-et-fleurs-noir\/\",\"url\":\"https:\/\/www.hanawa-origami.com\/index.php\/produit\/cadre-en-bois-papillon-et-fleurs-noir\/\",\"name\":\"Cadre en bois Papillon et Fleurs Noir | HANAWA ORIGAMI\",\"isPartOf\":{\"@id\":\"https:\/\/www.hanawa-origami.com\/#website\"},\"primaryImageOfPage\":{\"@id\":\"https:\/\/www.hanawa-origami.com\/index.php\/produit\/cadre-en-bois-papillon-et-fleurs-noir\/#primaryimage\"},\"image\":{\"@id\":\"https:\/\/www.hanawa-origami.com\/index.php\/produit\/cadre-en-bois-papillon-et-fleurs-noir\/#primaryimage\"},\"thumbnailUrl\":\"https:\/\/www.hanawa-origami.com\/wp-content\/uploads\/2022\/12\/papilon-fleurs-noir.jpg\",\"datePublished\":\"2022-12-16T15:46:09+00:00\",\"dateModified\":\"2025-03-16T20:17:39+00:00\",\"description\":\"Composition po\u00e9tique avec ce papillon qui s'envole et la douceur des fleurs de sakura. Travail d'association de papiers washi dans les couleurs noir, beige et argent\u00e9 pour un c\u00f4t\u00e9 chic et lumineux !\",\"breadcrumb\":{\"@id\":\"https:\/\/www.hanawa-origami.com\/index.php\/produit\/cadre-en-bois-papillon-et-fleurs-noir\/#breadcrumb\"},\"inLanguage\":\"fr-FR\",\"potentialAction\":[{\"@type\":\"ReadAction\",\"target\":[\"https:\/\/www.hanawa-origami.com\/index.php\/produit\/cadre-en-bois-papillon-et-fleurs-noir\/\"]}]},{\"@type\":\"ImageObject\",\"inLanguage\":\"fr-FR\",\"@id\":\"https:\/\/www.hanawa-origami.com\/index.php\/produit\/cadre-en-bois-papillon-et-fleurs-noir\/#primaryimage\",\"url\":\"https:\/\/www.hanawa-origami.com\/wp-content\/uploads\/2022\/12\/papilon-fleurs-noir.jpg\",\"contentUrl\":\"https:\/\/www.hanawa-origami.com\/wp-content\/uploads\/2022\/12\/papilon-fleurs-noir.jpg\",\"width\":1079,\"height\":1024},{\"@type\":\"BreadcrumbList\",\"@id\":\"https:\/\/www.hanawa-origami.com\/index.php\/produit\/cadre-en-bois-papillon-et-fleurs-noir\/#breadcrumb\",\"itemListElement\":[{\"@type\":\"ListItem\",\"position\":1,\"name\":\"Accueil\",\"item\":\"https:\/\/www.hanawa-origami.com\/\"},{\"@type\":\"ListItem\",\"position\":2,\"name\":\"Cr\u00e9ations\",\"item\":\"https:\/\/www.hanawa-origami.com\/index.php\/shop\/\"},{\"@type\":\"ListItem\",\"position\":3,\"name\":\"Cadres\",\"item\":\"https:\/\/www.hanawa-origami.com\/index.php\/categorie-produit\/cadres\/\"},{\"@type\":\"ListItem\",\"position\":4,\"name\":\"Cadre en bois Papillon et Fleurs Noir\"}]},{\"@type\":\"WebSite\",\"@id\":\"https:\/\/www.hanawa-origami.com\/#website\",\"url\":\"https:\/\/www.hanawa-origami.com\/\",\"name\":\"Hanawa Origami\",\"description\":\"\",\"publisher\":{\"@id\":\"https:\/\/www.hanawa-origami.com\/#organization\"},\"potentialAction\":[{\"@type\":\"SearchAction\",\"target\":{\"@type\":\"EntryPoint\",\"urlTemplate\":\"https:\/\/www.hanawa-origami.com\/?s={search_term_string}\"},\"query-input\":{\"@type\":\"PropertyValueSpecification\",\"valueRequired\":true,\"valueName\":\"search_term_string\"}}],\"inLanguage\":\"fr-FR\"},{\"@type\":\"Organization\",\"@id\":\"https:\/\/www.hanawa-origami.com\/#organization\",\"name\":\"hanawa-origami\",\"url\":\"https:\/\/www.hanawa-origami.com\/\",\"logo\":{\"@type\":\"ImageObject\",\"inLanguage\":\"fr-FR\",\"@id\":\"https:\/\/www.hanawa-origami.com\/#\/schema\/logo\/image\/\",\"url\":\"https:\/\/www.hanawa-origami.com\/wp-content\/uploads\/2020\/06\/Logo-Hanawa_detoure-site.png\",\"contentUrl\":\"https:\/\/www.hanawa-origami.com\/wp-content\/uploads\/2020\/06\/Logo-Hanawa_detoure-site.png\",\"width\":493,\"height\":338,\"caption\":\"hanawa-origami\"},\"image\":{\"@id\":\"https:\/\/www.hanawa-origami.com\/#\/schema\/logo\/image\/\"}}]}<\/script>\n<!-- \/ Yoast SEO plugin. -->","yoast_head_json":{"title":"Cadre en bois Papillon et Fleurs Noir | HANAWA ORIGAMI","description":"Composition po\u00e9tique avec ce papillon qui s'envole et la douceur des fleurs de sakura. Travail d'association de papiers washi dans les couleurs noir, beige et argent\u00e9 pour un c\u00f4t\u00e9 chic et lumineux !","robots":{"index":"index","follow":"follow","max-snippet":"max-snippet:-1","max-image-preview":"max-image-preview:large","max-video-preview":"max-video-preview:-1"},"canonical":"https:\/\/www.hanawa-origami.com\/index.php\/produit\/cadre-en-bois-papillon-et-fleurs-noir\/","og_locale":"fr_FR","og_type":"article","og_title":"Cadre en bois Papillon et Fleurs Noir | HANAWA ORIGAMI","og_description":"Composition po\u00e9tique avec ce papillon qui s'envole et la douceur des fleurs de sakura. Travail d'association de papiers washi dans les couleurs noir, beige et argent\u00e9 pour un c\u00f4t\u00e9 chic et lumineux !","og_url":"https:\/\/www.hanawa-origami.com\/index.php\/produit\/cadre-en-bois-papillon-et-fleurs-noir\/","og_site_name":"HANAWA ORIGAMI","article_modified_time":"2025-03-16T20:17:39+00:00","og_image":[{"width":1079,"height":1024,"url":"https:\/\/www.hanawa-origami.com\/wp-content\/uploads\/2022\/12\/papilon-fleurs-noir.jpg","type":"image\/jpeg"}],"twitter_card":"summary_large_image","twitter_misc":{"Dur\u00e9e de lecture estim\u00e9e":"1 minute"},"schema":{"@context":"https:\/\/schema.org","@graph":[{"@type":"WebPage","@id":"https:\/\/www.hanawa-origami.com\/index.php\/produit\/cadre-en-bois-papillon-et-fleurs-noir\/","url":"https:\/\/www.hanawa-origami.com\/index.php\/produit\/cadre-en-bois-papillon-et-fleurs-noir\/","name":"Cadre en bois Papillon et Fleurs Noir | HANAWA ORIGAMI","isPartOf":{"@id":"https:\/\/www.hanawa-origami.com\/#website"},"primaryImageOfPage":{"@id":"https:\/\/www.hanawa-origami.com\/index.php\/produit\/cadre-en-bois-papillon-et-fleurs-noir\/#primaryimage"},"image":{"@id":"https:\/\/www.hanawa-origami.com\/index.php\/produit\/cadre-en-bois-papillon-et-fleurs-noir\/#primaryimage"},"thumbnailUrl":"https:\/\/www.hanawa-origami.com\/wp-content\/uploads\/2022\/12\/papilon-fleurs-noir.jpg","datePublished":"2022-12-16T15:46:09+00:00","dateModified":"2025-03-16T20:17:39+00:00","description":"Composition po\u00e9tique avec ce papillon qui s'envole et la douceur des fleurs de sakura. Travail d'association de papiers washi dans les couleurs noir, beige et argent\u00e9 pour un c\u00f4t\u00e9 chic et lumineux !","breadcrumb":{"@id":"https:\/\/www.hanawa-origami.com\/index.php\/produit\/cadre-en-bois-papillon-et-fleurs-noir\/#breadcrumb"},"inLanguage":"fr-FR","potentialAction":[{"@type":"ReadAction","target":["https:\/\/www.hanawa-origami.com\/index.php\/produit\/cadre-en-bois-papillon-et-fleurs-noir\/"]}]},{"@type":"ImageObject","inLanguage":"fr-FR","@id":"https:\/\/www.hanawa-origami.com\/index.php\/produit\/cadre-en-bois-papillon-et-fleurs-noir\/#primaryimage","url":"https:\/\/www.hanawa-origami.com\/wp-content\/uploads\/2022\/12\/papilon-fleurs-noir.jpg","contentUrl":"https:\/\/www.hanawa-origami.com\/wp-content\/uploads\/2022\/12\/papilon-fleurs-noir.jpg","width":1079,"height":1024},{"@type":"BreadcrumbList","@id":"https:\/\/www.hanawa-origami.com\/index.php\/produit\/cadre-en-bois-papillon-et-fleurs-noir\/#breadcrumb","itemListElement":[{"@type":"ListItem","position":1,"name":"Accueil","item":"https:\/\/www.hanawa-origami.com\/"},{"@type":"ListItem","position":2,"name":"Cr\u00e9ations","item":"https:\/\/www.hanawa-origami.com\/index.php\/shop\/"},{"@type":"ListItem","position":3,"name":"Cadres","item":"https:\/\/www.hanawa-origami.com\/index.php\/categorie-produit\/cadres\/"},{"@type":"ListItem","position":4,"name":"Cadre en bois Papillon et Fleurs Noir"}]},{"@type":"WebSite","@id":"https:\/\/www.hanawa-origami.com\/#website","url":"https:\/\/www.hanawa-origami.com\/","name":"Hanawa Origami","description":"","publisher":{"@id":"https:\/\/www.hanawa-origami.com\/#organization"},"potentialAction":[{"@type":"SearchAction","target":{"@type":"EntryPoint","urlTemplate":"https:\/\/www.hanawa-origami.com\/?s={search_term_string}"},"query-input":{"@type":"PropertyValueSpecification","valueRequired":true,"valueName":"search_term_string"}}],"inLanguage":"fr-FR"},{"@type":"Organization","@id":"https:\/\/www.hanawa-origami.com\/#organization","name":"hanawa-origami","url":"https:\/\/www.hanawa-origami.com\/","logo":{"@type":"ImageObject","inLanguage":"fr-FR","@id":"https:\/\/www.hanawa-origami.com\/#\/schema\/logo\/image\/","url":"https:\/\/www.hanawa-origami.com\/wp-content\/uploads\/2020\/06\/Logo-Hanawa_detoure-site.png","contentUrl":"https:\/\/www.hanawa-origami.com\/wp-content\/uploads\/2020\/06\/Logo-Hanawa_detoure-site.png","width":493,"height":338,"caption":"hanawa-origami"},"image":{"@id":"https:\/\/www.hanawa-origami.com\/#\/schema\/logo\/image\/"}}]}},"_links":{"self":[{"href":"https:\/\/www.hanawa-origami.com\/index.php\/wp-json\/wp\/v2\/product\/3177","targetHints":{"allow":["GET"]}}],"collection":[{"href":"https:\/\/www.hanawa-origami.com\/index.php\/wp-json\/wp\/v2\/product"}],"about":[{"href":"https:\/\/www.hanawa-origami.com\/index.php\/wp-json\/wp\/v2\/types\/product"}],"wp:featuredmedia":[{"embeddable":true,"href":"https:\/\/www.hanawa-origami.com\/index.php\/wp-json\/wp\/v2\/media\/3179"}],"wp:attachment":[{"href":"https:\/\/www.hanawa-origami.com\/index.php\/wp-json\/wp\/v2\/media?parent=3177"}],"wp:term":[{"taxonomy":"product_brand","embeddable":true,"href":"https:\/\/www.hanawa-origami.com\/index.php\/wp-json\/wp\/v2\/product_brand?post=3177"},{"taxonomy":"product_cat","embeddable":true,"href":"https:\/\/www.hanawa-origami.com\/index.php\/wp-json\/wp\/v2\/product_cat?post=3177"},{"taxonomy":"product_tag","embeddable":true,"href":"https:\/\/www.hanawa-origami.com\/index.php\/wp-json\/wp\/v2\/product_tag?post=3177"}],"curies":[{"name":"wp","href":"https:\/\/api.w.org\/{rel}","templated":true}]}}