{"id":3157,"date":"2022-12-12T09:39:30","date_gmt":"2022-12-12T08:39:30","guid":{"rendered":"https:\/\/www.hanawa-origami.com\/?post_type=product&#038;p=3157"},"modified":"2024-12-10T09:58:15","modified_gmt":"2024-12-10T08:58:15","slug":"suspension-mobile-origami-beige-rose","status":"publish","type":"product","link":"https:\/\/www.hanawa-origami.com\/index.php\/produit\/suspension-mobile-origami-beige-rose\/","title":{"rendered":"Suspension mobile origami Beige &#038; Rose"},"content":{"rendered":"<p>Donn\u00e9es Techniques :<\/p>\n<ul>\n<li>Encombrement total : env 25 cm de diam\u00e8tre et 70 cm de hauteur<\/li>\n<li>Boite cadeau cartonn\u00e9e couleur papier kraft inclus<\/li>\n<li>Veuillez noter que chaque produit est r\u00e9alis\u00e9 \u00e0 la main et est un mod\u00e8le unique. Il est donc possible que le produit livr\u00e9 diff\u00e8re l\u00e9g\u00e8rement de la photo apparaissant sur le site, la d\u00e9coupe et le pliage des papiers washi amenant de subtiles diff\u00e9rences.<\/li>\n<\/ul>\n<p>&nbsp;<\/p>\n<p>Conditions d&rsquo;utilisation :<\/p>\n<ul>\n<li>Attention : cette cr\u00e9ation n&rsquo;est pas \u00e0 laisser \u00e0 la port\u00e9e des enfants. Les perles ou autres petits \u00e9l\u00e9ments, si arrach\u00e9s, peuvent \u00eatre aval\u00e9s par de jeunes enfants.<\/li>\n<li>Afin de pr\u00e9server les couleurs d&rsquo;origine, cette cr\u00e9ation devra \u00eatre prot\u00e9g\u00e9e de la pluie et des rayons directs du soleil pour les pr\u00e9server.<\/li>\n<\/ul>\n<p>&nbsp;<\/p>\n<p>Retrouvez tous nos mod\u00e8les de suspension par <a href=\"https:\/\/www.hanawa-origami.com\/index.php\/couronnes\/\" target=\"_blank\" rel=\"noopener noreferrer\">ici<\/a>!<\/p>\n<p><img decoding=\"async\" class=\"alignnone wp-image-773 size-thumbnail\" src=\"https:\/\/www.hanawa-origami.com\/wp-content\/uploads\/2020\/07\/suspension2-1-150x150.jpg\" alt=\"Suspension type Mobile origami \u00e9l\u00e9phants\" width=\"150\" height=\"150\" srcset=\"https:\/\/www.hanawa-origami.com\/wp-content\/uploads\/2020\/07\/suspension2-1-150x150.jpg 150w, https:\/\/www.hanawa-origami.com\/wp-content\/uploads\/2020\/07\/suspension2-1.jpg 1024w, https:\/\/www.hanawa-origami.com\/wp-content\/uploads\/2020\/07\/suspension2-1-100x100.jpg 100w, https:\/\/www.hanawa-origami.com\/wp-content\/uploads\/2020\/07\/suspension2-1-1200x1200.jpg 1200w, https:\/\/www.hanawa-origami.com\/wp-content\/uploads\/2020\/07\/suspension2-1-768x768.jpg 768w\" sizes=\"(max-width: 150px) 100vw, 150px\" \/><\/p>\n<p>&nbsp;<\/p>\n","protected":false},"excerpt":{"rendered":"<h4>Aussi l\u00e9g\u00e8re qu&rsquo;une envol\u00e9e de papillons pour cette suspension dans les couleurs beige et rose. L&rsquo;association de papiers washi dans des tons chauds et poudr\u00e9s apportera une touche de po\u00e9sie \u00e0 la d\u00e9coration de la chambre.<\/h4>\n<p>Mont\u00e9e sur un cercle en bois de 20 cm de diam\u00e8tre, elle d\u00e9corera une chambre d&rsquo;enfant et pourra faire un joli cadeau de naissance ou d&rsquo;anniversaire<\/p>\n<p>Munie d&rsquo;un petit anneau en bois qui permet de la fixer sur une structure externe ou un crochet fix\u00e9 sur un plafond ou sur un encadrement de porte .<\/p>\n<p>R\u00e9f\u00e9rence : SP0010<\/p>\n","protected":false},"featured_media":3169,"template":"","meta":{"_monsterinsights_skip_tracking":false,"_monsterinsights_sitenote_active":false,"_monsterinsights_sitenote_note":"","_monsterinsights_sitenote_category":0,"ocean_post_layout":"","ocean_both_sidebars_style":"","ocean_both_sidebars_content_width":0,"ocean_both_sidebars_sidebars_width":0,"ocean_sidebar":"0","ocean_second_sidebar":"0","ocean_disable_margins":"enable","ocean_add_body_class":"","ocean_shortcode_before_top_bar":"","ocean_shortcode_after_top_bar":"","ocean_shortcode_before_header":"","ocean_shortcode_after_header":"","ocean_has_shortcode":"","ocean_shortcode_after_title":"","ocean_shortcode_before_footer_widgets":"","ocean_shortcode_after_footer_widgets":"","ocean_shortcode_before_footer_bottom":"","ocean_shortcode_after_footer_bottom":"","ocean_display_top_bar":"default","ocean_display_header":"default","ocean_header_style":"","ocean_center_header_left_menu":"0","ocean_custom_header_template":"0","ocean_custom_logo":0,"ocean_custom_retina_logo":0,"ocean_custom_logo_max_width":0,"ocean_custom_logo_tablet_max_width":0,"ocean_custom_logo_mobile_max_width":0,"ocean_custom_logo_max_height":0,"ocean_custom_logo_tablet_max_height":0,"ocean_custom_logo_mobile_max_height":0,"ocean_header_custom_menu":"0","ocean_menu_typo_font_family":"0","ocean_menu_typo_font_subset":"","ocean_menu_typo_font_size":0,"ocean_menu_typo_font_size_tablet":0,"ocean_menu_typo_font_size_mobile":0,"ocean_menu_typo_font_size_unit":"px","ocean_menu_typo_font_weight":"","ocean_menu_typo_font_weight_tablet":"","ocean_menu_typo_font_weight_mobile":"","ocean_menu_typo_transform":"","ocean_menu_typo_transform_tablet":"","ocean_menu_typo_transform_mobile":"","ocean_menu_typo_line_height":0,"ocean_menu_typo_line_height_tablet":0,"ocean_menu_typo_line_height_mobile":0,"ocean_menu_typo_line_height_unit":"","ocean_menu_typo_spacing":0,"ocean_menu_typo_spacing_tablet":0,"ocean_menu_typo_spacing_mobile":0,"ocean_menu_typo_spacing_unit":"","ocean_menu_link_color":"","ocean_menu_link_color_hover":"","ocean_menu_link_color_active":"","ocean_menu_link_background":"","ocean_menu_link_hover_background":"","ocean_menu_link_active_background":"","ocean_menu_social_links_bg":"","ocean_menu_social_hover_links_bg":"","ocean_menu_social_links_color":"","ocean_menu_social_hover_links_color":"","ocean_disable_title":"default","ocean_disable_heading":"default","ocean_post_title":"","ocean_post_subheading":"","ocean_post_title_style":"","ocean_post_title_background_color":"","ocean_post_title_background":0,"ocean_post_title_bg_image_position":"","ocean_post_title_bg_image_attachment":"","ocean_post_title_bg_image_repeat":"","ocean_post_title_bg_image_size":"","ocean_post_title_height":0,"ocean_post_title_bg_overlay":0.5,"ocean_post_title_bg_overlay_color":"","ocean_disable_breadcrumbs":"default","ocean_breadcrumbs_color":"","ocean_breadcrumbs_separator_color":"","ocean_breadcrumbs_links_color":"","ocean_breadcrumbs_links_hover_color":"","ocean_display_footer_widgets":"default","ocean_display_footer_bottom":"default","ocean_custom_footer_template":"0"},"product_brand":[],"product_cat":[74],"product_tag":[58,76,61,54,93,94,92,78,41,75,55],"class_list":{"0":"post-3157","1":"product","2":"type-product","3":"status-publish","4":"has-post-thumbnail","6":"product_cat-suspension","7":"product_tag-bleu","8":"product_tag-diamant","9":"product_tag-elephant","10":"product_tag-jaune","11":"product_tag-jungle","12":"product_tag-lion","13":"product_tag-mobile","14":"product_tag-perle","15":"product_tag-rouge","16":"product_tag-suspension","17":"product_tag-violet","18":"product_shipping_class-colis-suivi-moins-2kg","20":"entry","21":"has-media","23":"first","24":"onbackorder","25":"shipping-taxable","26":"purchasable","27":"product-type-simple","28":"has-product-nav","29":"col","30":"span_1_of_2","31":"owp-content-center","32":"owp-thumbs-layout-horizontal","33":"owp-btn-normal","34":"owp-tabs-layout-horizontal"},"yoast_head":"<!-- This site is optimized with the Yoast SEO plugin v25.3.1 - https:\/\/yoast.com\/wordpress\/plugins\/seo\/ -->\n<title>Suspension mobile origami Beige &amp; Rose | HANAWA ORIGAMI<\/title>\n<meta name=\"description\" content=\"Aussi l\u00e9g\u00e8re qu&#039;une envol\u00e9e de papillons pour cette suspension dans les couleurs beige et rose. L&#039;association de papiers washi dans des tons chauds et poudr\u00e9s apportera une touche de po\u00e9sie \u00e0 la d\u00e9coration de la chambre.\" \/>\n<meta name=\"robots\" content=\"index, follow, max-snippet:-1, max-image-preview:large, max-video-preview:-1\" \/>\n<link rel=\"canonical\" href=\"https:\/\/www.hanawa-origami.com\/index.php\/produit\/suspension-mobile-origami-beige-rose\/\" \/>\n<meta property=\"og:locale\" content=\"fr_FR\" \/>\n<meta property=\"og:type\" content=\"article\" \/>\n<meta property=\"og:title\" content=\"Suspension mobile origami Beige &amp; Rose | HANAWA ORIGAMI\" \/>\n<meta property=\"og:description\" content=\"Aussi l\u00e9g\u00e8re qu&#039;une envol\u00e9e de papillons pour cette suspension dans les couleurs beige et rose. L&#039;association de papiers washi dans des tons chauds et poudr\u00e9s apportera une touche de po\u00e9sie \u00e0 la d\u00e9coration de la chambre.\" \/>\n<meta property=\"og:url\" content=\"https:\/\/www.hanawa-origami.com\/index.php\/produit\/suspension-mobile-origami-beige-rose\/\" \/>\n<meta property=\"og:site_name\" content=\"HANAWA ORIGAMI\" \/>\n<meta property=\"article:modified_time\" content=\"2024-12-10T08:58:15+00:00\" \/>\n<meta property=\"og:image\" content=\"https:\/\/www.hanawa-origami.com\/wp-content\/uploads\/2022\/12\/rose-beige.jpg\" \/>\n\t<meta property=\"og:image:width\" content=\"1024\" \/>\n\t<meta property=\"og:image:height\" content=\"1024\" \/>\n\t<meta property=\"og:image:type\" content=\"image\/jpeg\" \/>\n<meta name=\"twitter:card\" content=\"summary_large_image\" \/>\n<meta name=\"twitter:label1\" content=\"Dur\u00e9e de lecture estim\u00e9e\" \/>\n\t<meta name=\"twitter:data1\" content=\"1 minute\" \/>\n<script type=\"application\/ld+json\" class=\"yoast-schema-graph\">{\"@context\":\"https:\/\/schema.org\",\"@graph\":[{\"@type\":\"WebPage\",\"@id\":\"https:\/\/www.hanawa-origami.com\/index.php\/produit\/suspension-mobile-origami-beige-rose\/\",\"url\":\"https:\/\/www.hanawa-origami.com\/index.php\/produit\/suspension-mobile-origami-beige-rose\/\",\"name\":\"Suspension mobile origami Beige & Rose | HANAWA ORIGAMI\",\"isPartOf\":{\"@id\":\"https:\/\/www.hanawa-origami.com\/#website\"},\"primaryImageOfPage\":{\"@id\":\"https:\/\/www.hanawa-origami.com\/index.php\/produit\/suspension-mobile-origami-beige-rose\/#primaryimage\"},\"image\":{\"@id\":\"https:\/\/www.hanawa-origami.com\/index.php\/produit\/suspension-mobile-origami-beige-rose\/#primaryimage\"},\"thumbnailUrl\":\"https:\/\/www.hanawa-origami.com\/wp-content\/uploads\/2022\/12\/rose-beige.jpg\",\"datePublished\":\"2022-12-12T08:39:30+00:00\",\"dateModified\":\"2024-12-10T08:58:15+00:00\",\"description\":\"Aussi l\u00e9g\u00e8re qu'une envol\u00e9e de papillons pour cette suspension dans les couleurs beige et rose. L'association de papiers washi dans des tons chauds et poudr\u00e9s apportera une touche de po\u00e9sie \u00e0 la d\u00e9coration de la chambre.\",\"breadcrumb\":{\"@id\":\"https:\/\/www.hanawa-origami.com\/index.php\/produit\/suspension-mobile-origami-beige-rose\/#breadcrumb\"},\"inLanguage\":\"fr-FR\",\"potentialAction\":[{\"@type\":\"ReadAction\",\"target\":[\"https:\/\/www.hanawa-origami.com\/index.php\/produit\/suspension-mobile-origami-beige-rose\/\"]}]},{\"@type\":\"ImageObject\",\"inLanguage\":\"fr-FR\",\"@id\":\"https:\/\/www.hanawa-origami.com\/index.php\/produit\/suspension-mobile-origami-beige-rose\/#primaryimage\",\"url\":\"https:\/\/www.hanawa-origami.com\/wp-content\/uploads\/2022\/12\/rose-beige.jpg\",\"contentUrl\":\"https:\/\/www.hanawa-origami.com\/wp-content\/uploads\/2022\/12\/rose-beige.jpg\",\"width\":1024,\"height\":1024},{\"@type\":\"BreadcrumbList\",\"@id\":\"https:\/\/www.hanawa-origami.com\/index.php\/produit\/suspension-mobile-origami-beige-rose\/#breadcrumb\",\"itemListElement\":[{\"@type\":\"ListItem\",\"position\":1,\"name\":\"Accueil\",\"item\":\"https:\/\/www.hanawa-origami.com\/\"},{\"@type\":\"ListItem\",\"position\":2,\"name\":\"Cr\u00e9ations\",\"item\":\"https:\/\/www.hanawa-origami.com\/index.php\/shop\/\"},{\"@type\":\"ListItem\",\"position\":3,\"name\":\"Suspensions\",\"item\":\"https:\/\/www.hanawa-origami.com\/index.php\/categorie-produit\/suspension\/\"},{\"@type\":\"ListItem\",\"position\":4,\"name\":\"Suspension mobile origami Beige &#038; Rose\"}]},{\"@type\":\"WebSite\",\"@id\":\"https:\/\/www.hanawa-origami.com\/#website\",\"url\":\"https:\/\/www.hanawa-origami.com\/\",\"name\":\"Hanawa Origami\",\"description\":\"\",\"publisher\":{\"@id\":\"https:\/\/www.hanawa-origami.com\/#organization\"},\"potentialAction\":[{\"@type\":\"SearchAction\",\"target\":{\"@type\":\"EntryPoint\",\"urlTemplate\":\"https:\/\/www.hanawa-origami.com\/?s={search_term_string}\"},\"query-input\":{\"@type\":\"PropertyValueSpecification\",\"valueRequired\":true,\"valueName\":\"search_term_string\"}}],\"inLanguage\":\"fr-FR\"},{\"@type\":\"Organization\",\"@id\":\"https:\/\/www.hanawa-origami.com\/#organization\",\"name\":\"hanawa-origami\",\"url\":\"https:\/\/www.hanawa-origami.com\/\",\"logo\":{\"@type\":\"ImageObject\",\"inLanguage\":\"fr-FR\",\"@id\":\"https:\/\/www.hanawa-origami.com\/#\/schema\/logo\/image\/\",\"url\":\"https:\/\/www.hanawa-origami.com\/wp-content\/uploads\/2020\/06\/Logo-Hanawa_detoure-site.png\",\"contentUrl\":\"https:\/\/www.hanawa-origami.com\/wp-content\/uploads\/2020\/06\/Logo-Hanawa_detoure-site.png\",\"width\":493,\"height\":338,\"caption\":\"hanawa-origami\"},\"image\":{\"@id\":\"https:\/\/www.hanawa-origami.com\/#\/schema\/logo\/image\/\"}}]}<\/script>\n<!-- \/ Yoast SEO plugin. -->","yoast_head_json":{"title":"Suspension mobile origami Beige & Rose | HANAWA ORIGAMI","description":"Aussi l\u00e9g\u00e8re qu'une envol\u00e9e de papillons pour cette suspension dans les couleurs beige et rose. L'association de papiers washi dans des tons chauds et poudr\u00e9s apportera une touche de po\u00e9sie \u00e0 la d\u00e9coration de la chambre.","robots":{"index":"index","follow":"follow","max-snippet":"max-snippet:-1","max-image-preview":"max-image-preview:large","max-video-preview":"max-video-preview:-1"},"canonical":"https:\/\/www.hanawa-origami.com\/index.php\/produit\/suspension-mobile-origami-beige-rose\/","og_locale":"fr_FR","og_type":"article","og_title":"Suspension mobile origami Beige & Rose | HANAWA ORIGAMI","og_description":"Aussi l\u00e9g\u00e8re qu'une envol\u00e9e de papillons pour cette suspension dans les couleurs beige et rose. L'association de papiers washi dans des tons chauds et poudr\u00e9s apportera une touche de po\u00e9sie \u00e0 la d\u00e9coration de la chambre.","og_url":"https:\/\/www.hanawa-origami.com\/index.php\/produit\/suspension-mobile-origami-beige-rose\/","og_site_name":"HANAWA ORIGAMI","article_modified_time":"2024-12-10T08:58:15+00:00","og_image":[{"width":1024,"height":1024,"url":"https:\/\/www.hanawa-origami.com\/wp-content\/uploads\/2022\/12\/rose-beige.jpg","type":"image\/jpeg"}],"twitter_card":"summary_large_image","twitter_misc":{"Dur\u00e9e de lecture estim\u00e9e":"1 minute"},"schema":{"@context":"https:\/\/schema.org","@graph":[{"@type":"WebPage","@id":"https:\/\/www.hanawa-origami.com\/index.php\/produit\/suspension-mobile-origami-beige-rose\/","url":"https:\/\/www.hanawa-origami.com\/index.php\/produit\/suspension-mobile-origami-beige-rose\/","name":"Suspension mobile origami Beige & Rose | HANAWA ORIGAMI","isPartOf":{"@id":"https:\/\/www.hanawa-origami.com\/#website"},"primaryImageOfPage":{"@id":"https:\/\/www.hanawa-origami.com\/index.php\/produit\/suspension-mobile-origami-beige-rose\/#primaryimage"},"image":{"@id":"https:\/\/www.hanawa-origami.com\/index.php\/produit\/suspension-mobile-origami-beige-rose\/#primaryimage"},"thumbnailUrl":"https:\/\/www.hanawa-origami.com\/wp-content\/uploads\/2022\/12\/rose-beige.jpg","datePublished":"2022-12-12T08:39:30+00:00","dateModified":"2024-12-10T08:58:15+00:00","description":"Aussi l\u00e9g\u00e8re qu'une envol\u00e9e de papillons pour cette suspension dans les couleurs beige et rose. L'association de papiers washi dans des tons chauds et poudr\u00e9s apportera une touche de po\u00e9sie \u00e0 la d\u00e9coration de la chambre.","breadcrumb":{"@id":"https:\/\/www.hanawa-origami.com\/index.php\/produit\/suspension-mobile-origami-beige-rose\/#breadcrumb"},"inLanguage":"fr-FR","potentialAction":[{"@type":"ReadAction","target":["https:\/\/www.hanawa-origami.com\/index.php\/produit\/suspension-mobile-origami-beige-rose\/"]}]},{"@type":"ImageObject","inLanguage":"fr-FR","@id":"https:\/\/www.hanawa-origami.com\/index.php\/produit\/suspension-mobile-origami-beige-rose\/#primaryimage","url":"https:\/\/www.hanawa-origami.com\/wp-content\/uploads\/2022\/12\/rose-beige.jpg","contentUrl":"https:\/\/www.hanawa-origami.com\/wp-content\/uploads\/2022\/12\/rose-beige.jpg","width":1024,"height":1024},{"@type":"BreadcrumbList","@id":"https:\/\/www.hanawa-origami.com\/index.php\/produit\/suspension-mobile-origami-beige-rose\/#breadcrumb","itemListElement":[{"@type":"ListItem","position":1,"name":"Accueil","item":"https:\/\/www.hanawa-origami.com\/"},{"@type":"ListItem","position":2,"name":"Cr\u00e9ations","item":"https:\/\/www.hanawa-origami.com\/index.php\/shop\/"},{"@type":"ListItem","position":3,"name":"Suspensions","item":"https:\/\/www.hanawa-origami.com\/index.php\/categorie-produit\/suspension\/"},{"@type":"ListItem","position":4,"name":"Suspension mobile origami Beige &#038; Rose"}]},{"@type":"WebSite","@id":"https:\/\/www.hanawa-origami.com\/#website","url":"https:\/\/www.hanawa-origami.com\/","name":"Hanawa Origami","description":"","publisher":{"@id":"https:\/\/www.hanawa-origami.com\/#organization"},"potentialAction":[{"@type":"SearchAction","target":{"@type":"EntryPoint","urlTemplate":"https:\/\/www.hanawa-origami.com\/?s={search_term_string}"},"query-input":{"@type":"PropertyValueSpecification","valueRequired":true,"valueName":"search_term_string"}}],"inLanguage":"fr-FR"},{"@type":"Organization","@id":"https:\/\/www.hanawa-origami.com\/#organization","name":"hanawa-origami","url":"https:\/\/www.hanawa-origami.com\/","logo":{"@type":"ImageObject","inLanguage":"fr-FR","@id":"https:\/\/www.hanawa-origami.com\/#\/schema\/logo\/image\/","url":"https:\/\/www.hanawa-origami.com\/wp-content\/uploads\/2020\/06\/Logo-Hanawa_detoure-site.png","contentUrl":"https:\/\/www.hanawa-origami.com\/wp-content\/uploads\/2020\/06\/Logo-Hanawa_detoure-site.png","width":493,"height":338,"caption":"hanawa-origami"},"image":{"@id":"https:\/\/www.hanawa-origami.com\/#\/schema\/logo\/image\/"}}]}},"_links":{"self":[{"href":"https:\/\/www.hanawa-origami.com\/index.php\/wp-json\/wp\/v2\/product\/3157","targetHints":{"allow":["GET"]}}],"collection":[{"href":"https:\/\/www.hanawa-origami.com\/index.php\/wp-json\/wp\/v2\/product"}],"about":[{"href":"https:\/\/www.hanawa-origami.com\/index.php\/wp-json\/wp\/v2\/types\/product"}],"wp:featuredmedia":[{"embeddable":true,"href":"https:\/\/www.hanawa-origami.com\/index.php\/wp-json\/wp\/v2\/media\/3169"}],"wp:attachment":[{"href":"https:\/\/www.hanawa-origami.com\/index.php\/wp-json\/wp\/v2\/media?parent=3157"}],"wp:term":[{"taxonomy":"product_brand","embeddable":true,"href":"https:\/\/www.hanawa-origami.com\/index.php\/wp-json\/wp\/v2\/product_brand?post=3157"},{"taxonomy":"product_cat","embeddable":true,"href":"https:\/\/www.hanawa-origami.com\/index.php\/wp-json\/wp\/v2\/product_cat?post=3157"},{"taxonomy":"product_tag","embeddable":true,"href":"https:\/\/www.hanawa-origami.com\/index.php\/wp-json\/wp\/v2\/product_tag?post=3157"}],"curies":[{"name":"wp","href":"https:\/\/api.w.org\/{rel}","templated":true}]}}