{"id":2817,"date":"2021-12-11T09:32:19","date_gmt":"2021-12-11T00:32:19","guid":{"rendered":"https:\/\/www.hanawa-origami.com\/?post_type=product&#038;p=2817"},"modified":"2021-12-11T09:39:46","modified_gmt":"2021-12-11T00:39:46","slug":"coffret-1-boule-de-noel-origami-diamant","status":"publish","type":"product","link":"https:\/\/www.hanawa-origami.com\/index.php\/produit\/coffret-1-boule-de-noel-origami-diamant\/","title":{"rendered":"Coffret 1 boule de No\u00ebl &#8211; Origami Diamant"},"content":{"rendered":"<p>Donn\u00e9es Techniques :<\/p>\n<ul>\n<li>Encombrement total : env 8 cm de diam\u00e8tre<\/li>\n<li>Veuillez noter que chaque produit est r\u00e9alis\u00e9 \u00e0 la main et est un mod\u00e8le unique. Il est donc possible que le produit livr\u00e9 diff\u00e8re l\u00e9g\u00e8rement de la photo apparaissant sur le site, la d\u00e9coupe et le pliage des papiers washi amenant de subtiles diff\u00e9rences.<\/li>\n<\/ul>\n<p>&nbsp;<\/p>\n<p>Conditions d&rsquo;utilisation :<\/p>\n<ul>\n<li>Attention : cette cr\u00e9ation n&rsquo;est pas \u00e0 laisser \u00e0 la port\u00e9e des enfants. Les perles ou autres petits \u00e9l\u00e9ments, si arrach\u00e9s, peuvent \u00eatre aval\u00e9s par de jeunes enfants.<\/li>\n<li>Afin de pr\u00e9server les couleurs d&rsquo;origine, cette cr\u00e9ation devra \u00eatre prot\u00e9g\u00e9e de la pluie et des rayons directs du soleil pour les pr\u00e9server.<\/li>\n<\/ul>\n<p>&nbsp;<\/p>\n<p>Retrouvez tous nos mod\u00e8les de couronnes de No\u00ebl par <a href=\"https:\/\/www.hanawa-origami.com\/index.php\/couronnes\/\" target=\"_blank\" rel=\"noopener noreferrer\">ici<\/a>!<\/p>\n","protected":false},"excerpt":{"rendered":"<h4>Pour un sapin tout en l\u00e9g\u00e8ret\u00e9, 1 boule de No\u00ebl en origami diamant. Travaill\u00e9es avec des papiers washi aux couleurs chatoyantes et lumineuses, cette d\u00e9coration de No\u00ebl apportera un cachet japonisant \u00e0 votre sapin ! 2 perles de verre et une attache dor\u00e9e donnent \u00e0 ces d\u00e9corations une jolie finition.<\/h4>\n<p>Vendue avec sa boite cadeau en papier kraft, elle sera facile \u00e0 transporter et \u00e0 envoyer et fera un joli cadeau souvenir au Japon.<\/p>\n<p>Choisissez la couleur dominante que vous souhaitez (blanc, moir\u00e9e, rouge, bleu, or, argent, noir ou rose) je vous partagerai les boules disponibles ou vous proposerai de vous la fabriquer.<\/p>\n<p>Pour une d\u00e9coration de No\u00ebl unique et originale.<\/p>\n<p>R\u00e9f\u00e9rence : BO0003<\/p>\n","protected":false},"featured_media":2818,"template":"","meta":{"_monsterinsights_skip_tracking":false,"_monsterinsights_sitenote_active":false,"_monsterinsights_sitenote_note":"","_monsterinsights_sitenote_category":0,"ocean_post_layout":"","ocean_both_sidebars_style":"","ocean_both_sidebars_content_width":0,"ocean_both_sidebars_sidebars_width":0,"ocean_sidebar":"0","ocean_second_sidebar":"0","ocean_disable_margins":"enable","ocean_add_body_class":"","ocean_shortcode_before_top_bar":"","ocean_shortcode_after_top_bar":"","ocean_shortcode_before_header":"","ocean_shortcode_after_header":"","ocean_has_shortcode":"","ocean_shortcode_after_title":"","ocean_shortcode_before_footer_widgets":"","ocean_shortcode_after_footer_widgets":"","ocean_shortcode_before_footer_bottom":"","ocean_shortcode_after_footer_bottom":"","ocean_display_top_bar":"default","ocean_display_header":"default","ocean_header_style":"","ocean_center_header_left_menu":"0","ocean_custom_header_template":"0","ocean_custom_logo":0,"ocean_custom_retina_logo":0,"ocean_custom_logo_max_width":0,"ocean_custom_logo_tablet_max_width":0,"ocean_custom_logo_mobile_max_width":0,"ocean_custom_logo_max_height":0,"ocean_custom_logo_tablet_max_height":0,"ocean_custom_logo_mobile_max_height":0,"ocean_header_custom_menu":"0","ocean_menu_typo_font_family":"0","ocean_menu_typo_font_subset":"","ocean_menu_typo_font_size":0,"ocean_menu_typo_font_size_tablet":0,"ocean_menu_typo_font_size_mobile":0,"ocean_menu_typo_font_size_unit":"px","ocean_menu_typo_font_weight":"","ocean_menu_typo_font_weight_tablet":"","ocean_menu_typo_font_weight_mobile":"","ocean_menu_typo_transform":"","ocean_menu_typo_transform_tablet":"","ocean_menu_typo_transform_mobile":"","ocean_menu_typo_line_height":0,"ocean_menu_typo_line_height_tablet":0,"ocean_menu_typo_line_height_mobile":0,"ocean_menu_typo_line_height_unit":"","ocean_menu_typo_spacing":0,"ocean_menu_typo_spacing_tablet":0,"ocean_menu_typo_spacing_mobile":0,"ocean_menu_typo_spacing_unit":"","ocean_menu_link_color":"","ocean_menu_link_color_hover":"","ocean_menu_link_color_active":"","ocean_menu_link_background":"","ocean_menu_link_hover_background":"","ocean_menu_link_active_background":"","ocean_menu_social_links_bg":"","ocean_menu_social_hover_links_bg":"","ocean_menu_social_links_color":"","ocean_menu_social_hover_links_color":"","ocean_disable_title":"default","ocean_disable_heading":"default","ocean_post_title":"","ocean_post_subheading":"","ocean_post_title_style":"","ocean_post_title_background_color":"","ocean_post_title_background":0,"ocean_post_title_bg_image_position":"","ocean_post_title_bg_image_attachment":"","ocean_post_title_bg_image_repeat":"","ocean_post_title_bg_image_size":"","ocean_post_title_height":0,"ocean_post_title_bg_overlay":0.5,"ocean_post_title_bg_overlay_color":"","ocean_disable_breadcrumbs":"default","ocean_breadcrumbs_color":"","ocean_breadcrumbs_separator_color":"","ocean_breadcrumbs_links_color":"","ocean_breadcrumbs_links_hover_color":"","ocean_display_footer_widgets":"default","ocean_display_footer_bottom":"default","ocean_custom_footer_template":"0"},"product_brand":[],"product_cat":[113],"product_tag":[154,45,58,153,115,151,41],"class_list":{"0":"post-2817","1":"product","2":"type-product","3":"status-publish","4":"has-post-thumbnail","6":"product_cat-noel","7":"product_tag-argent","8":"product_tag-blanc","9":"product_tag-bleu","10":"product_tag-boule","11":"product_tag-noel","12":"product_tag-or","13":"product_tag-rouge","14":"product_shipping_class-colis-suivi-moins-250g","16":"entry","17":"has-media","19":"first","20":"instock","21":"shipping-taxable","22":"purchasable","23":"product-type-simple","24":"has-product-nav","25":"col","26":"span_1_of_2","27":"owp-content-center","28":"owp-thumbs-layout-horizontal","29":"owp-btn-normal","30":"owp-tabs-layout-horizontal"},"yoast_head":"<!-- This site is optimized with the Yoast SEO plugin v25.3.1 - https:\/\/yoast.com\/wordpress\/plugins\/seo\/ -->\n<title>Coffret 1 boule de No\u00ebl - Origami Diamant | HANAWA ORIGAMI<\/title>\n<meta name=\"description\" content=\"Pour un sapin tout en l\u00e9g\u00e8ret\u00e9, 1 boule de No\u00ebl en origami diamant. Travaill\u00e9es avec des papiers washi aux couleurs chatoyantes et lumineuses, cette d\u00e9coration de No\u00ebl apportera un cachet japonisant \u00e0 votre sapin !\" \/>\n<meta name=\"robots\" content=\"index, follow, max-snippet:-1, max-image-preview:large, max-video-preview:-1\" \/>\n<link rel=\"canonical\" href=\"https:\/\/www.hanawa-origami.com\/index.php\/produit\/coffret-1-boule-de-noel-origami-diamant\/\" \/>\n<meta property=\"og:locale\" content=\"fr_FR\" \/>\n<meta property=\"og:type\" content=\"article\" \/>\n<meta property=\"og:title\" content=\"Coffret 1 boule de No\u00ebl - Origami Diamant | HANAWA ORIGAMI\" \/>\n<meta property=\"og:description\" content=\"Pour un sapin tout en l\u00e9g\u00e8ret\u00e9, 1 boule de No\u00ebl en origami diamant. Travaill\u00e9es avec des papiers washi aux couleurs chatoyantes et lumineuses, cette d\u00e9coration de No\u00ebl apportera un cachet japonisant \u00e0 votre sapin !\" \/>\n<meta property=\"og:url\" content=\"https:\/\/www.hanawa-origami.com\/index.php\/produit\/coffret-1-boule-de-noel-origami-diamant\/\" \/>\n<meta property=\"og:site_name\" content=\"HANAWA ORIGAMI\" \/>\n<meta property=\"article:modified_time\" content=\"2021-12-11T00:39:46+00:00\" \/>\n<meta property=\"og:image\" content=\"https:\/\/www.hanawa-origami.com\/wp-content\/uploads\/2021\/12\/WhatsApp-Image-2021-12-11-at-08.54.06-1.jpeg\" \/>\n\t<meta property=\"og:image:width\" content=\"1023\" \/>\n\t<meta property=\"og:image:height\" content=\"1022\" \/>\n\t<meta property=\"og:image:type\" content=\"image\/jpeg\" \/>\n<meta name=\"twitter:card\" content=\"summary_large_image\" \/>\n<meta name=\"twitter:label1\" content=\"Dur\u00e9e de lecture estim\u00e9e\" \/>\n\t<meta name=\"twitter:data1\" content=\"1 minute\" \/>\n<script type=\"application\/ld+json\" class=\"yoast-schema-graph\">{\"@context\":\"https:\/\/schema.org\",\"@graph\":[{\"@type\":\"WebPage\",\"@id\":\"https:\/\/www.hanawa-origami.com\/index.php\/produit\/coffret-1-boule-de-noel-origami-diamant\/\",\"url\":\"https:\/\/www.hanawa-origami.com\/index.php\/produit\/coffret-1-boule-de-noel-origami-diamant\/\",\"name\":\"Coffret 1 boule de No\u00ebl - Origami Diamant | HANAWA ORIGAMI\",\"isPartOf\":{\"@id\":\"https:\/\/www.hanawa-origami.com\/#website\"},\"primaryImageOfPage\":{\"@id\":\"https:\/\/www.hanawa-origami.com\/index.php\/produit\/coffret-1-boule-de-noel-origami-diamant\/#primaryimage\"},\"image\":{\"@id\":\"https:\/\/www.hanawa-origami.com\/index.php\/produit\/coffret-1-boule-de-noel-origami-diamant\/#primaryimage\"},\"thumbnailUrl\":\"https:\/\/www.hanawa-origami.com\/wp-content\/uploads\/2021\/12\/WhatsApp-Image-2021-12-11-at-08.54.06-1.jpeg\",\"datePublished\":\"2021-12-11T00:32:19+00:00\",\"dateModified\":\"2021-12-11T00:39:46+00:00\",\"description\":\"Pour un sapin tout en l\u00e9g\u00e8ret\u00e9, 1 boule de No\u00ebl en origami diamant. Travaill\u00e9es avec des papiers washi aux couleurs chatoyantes et lumineuses, cette d\u00e9coration de No\u00ebl apportera un cachet japonisant \u00e0 votre sapin !\",\"breadcrumb\":{\"@id\":\"https:\/\/www.hanawa-origami.com\/index.php\/produit\/coffret-1-boule-de-noel-origami-diamant\/#breadcrumb\"},\"inLanguage\":\"fr-FR\",\"potentialAction\":[{\"@type\":\"ReadAction\",\"target\":[\"https:\/\/www.hanawa-origami.com\/index.php\/produit\/coffret-1-boule-de-noel-origami-diamant\/\"]}]},{\"@type\":\"ImageObject\",\"inLanguage\":\"fr-FR\",\"@id\":\"https:\/\/www.hanawa-origami.com\/index.php\/produit\/coffret-1-boule-de-noel-origami-diamant\/#primaryimage\",\"url\":\"https:\/\/www.hanawa-origami.com\/wp-content\/uploads\/2021\/12\/WhatsApp-Image-2021-12-11-at-08.54.06-1.jpeg\",\"contentUrl\":\"https:\/\/www.hanawa-origami.com\/wp-content\/uploads\/2021\/12\/WhatsApp-Image-2021-12-11-at-08.54.06-1.jpeg\",\"width\":1023,\"height\":1022},{\"@type\":\"BreadcrumbList\",\"@id\":\"https:\/\/www.hanawa-origami.com\/index.php\/produit\/coffret-1-boule-de-noel-origami-diamant\/#breadcrumb\",\"itemListElement\":[{\"@type\":\"ListItem\",\"position\":1,\"name\":\"Accueil\",\"item\":\"https:\/\/www.hanawa-origami.com\/\"},{\"@type\":\"ListItem\",\"position\":2,\"name\":\"Cr\u00e9ations\",\"item\":\"https:\/\/www.hanawa-origami.com\/index.php\/shop\/\"},{\"@type\":\"ListItem\",\"position\":3,\"name\":\"No\u00ebl\",\"item\":\"https:\/\/www.hanawa-origami.com\/index.php\/categorie-produit\/noel\/\"},{\"@type\":\"ListItem\",\"position\":4,\"name\":\"Coffret 1 boule de No\u00ebl &#8211; Origami Diamant\"}]},{\"@type\":\"WebSite\",\"@id\":\"https:\/\/www.hanawa-origami.com\/#website\",\"url\":\"https:\/\/www.hanawa-origami.com\/\",\"name\":\"Hanawa Origami\",\"description\":\"\",\"publisher\":{\"@id\":\"https:\/\/www.hanawa-origami.com\/#organization\"},\"potentialAction\":[{\"@type\":\"SearchAction\",\"target\":{\"@type\":\"EntryPoint\",\"urlTemplate\":\"https:\/\/www.hanawa-origami.com\/?s={search_term_string}\"},\"query-input\":{\"@type\":\"PropertyValueSpecification\",\"valueRequired\":true,\"valueName\":\"search_term_string\"}}],\"inLanguage\":\"fr-FR\"},{\"@type\":\"Organization\",\"@id\":\"https:\/\/www.hanawa-origami.com\/#organization\",\"name\":\"hanawa-origami\",\"url\":\"https:\/\/www.hanawa-origami.com\/\",\"logo\":{\"@type\":\"ImageObject\",\"inLanguage\":\"fr-FR\",\"@id\":\"https:\/\/www.hanawa-origami.com\/#\/schema\/logo\/image\/\",\"url\":\"https:\/\/www.hanawa-origami.com\/wp-content\/uploads\/2020\/06\/Logo-Hanawa_detoure-site.png\",\"contentUrl\":\"https:\/\/www.hanawa-origami.com\/wp-content\/uploads\/2020\/06\/Logo-Hanawa_detoure-site.png\",\"width\":493,\"height\":338,\"caption\":\"hanawa-origami\"},\"image\":{\"@id\":\"https:\/\/www.hanawa-origami.com\/#\/schema\/logo\/image\/\"}}]}<\/script>\n<!-- \/ Yoast SEO plugin. -->","yoast_head_json":{"title":"Coffret 1 boule de No\u00ebl - Origami Diamant | HANAWA ORIGAMI","description":"Pour un sapin tout en l\u00e9g\u00e8ret\u00e9, 1 boule de No\u00ebl en origami diamant. Travaill\u00e9es avec des papiers washi aux couleurs chatoyantes et lumineuses, cette d\u00e9coration de No\u00ebl apportera un cachet japonisant \u00e0 votre sapin !","robots":{"index":"index","follow":"follow","max-snippet":"max-snippet:-1","max-image-preview":"max-image-preview:large","max-video-preview":"max-video-preview:-1"},"canonical":"https:\/\/www.hanawa-origami.com\/index.php\/produit\/coffret-1-boule-de-noel-origami-diamant\/","og_locale":"fr_FR","og_type":"article","og_title":"Coffret 1 boule de No\u00ebl - Origami Diamant | HANAWA ORIGAMI","og_description":"Pour un sapin tout en l\u00e9g\u00e8ret\u00e9, 1 boule de No\u00ebl en origami diamant. Travaill\u00e9es avec des papiers washi aux couleurs chatoyantes et lumineuses, cette d\u00e9coration de No\u00ebl apportera un cachet japonisant \u00e0 votre sapin !","og_url":"https:\/\/www.hanawa-origami.com\/index.php\/produit\/coffret-1-boule-de-noel-origami-diamant\/","og_site_name":"HANAWA ORIGAMI","article_modified_time":"2021-12-11T00:39:46+00:00","og_image":[{"width":1023,"height":1022,"url":"https:\/\/www.hanawa-origami.com\/wp-content\/uploads\/2021\/12\/WhatsApp-Image-2021-12-11-at-08.54.06-1.jpeg","type":"image\/jpeg"}],"twitter_card":"summary_large_image","twitter_misc":{"Dur\u00e9e de lecture estim\u00e9e":"1 minute"},"schema":{"@context":"https:\/\/schema.org","@graph":[{"@type":"WebPage","@id":"https:\/\/www.hanawa-origami.com\/index.php\/produit\/coffret-1-boule-de-noel-origami-diamant\/","url":"https:\/\/www.hanawa-origami.com\/index.php\/produit\/coffret-1-boule-de-noel-origami-diamant\/","name":"Coffret 1 boule de No\u00ebl - Origami Diamant | HANAWA ORIGAMI","isPartOf":{"@id":"https:\/\/www.hanawa-origami.com\/#website"},"primaryImageOfPage":{"@id":"https:\/\/www.hanawa-origami.com\/index.php\/produit\/coffret-1-boule-de-noel-origami-diamant\/#primaryimage"},"image":{"@id":"https:\/\/www.hanawa-origami.com\/index.php\/produit\/coffret-1-boule-de-noel-origami-diamant\/#primaryimage"},"thumbnailUrl":"https:\/\/www.hanawa-origami.com\/wp-content\/uploads\/2021\/12\/WhatsApp-Image-2021-12-11-at-08.54.06-1.jpeg","datePublished":"2021-12-11T00:32:19+00:00","dateModified":"2021-12-11T00:39:46+00:00","description":"Pour un sapin tout en l\u00e9g\u00e8ret\u00e9, 1 boule de No\u00ebl en origami diamant. Travaill\u00e9es avec des papiers washi aux couleurs chatoyantes et lumineuses, cette d\u00e9coration de No\u00ebl apportera un cachet japonisant \u00e0 votre sapin !","breadcrumb":{"@id":"https:\/\/www.hanawa-origami.com\/index.php\/produit\/coffret-1-boule-de-noel-origami-diamant\/#breadcrumb"},"inLanguage":"fr-FR","potentialAction":[{"@type":"ReadAction","target":["https:\/\/www.hanawa-origami.com\/index.php\/produit\/coffret-1-boule-de-noel-origami-diamant\/"]}]},{"@type":"ImageObject","inLanguage":"fr-FR","@id":"https:\/\/www.hanawa-origami.com\/index.php\/produit\/coffret-1-boule-de-noel-origami-diamant\/#primaryimage","url":"https:\/\/www.hanawa-origami.com\/wp-content\/uploads\/2021\/12\/WhatsApp-Image-2021-12-11-at-08.54.06-1.jpeg","contentUrl":"https:\/\/www.hanawa-origami.com\/wp-content\/uploads\/2021\/12\/WhatsApp-Image-2021-12-11-at-08.54.06-1.jpeg","width":1023,"height":1022},{"@type":"BreadcrumbList","@id":"https:\/\/www.hanawa-origami.com\/index.php\/produit\/coffret-1-boule-de-noel-origami-diamant\/#breadcrumb","itemListElement":[{"@type":"ListItem","position":1,"name":"Accueil","item":"https:\/\/www.hanawa-origami.com\/"},{"@type":"ListItem","position":2,"name":"Cr\u00e9ations","item":"https:\/\/www.hanawa-origami.com\/index.php\/shop\/"},{"@type":"ListItem","position":3,"name":"No\u00ebl","item":"https:\/\/www.hanawa-origami.com\/index.php\/categorie-produit\/noel\/"},{"@type":"ListItem","position":4,"name":"Coffret 1 boule de No\u00ebl &#8211; Origami Diamant"}]},{"@type":"WebSite","@id":"https:\/\/www.hanawa-origami.com\/#website","url":"https:\/\/www.hanawa-origami.com\/","name":"Hanawa Origami","description":"","publisher":{"@id":"https:\/\/www.hanawa-origami.com\/#organization"},"potentialAction":[{"@type":"SearchAction","target":{"@type":"EntryPoint","urlTemplate":"https:\/\/www.hanawa-origami.com\/?s={search_term_string}"},"query-input":{"@type":"PropertyValueSpecification","valueRequired":true,"valueName":"search_term_string"}}],"inLanguage":"fr-FR"},{"@type":"Organization","@id":"https:\/\/www.hanawa-origami.com\/#organization","name":"hanawa-origami","url":"https:\/\/www.hanawa-origami.com\/","logo":{"@type":"ImageObject","inLanguage":"fr-FR","@id":"https:\/\/www.hanawa-origami.com\/#\/schema\/logo\/image\/","url":"https:\/\/www.hanawa-origami.com\/wp-content\/uploads\/2020\/06\/Logo-Hanawa_detoure-site.png","contentUrl":"https:\/\/www.hanawa-origami.com\/wp-content\/uploads\/2020\/06\/Logo-Hanawa_detoure-site.png","width":493,"height":338,"caption":"hanawa-origami"},"image":{"@id":"https:\/\/www.hanawa-origami.com\/#\/schema\/logo\/image\/"}}]}},"_links":{"self":[{"href":"https:\/\/www.hanawa-origami.com\/index.php\/wp-json\/wp\/v2\/product\/2817","targetHints":{"allow":["GET"]}}],"collection":[{"href":"https:\/\/www.hanawa-origami.com\/index.php\/wp-json\/wp\/v2\/product"}],"about":[{"href":"https:\/\/www.hanawa-origami.com\/index.php\/wp-json\/wp\/v2\/types\/product"}],"wp:featuredmedia":[{"embeddable":true,"href":"https:\/\/www.hanawa-origami.com\/index.php\/wp-json\/wp\/v2\/media\/2818"}],"wp:attachment":[{"href":"https:\/\/www.hanawa-origami.com\/index.php\/wp-json\/wp\/v2\/media?parent=2817"}],"wp:term":[{"taxonomy":"product_brand","embeddable":true,"href":"https:\/\/www.hanawa-origami.com\/index.php\/wp-json\/wp\/v2\/product_brand?post=2817"},{"taxonomy":"product_cat","embeddable":true,"href":"https:\/\/www.hanawa-origami.com\/index.php\/wp-json\/wp\/v2\/product_cat?post=2817"},{"taxonomy":"product_tag","embeddable":true,"href":"https:\/\/www.hanawa-origami.com\/index.php\/wp-json\/wp\/v2\/product_tag?post=2817"}],"curies":[{"name":"wp","href":"https:\/\/api.w.org\/{rel}","templated":true}]}}