{"id":2690,"date":"2021-10-06T22:01:29","date_gmt":"2021-10-06T20:01:29","guid":{"rendered":"https:\/\/www.hanawa-origami.com\/?post_type=product&#038;p=2690"},"modified":"2024-01-04T15:14:06","modified_gmt":"2024-01-04T14:14:06","slug":"grand-cadre-en-bois-fleurs-origami-vert-or","status":"publish","type":"product","link":"https:\/\/www.hanawa-origami.com\/index.php\/produit\/grand-cadre-en-bois-fleurs-origami-vert-or\/","title":{"rendered":"Grand Cadre en bois Fleurs origami &#8211; Vert &#038; Or"},"content":{"rendered":"<p>Donn\u00e9es Techniques :<\/p>\n<ul>\n<li>Encombrement total : 32 cm de c\u00f4t\u00e9 et 3,5 cm de profondeur<\/li>\n<li>\u00c9quip\u00e9 d&rsquo;une vitre en acrylique<\/li>\n<li>Veuillez noter que chaque produit est r\u00e9alis\u00e9 \u00e0 la main et est un mod\u00e8le unique. Il est donc possible que le produit livr\u00e9 diff\u00e8re l\u00e9g\u00e8rement de la photo apparaissant sur le site. La d\u00e9coupe et le pliage des papiers washi amenant de subtiles diff\u00e9rences.<\/li>\n<\/ul>\n<p>&nbsp;<\/p>\n<p>Conditions d&rsquo;utilisation :<\/p>\n<ul>\n<li>Attention : cette cr\u00e9ation n&rsquo;est pas \u00e0 laisser \u00e0 la port\u00e9e des enfants. Si le cadre tombe et se brise, il peut devenir dangereux pour un enfant.<\/li>\n<li>Afin de pr\u00e9server les couleurs d&rsquo;origine, cette cr\u00e9ation devra \u00eatre prot\u00e9g\u00e9e de la pluie et des rayons directs du soleil pour les pr\u00e9server.<\/li>\n<\/ul>\n<p>Nota : Photo prise sans la vitre en verre pour \u00e9viter les reflets<\/p>\n<p>Retrouvez tous nos mod\u00e8les de cadres par <a href=\"https:\/\/www.hanawa-origami.com\/index.php\/couronnes\/\" target=\"_blank\" rel=\"noopener noreferrer\">ici<\/a>!<\/p>\n<p><a href=\"https:\/\/www.hanawa-origami.com\/wp-content\/uploads\/2020\/10\/kimono-vert.jpg\"><img decoding=\"async\" class=\"alignnone wp-image-1268 size-thumbnail\" src=\"https:\/\/www.hanawa-origami.com\/wp-content\/uploads\/2020\/10\/kimono-vert-150x150.jpg\" alt=\"\" width=\"150\" height=\"150\" \/><\/a><\/p>\n<p>&nbsp;<\/p>\n","protected":false},"excerpt":{"rendered":"<h4>Grand cadre color\u00e9 pour ce champs de fleurs dans les tons Vert et Or. Les fleurs de sakura sont r\u00e9alis\u00e9es avec l&rsquo;harmonie de 4 papiers washi diff\u00e9rents aux motifs traditionnels japonais. Rehauss\u00e9 d&rsquo;un papier yuzen washi dor\u00e9, ce cadre pr\u00e9sente une touche contemporaine tout en respectant les codes japonais.<\/h4>\n<h4>Des perles de verre cousues au fil dor\u00e9 donnent une finition soign\u00e9e \u00e0 l&rsquo;ensemble. Les fleurs sont pos\u00e9es sur un cartonnage blanc textur\u00e9 contrastant avec les papiers color\u00e9s des fleurs.<\/h4>\n<p>Compos\u00e9e de 42 fleurs, soit 84 origami, ce cadre est enti\u00e8rement fait \u00e0 la main et n\u00e9cessite 7 heures de travail.<\/p>\n<p>De 32 cm de c\u00f4t\u00e9 avec une vitre en acrylique, il d\u00e9corera harmonieusement une chambre, une entr\u00e9e ou un salon. A offrir ou \u00e0 s&rsquo;offrir !<\/p>\n<p>Le cadre peut \u00eatre pos\u00e9 sur une console ou un rebord de fen\u00eatre ou \u00eatre fix\u00e9 sur un mur \u00e0 l&rsquo;aide d&rsquo;une cordelette (inclus).<\/p>\n<p>R\u00e9f\u00e9rence : CC0034<\/p>\n","protected":false},"featured_media":2694,"template":"","meta":{"_monsterinsights_skip_tracking":false,"_monsterinsights_sitenote_active":false,"_monsterinsights_sitenote_note":"","_monsterinsights_sitenote_category":0,"ocean_post_layout":"","ocean_both_sidebars_style":"","ocean_both_sidebars_content_width":0,"ocean_both_sidebars_sidebars_width":0,"ocean_sidebar":"0","ocean_second_sidebar":"0","ocean_disable_margins":"enable","ocean_add_body_class":"","ocean_shortcode_before_top_bar":"","ocean_shortcode_after_top_bar":"","ocean_shortcode_before_header":"","ocean_shortcode_after_header":"","ocean_has_shortcode":"","ocean_shortcode_after_title":"","ocean_shortcode_before_footer_widgets":"","ocean_shortcode_after_footer_widgets":"","ocean_shortcode_before_footer_bottom":"","ocean_shortcode_after_footer_bottom":"","ocean_display_top_bar":"default","ocean_display_header":"default","ocean_header_style":"","ocean_center_header_left_menu":"0","ocean_custom_header_template":"0","ocean_custom_logo":0,"ocean_custom_retina_logo":0,"ocean_custom_logo_max_width":0,"ocean_custom_logo_tablet_max_width":0,"ocean_custom_logo_mobile_max_width":0,"ocean_custom_logo_max_height":0,"ocean_custom_logo_tablet_max_height":0,"ocean_custom_logo_mobile_max_height":0,"ocean_header_custom_menu":"0","ocean_menu_typo_font_family":"0","ocean_menu_typo_font_subset":"","ocean_menu_typo_font_size":0,"ocean_menu_typo_font_size_tablet":0,"ocean_menu_typo_font_size_mobile":0,"ocean_menu_typo_font_size_unit":"px","ocean_menu_typo_font_weight":"","ocean_menu_typo_font_weight_tablet":"","ocean_menu_typo_font_weight_mobile":"","ocean_menu_typo_transform":"","ocean_menu_typo_transform_tablet":"","ocean_menu_typo_transform_mobile":"","ocean_menu_typo_line_height":0,"ocean_menu_typo_line_height_tablet":0,"ocean_menu_typo_line_height_mobile":0,"ocean_menu_typo_line_height_unit":"","ocean_menu_typo_spacing":0,"ocean_menu_typo_spacing_tablet":0,"ocean_menu_typo_spacing_mobile":0,"ocean_menu_typo_spacing_unit":"","ocean_menu_link_color":"","ocean_menu_link_color_hover":"","ocean_menu_link_color_active":"","ocean_menu_link_background":"","ocean_menu_link_hover_background":"","ocean_menu_link_active_background":"","ocean_menu_social_links_bg":"","ocean_menu_social_hover_links_bg":"","ocean_menu_social_links_color":"","ocean_menu_social_hover_links_color":"","ocean_disable_title":"default","ocean_disable_heading":"default","ocean_post_title":"","ocean_post_subheading":"","ocean_post_title_style":"","ocean_post_title_background_color":"","ocean_post_title_background":0,"ocean_post_title_bg_image_position":"","ocean_post_title_bg_image_attachment":"","ocean_post_title_bg_image_repeat":"","ocean_post_title_bg_image_size":"","ocean_post_title_height":0,"ocean_post_title_bg_overlay":0.5,"ocean_post_title_bg_overlay_color":"","ocean_disable_breadcrumbs":"default","ocean_breadcrumbs_color":"","ocean_breadcrumbs_separator_color":"","ocean_breadcrumbs_links_color":"","ocean_breadcrumbs_links_hover_color":"","ocean_display_footer_widgets":"default","ocean_display_footer_bottom":"default","ocean_custom_footer_template":"0"},"product_brand":[],"product_cat":[29],"product_tag":[45,114,105,53,40,50,78,52],"class_list":{"0":"post-2690","1":"product","2":"type-product","3":"status-publish","4":"has-post-thumbnail","6":"product_cat-cadres","7":"product_tag-blanc","8":"product_tag-bois","9":"product_tag-bordeau","10":"product_tag-cadre","11":"product_tag-fleurs","12":"product_tag-moutarde","13":"product_tag-perle","14":"product_tag-vert","15":"product_shipping_class-colis-suivi-moins-2kg","17":"entry","18":"has-media","20":"first","21":"onbackorder","22":"shipping-taxable","23":"purchasable","24":"product-type-simple","25":"has-product-nav","26":"col","27":"span_1_of_2","28":"owp-content-center","29":"owp-thumbs-layout-horizontal","30":"owp-btn-normal","31":"owp-tabs-layout-horizontal"},"yoast_head":"<!-- This site is optimized with the Yoast SEO plugin v25.3.1 - https:\/\/yoast.com\/wordpress\/plugins\/seo\/ -->\n<title>Grand Cadre en bois Fleurs origami - Vert &amp; Or | HANAWA ORIGAMI<\/title>\n<meta name=\"description\" content=\"Grand cadre color\u00e9 pour ce champs de fleurs dans les tons Vert et Or. Les fleurs de sakura sont r\u00e9alis\u00e9es avec l&#039;harmonie de 4 papiers washi diff\u00e9rents aux motifs traditionnels japonais. Rehauss\u00e9 d&#039;un papier yuzen washi dor\u00e9, ce cadre pr\u00e9sente une touche contemporaine tout en respectant les codes japonais.\u00a0\" \/>\n<meta name=\"robots\" content=\"index, follow, max-snippet:-1, max-image-preview:large, max-video-preview:-1\" \/>\n<link rel=\"canonical\" href=\"https:\/\/www.hanawa-origami.com\/index.php\/produit\/grand-cadre-en-bois-fleurs-origami-vert-or\/\" \/>\n<meta property=\"og:locale\" content=\"fr_FR\" \/>\n<meta property=\"og:type\" content=\"article\" \/>\n<meta property=\"og:title\" content=\"Grand Cadre en bois Fleurs origami - Vert &amp; Or | HANAWA ORIGAMI\" \/>\n<meta property=\"og:description\" content=\"Grand cadre color\u00e9 pour ce champs de fleurs dans les tons Vert et Or. Les fleurs de sakura sont r\u00e9alis\u00e9es avec l&#039;harmonie de 4 papiers washi diff\u00e9rents aux motifs traditionnels japonais. Rehauss\u00e9 d&#039;un papier yuzen washi dor\u00e9, ce cadre pr\u00e9sente une touche contemporaine tout en respectant les codes japonais.\u00a0\" \/>\n<meta property=\"og:url\" content=\"https:\/\/www.hanawa-origami.com\/index.php\/produit\/grand-cadre-en-bois-fleurs-origami-vert-or\/\" \/>\n<meta property=\"og:site_name\" content=\"HANAWA ORIGAMI\" \/>\n<meta property=\"article:modified_time\" content=\"2024-01-04T14:14:06+00:00\" \/>\n<meta property=\"og:image\" content=\"https:\/\/www.hanawa-origami.com\/wp-content\/uploads\/2021\/10\/grand-cadre-vert-3.jpg\" \/>\n\t<meta property=\"og:image:width\" content=\"1024\" \/>\n\t<meta property=\"og:image:height\" content=\"1024\" \/>\n\t<meta property=\"og:image:type\" content=\"image\/jpeg\" \/>\n<meta name=\"twitter:card\" content=\"summary_large_image\" \/>\n<meta name=\"twitter:label1\" content=\"Dur\u00e9e de lecture estim\u00e9e\" \/>\n\t<meta name=\"twitter:data1\" content=\"1 minute\" \/>\n<script type=\"application\/ld+json\" class=\"yoast-schema-graph\">{\"@context\":\"https:\/\/schema.org\",\"@graph\":[{\"@type\":\"WebPage\",\"@id\":\"https:\/\/www.hanawa-origami.com\/index.php\/produit\/grand-cadre-en-bois-fleurs-origami-vert-or\/\",\"url\":\"https:\/\/www.hanawa-origami.com\/index.php\/produit\/grand-cadre-en-bois-fleurs-origami-vert-or\/\",\"name\":\"Grand Cadre en bois Fleurs origami - Vert & Or | HANAWA ORIGAMI\",\"isPartOf\":{\"@id\":\"https:\/\/www.hanawa-origami.com\/#website\"},\"primaryImageOfPage\":{\"@id\":\"https:\/\/www.hanawa-origami.com\/index.php\/produit\/grand-cadre-en-bois-fleurs-origami-vert-or\/#primaryimage\"},\"image\":{\"@id\":\"https:\/\/www.hanawa-origami.com\/index.php\/produit\/grand-cadre-en-bois-fleurs-origami-vert-or\/#primaryimage\"},\"thumbnailUrl\":\"https:\/\/www.hanawa-origami.com\/wp-content\/uploads\/2021\/10\/grand-cadre-vert-3.jpg\",\"datePublished\":\"2021-10-06T20:01:29+00:00\",\"dateModified\":\"2024-01-04T14:14:06+00:00\",\"description\":\"Grand cadre color\u00e9 pour ce champs de fleurs dans les tons Vert et Or. Les fleurs de sakura sont r\u00e9alis\u00e9es avec l'harmonie de 4 papiers washi diff\u00e9rents aux motifs traditionnels japonais. Rehauss\u00e9 d'un papier yuzen washi dor\u00e9, ce cadre pr\u00e9sente une touche contemporaine tout en respectant les codes japonais.\u00a0\",\"breadcrumb\":{\"@id\":\"https:\/\/www.hanawa-origami.com\/index.php\/produit\/grand-cadre-en-bois-fleurs-origami-vert-or\/#breadcrumb\"},\"inLanguage\":\"fr-FR\",\"potentialAction\":[{\"@type\":\"ReadAction\",\"target\":[\"https:\/\/www.hanawa-origami.com\/index.php\/produit\/grand-cadre-en-bois-fleurs-origami-vert-or\/\"]}]},{\"@type\":\"ImageObject\",\"inLanguage\":\"fr-FR\",\"@id\":\"https:\/\/www.hanawa-origami.com\/index.php\/produit\/grand-cadre-en-bois-fleurs-origami-vert-or\/#primaryimage\",\"url\":\"https:\/\/www.hanawa-origami.com\/wp-content\/uploads\/2021\/10\/grand-cadre-vert-3.jpg\",\"contentUrl\":\"https:\/\/www.hanawa-origami.com\/wp-content\/uploads\/2021\/10\/grand-cadre-vert-3.jpg\",\"width\":1024,\"height\":1024},{\"@type\":\"BreadcrumbList\",\"@id\":\"https:\/\/www.hanawa-origami.com\/index.php\/produit\/grand-cadre-en-bois-fleurs-origami-vert-or\/#breadcrumb\",\"itemListElement\":[{\"@type\":\"ListItem\",\"position\":1,\"name\":\"Accueil\",\"item\":\"https:\/\/www.hanawa-origami.com\/\"},{\"@type\":\"ListItem\",\"position\":2,\"name\":\"Cr\u00e9ations\",\"item\":\"https:\/\/www.hanawa-origami.com\/index.php\/shop\/\"},{\"@type\":\"ListItem\",\"position\":3,\"name\":\"Cadres\",\"item\":\"https:\/\/www.hanawa-origami.com\/index.php\/categorie-produit\/cadres\/\"},{\"@type\":\"ListItem\",\"position\":4,\"name\":\"Grand Cadre en bois Fleurs origami &#8211; Vert &#038; Or\"}]},{\"@type\":\"WebSite\",\"@id\":\"https:\/\/www.hanawa-origami.com\/#website\",\"url\":\"https:\/\/www.hanawa-origami.com\/\",\"name\":\"Hanawa Origami\",\"description\":\"\",\"publisher\":{\"@id\":\"https:\/\/www.hanawa-origami.com\/#organization\"},\"potentialAction\":[{\"@type\":\"SearchAction\",\"target\":{\"@type\":\"EntryPoint\",\"urlTemplate\":\"https:\/\/www.hanawa-origami.com\/?s={search_term_string}\"},\"query-input\":{\"@type\":\"PropertyValueSpecification\",\"valueRequired\":true,\"valueName\":\"search_term_string\"}}],\"inLanguage\":\"fr-FR\"},{\"@type\":\"Organization\",\"@id\":\"https:\/\/www.hanawa-origami.com\/#organization\",\"name\":\"hanawa-origami\",\"url\":\"https:\/\/www.hanawa-origami.com\/\",\"logo\":{\"@type\":\"ImageObject\",\"inLanguage\":\"fr-FR\",\"@id\":\"https:\/\/www.hanawa-origami.com\/#\/schema\/logo\/image\/\",\"url\":\"https:\/\/www.hanawa-origami.com\/wp-content\/uploads\/2020\/06\/Logo-Hanawa_detoure-site.png\",\"contentUrl\":\"https:\/\/www.hanawa-origami.com\/wp-content\/uploads\/2020\/06\/Logo-Hanawa_detoure-site.png\",\"width\":493,\"height\":338,\"caption\":\"hanawa-origami\"},\"image\":{\"@id\":\"https:\/\/www.hanawa-origami.com\/#\/schema\/logo\/image\/\"}}]}<\/script>\n<!-- \/ Yoast SEO plugin. -->","yoast_head_json":{"title":"Grand Cadre en bois Fleurs origami - Vert & Or | HANAWA ORIGAMI","description":"Grand cadre color\u00e9 pour ce champs de fleurs dans les tons Vert et Or. Les fleurs de sakura sont r\u00e9alis\u00e9es avec l'harmonie de 4 papiers washi diff\u00e9rents aux motifs traditionnels japonais. Rehauss\u00e9 d'un papier yuzen washi dor\u00e9, ce cadre pr\u00e9sente une touche contemporaine tout en respectant les codes japonais.\u00a0","robots":{"index":"index","follow":"follow","max-snippet":"max-snippet:-1","max-image-preview":"max-image-preview:large","max-video-preview":"max-video-preview:-1"},"canonical":"https:\/\/www.hanawa-origami.com\/index.php\/produit\/grand-cadre-en-bois-fleurs-origami-vert-or\/","og_locale":"fr_FR","og_type":"article","og_title":"Grand Cadre en bois Fleurs origami - Vert & Or | HANAWA ORIGAMI","og_description":"Grand cadre color\u00e9 pour ce champs de fleurs dans les tons Vert et Or. Les fleurs de sakura sont r\u00e9alis\u00e9es avec l'harmonie de 4 papiers washi diff\u00e9rents aux motifs traditionnels japonais. Rehauss\u00e9 d'un papier yuzen washi dor\u00e9, ce cadre pr\u00e9sente une touche contemporaine tout en respectant les codes japonais.\u00a0","og_url":"https:\/\/www.hanawa-origami.com\/index.php\/produit\/grand-cadre-en-bois-fleurs-origami-vert-or\/","og_site_name":"HANAWA ORIGAMI","article_modified_time":"2024-01-04T14:14:06+00:00","og_image":[{"width":1024,"height":1024,"url":"https:\/\/www.hanawa-origami.com\/wp-content\/uploads\/2021\/10\/grand-cadre-vert-3.jpg","type":"image\/jpeg"}],"twitter_card":"summary_large_image","twitter_misc":{"Dur\u00e9e de lecture estim\u00e9e":"1 minute"},"schema":{"@context":"https:\/\/schema.org","@graph":[{"@type":"WebPage","@id":"https:\/\/www.hanawa-origami.com\/index.php\/produit\/grand-cadre-en-bois-fleurs-origami-vert-or\/","url":"https:\/\/www.hanawa-origami.com\/index.php\/produit\/grand-cadre-en-bois-fleurs-origami-vert-or\/","name":"Grand Cadre en bois Fleurs origami - Vert & Or | HANAWA ORIGAMI","isPartOf":{"@id":"https:\/\/www.hanawa-origami.com\/#website"},"primaryImageOfPage":{"@id":"https:\/\/www.hanawa-origami.com\/index.php\/produit\/grand-cadre-en-bois-fleurs-origami-vert-or\/#primaryimage"},"image":{"@id":"https:\/\/www.hanawa-origami.com\/index.php\/produit\/grand-cadre-en-bois-fleurs-origami-vert-or\/#primaryimage"},"thumbnailUrl":"https:\/\/www.hanawa-origami.com\/wp-content\/uploads\/2021\/10\/grand-cadre-vert-3.jpg","datePublished":"2021-10-06T20:01:29+00:00","dateModified":"2024-01-04T14:14:06+00:00","description":"Grand cadre color\u00e9 pour ce champs de fleurs dans les tons Vert et Or. Les fleurs de sakura sont r\u00e9alis\u00e9es avec l'harmonie de 4 papiers washi diff\u00e9rents aux motifs traditionnels japonais. Rehauss\u00e9 d'un papier yuzen washi dor\u00e9, ce cadre pr\u00e9sente une touche contemporaine tout en respectant les codes japonais.\u00a0","breadcrumb":{"@id":"https:\/\/www.hanawa-origami.com\/index.php\/produit\/grand-cadre-en-bois-fleurs-origami-vert-or\/#breadcrumb"},"inLanguage":"fr-FR","potentialAction":[{"@type":"ReadAction","target":["https:\/\/www.hanawa-origami.com\/index.php\/produit\/grand-cadre-en-bois-fleurs-origami-vert-or\/"]}]},{"@type":"ImageObject","inLanguage":"fr-FR","@id":"https:\/\/www.hanawa-origami.com\/index.php\/produit\/grand-cadre-en-bois-fleurs-origami-vert-or\/#primaryimage","url":"https:\/\/www.hanawa-origami.com\/wp-content\/uploads\/2021\/10\/grand-cadre-vert-3.jpg","contentUrl":"https:\/\/www.hanawa-origami.com\/wp-content\/uploads\/2021\/10\/grand-cadre-vert-3.jpg","width":1024,"height":1024},{"@type":"BreadcrumbList","@id":"https:\/\/www.hanawa-origami.com\/index.php\/produit\/grand-cadre-en-bois-fleurs-origami-vert-or\/#breadcrumb","itemListElement":[{"@type":"ListItem","position":1,"name":"Accueil","item":"https:\/\/www.hanawa-origami.com\/"},{"@type":"ListItem","position":2,"name":"Cr\u00e9ations","item":"https:\/\/www.hanawa-origami.com\/index.php\/shop\/"},{"@type":"ListItem","position":3,"name":"Cadres","item":"https:\/\/www.hanawa-origami.com\/index.php\/categorie-produit\/cadres\/"},{"@type":"ListItem","position":4,"name":"Grand Cadre en bois Fleurs origami &#8211; Vert &#038; Or"}]},{"@type":"WebSite","@id":"https:\/\/www.hanawa-origami.com\/#website","url":"https:\/\/www.hanawa-origami.com\/","name":"Hanawa Origami","description":"","publisher":{"@id":"https:\/\/www.hanawa-origami.com\/#organization"},"potentialAction":[{"@type":"SearchAction","target":{"@type":"EntryPoint","urlTemplate":"https:\/\/www.hanawa-origami.com\/?s={search_term_string}"},"query-input":{"@type":"PropertyValueSpecification","valueRequired":true,"valueName":"search_term_string"}}],"inLanguage":"fr-FR"},{"@type":"Organization","@id":"https:\/\/www.hanawa-origami.com\/#organization","name":"hanawa-origami","url":"https:\/\/www.hanawa-origami.com\/","logo":{"@type":"ImageObject","inLanguage":"fr-FR","@id":"https:\/\/www.hanawa-origami.com\/#\/schema\/logo\/image\/","url":"https:\/\/www.hanawa-origami.com\/wp-content\/uploads\/2020\/06\/Logo-Hanawa_detoure-site.png","contentUrl":"https:\/\/www.hanawa-origami.com\/wp-content\/uploads\/2020\/06\/Logo-Hanawa_detoure-site.png","width":493,"height":338,"caption":"hanawa-origami"},"image":{"@id":"https:\/\/www.hanawa-origami.com\/#\/schema\/logo\/image\/"}}]}},"_links":{"self":[{"href":"https:\/\/www.hanawa-origami.com\/index.php\/wp-json\/wp\/v2\/product\/2690","targetHints":{"allow":["GET"]}}],"collection":[{"href":"https:\/\/www.hanawa-origami.com\/index.php\/wp-json\/wp\/v2\/product"}],"about":[{"href":"https:\/\/www.hanawa-origami.com\/index.php\/wp-json\/wp\/v2\/types\/product"}],"wp:featuredmedia":[{"embeddable":true,"href":"https:\/\/www.hanawa-origami.com\/index.php\/wp-json\/wp\/v2\/media\/2694"}],"wp:attachment":[{"href":"https:\/\/www.hanawa-origami.com\/index.php\/wp-json\/wp\/v2\/media?parent=2690"}],"wp:term":[{"taxonomy":"product_brand","embeddable":true,"href":"https:\/\/www.hanawa-origami.com\/index.php\/wp-json\/wp\/v2\/product_brand?post=2690"},{"taxonomy":"product_cat","embeddable":true,"href":"https:\/\/www.hanawa-origami.com\/index.php\/wp-json\/wp\/v2\/product_cat?post=2690"},{"taxonomy":"product_tag","embeddable":true,"href":"https:\/\/www.hanawa-origami.com\/index.php\/wp-json\/wp\/v2\/product_tag?post=2690"}],"curies":[{"name":"wp","href":"https:\/\/api.w.org\/{rel}","templated":true}]}}