{"id":1452,"date":"2021-01-20T22:55:57","date_gmt":"2021-01-20T21:55:57","guid":{"rendered":"https:\/\/www.hanawa-origami.com\/?post_type=product&#038;p=1452"},"modified":"2024-12-10T10:00:39","modified_gmt":"2024-12-10T09:00:39","slug":"suspension-origami-diamant-spirale-nuit-etoilee","status":"publish","type":"product","link":"https:\/\/www.hanawa-origami.com\/index.php\/produit\/suspension-origami-diamant-spirale-nuit-etoilee\/","title":{"rendered":"Suspension origami diamant spirale Nuit \u00e9toil\u00e9e"},"content":{"rendered":"<p>Donn\u00e9es Techniques :<\/p>\n<ul>\n<li>Encombrement total : environ 25 cm de diam\u00e8tre et 95 cm de hauteur<\/li>\n<li>Boite cadeau cartonn\u00e9e couleur papier kraft inclus<\/li>\n<li>Veuillez noter que chaque produit est r\u00e9alis\u00e9 \u00e0 la main et est un mod\u00e8le unique. Il est donc possible que le produit livr\u00e9 diff\u00e8re l\u00e9g\u00e8rement de la photo apparaissant sur le site, la d\u00e9coupe et le pliage des papiers washi amenant de subtiles diff\u00e9rences.<\/li>\n<\/ul>\n<p>&nbsp;<\/p>\n<p>Conditions d&rsquo;utilisation :<\/p>\n<ul>\n<li>Attention : cette cr\u00e9ation n&rsquo;est pas \u00e0 laisser \u00e0 la port\u00e9e des enfants. Les perles ou autres petits \u00e9l\u00e9ments, si arrach\u00e9s, peuvent \u00eatre aval\u00e9s par de jeunes enfants.<\/li>\n<li>Afin de pr\u00e9server les couleurs d&rsquo;origine, cette cr\u00e9ation devra \u00eatre prot\u00e9g\u00e9e de la pluie et des rayons directs du soleil pour les pr\u00e9server.<\/li>\n<\/ul>\n<p>&nbsp;<\/p>\n<p>Retrouvez tous nos mod\u00e8les de suspension par <a href=\"https:\/\/www.hanawa-origami.com\/index.php\/couronnes\/\" target=\"_blank\" rel=\"noopener noreferrer\">ici<\/a>!<\/p>\n<p>&nbsp;<\/p>\n<p>&nbsp;<\/p>\n","protected":false},"excerpt":{"rendered":"<p><strong>Spirale d&rsquo;origamis diamants pour voyager dans le ciel \u00e9toil\u00e9 ! L&rsquo;association des papiers washi dans les tons bleu, jaune et blanc paillet\u00e9 est une invitation aux r\u00eaves. Des perles de verre \u00e0 facettes compl\u00e8tent cette suspension pour accrocher la lumi\u00e8re.<\/strong><\/p>\n<h4>Suspension id\u00e9ale pour d\u00e9corer une chambre d&rsquo;enfant et accompagner les r\u00eaves les plus doux !<\/h4>\n<p>Mont\u00e9e sur un cercle en bois de 20 cm de diam\u00e8tre, elle pourra faire un joli cadeau de naissance ou d&rsquo;anniversaire<\/p>\n<p>Munie d&rsquo;un petit anneau en bois qui permet de la fixer sur une structure externe, un crochet fix\u00e9 sur un plafond ou sur un encadrement de porte. (Structure ou crochet non fournis)<\/p>\n<p>R\u00e9f\u00e9rence : SP0013<\/p>\n","protected":false},"featured_media":1456,"template":"","meta":{"_monsterinsights_skip_tracking":false,"_monsterinsights_sitenote_active":false,"_monsterinsights_sitenote_note":"","_monsterinsights_sitenote_category":0,"ocean_post_layout":"","ocean_both_sidebars_style":"","ocean_both_sidebars_content_width":0,"ocean_both_sidebars_sidebars_width":0,"ocean_sidebar":"0","ocean_second_sidebar":"0","ocean_disable_margins":"enable","ocean_add_body_class":"","ocean_shortcode_before_top_bar":"","ocean_shortcode_after_top_bar":"","ocean_shortcode_before_header":"","ocean_shortcode_after_header":"","ocean_has_shortcode":"","ocean_shortcode_after_title":"","ocean_shortcode_before_footer_widgets":"","ocean_shortcode_after_footer_widgets":"","ocean_shortcode_before_footer_bottom":"","ocean_shortcode_after_footer_bottom":"","ocean_display_top_bar":"default","ocean_display_header":"default","ocean_header_style":"","ocean_center_header_left_menu":"0","ocean_custom_header_template":"0","ocean_custom_logo":0,"ocean_custom_retina_logo":0,"ocean_custom_logo_max_width":0,"ocean_custom_logo_tablet_max_width":0,"ocean_custom_logo_mobile_max_width":0,"ocean_custom_logo_max_height":0,"ocean_custom_logo_tablet_max_height":0,"ocean_custom_logo_mobile_max_height":0,"ocean_header_custom_menu":"0","ocean_menu_typo_font_family":"0","ocean_menu_typo_font_subset":"","ocean_menu_typo_font_size":0,"ocean_menu_typo_font_size_tablet":0,"ocean_menu_typo_font_size_mobile":0,"ocean_menu_typo_font_size_unit":"px","ocean_menu_typo_font_weight":"","ocean_menu_typo_font_weight_tablet":"","ocean_menu_typo_font_weight_mobile":"","ocean_menu_typo_transform":"","ocean_menu_typo_transform_tablet":"","ocean_menu_typo_transform_mobile":"","ocean_menu_typo_line_height":0,"ocean_menu_typo_line_height_tablet":0,"ocean_menu_typo_line_height_mobile":0,"ocean_menu_typo_line_height_unit":"","ocean_menu_typo_spacing":0,"ocean_menu_typo_spacing_tablet":0,"ocean_menu_typo_spacing_mobile":0,"ocean_menu_typo_spacing_unit":"","ocean_menu_link_color":"","ocean_menu_link_color_hover":"","ocean_menu_link_color_active":"","ocean_menu_link_background":"","ocean_menu_link_hover_background":"","ocean_menu_link_active_background":"","ocean_menu_social_links_bg":"","ocean_menu_social_hover_links_bg":"","ocean_menu_social_links_color":"","ocean_menu_social_hover_links_color":"","ocean_disable_title":"default","ocean_disable_heading":"default","ocean_post_title":"","ocean_post_subheading":"","ocean_post_title_style":"","ocean_post_title_background_color":"","ocean_post_title_background":0,"ocean_post_title_bg_image_position":"","ocean_post_title_bg_image_attachment":"","ocean_post_title_bg_image_repeat":"","ocean_post_title_bg_image_size":"","ocean_post_title_height":0,"ocean_post_title_bg_overlay":0.5,"ocean_post_title_bg_overlay_color":"","ocean_disable_breadcrumbs":"default","ocean_breadcrumbs_color":"","ocean_breadcrumbs_separator_color":"","ocean_breadcrumbs_links_color":"","ocean_breadcrumbs_links_hover_color":"","ocean_display_footer_widgets":"default","ocean_display_footer_bottom":"default","ocean_custom_footer_template":"0"},"product_brand":[],"product_cat":[74],"product_tag":[45,58,76,54,78,75],"class_list":{"0":"post-1452","1":"product","2":"type-product","3":"status-publish","4":"has-post-thumbnail","6":"product_cat-suspension","7":"product_tag-blanc","8":"product_tag-bleu","9":"product_tag-diamant","10":"product_tag-jaune","11":"product_tag-perle","12":"product_tag-suspension","13":"product_shipping_class-colis-suivi-moins-2kg","15":"entry","16":"has-media","18":"first","19":"onbackorder","20":"sold-individually","21":"shipping-taxable","22":"purchasable","23":"product-type-simple","24":"has-product-nav","25":"col","26":"span_1_of_2","27":"owp-content-center","28":"owp-thumbs-layout-horizontal","29":"owp-btn-normal","30":"owp-tabs-layout-horizontal"},"yoast_head":"<!-- This site is optimized with the Yoast SEO plugin v25.3.1 - https:\/\/yoast.com\/wordpress\/plugins\/seo\/ -->\n<title>Suspension origami diamant spirale Nuit \u00e9toil\u00e9e | HANAWA ORIGAMI<\/title>\n<meta name=\"description\" content=\"Une famille hiboux a \u00e9lu domicile sur cette suspension en origami et joue \u00e0 cache cache avec de jolis papillons lumineux. Farandole de couleurs vives o\u00f9 papiers washi et perles de verres s&#039;accordent tout en harmonie.\" \/>\n<meta name=\"robots\" content=\"index, follow, max-snippet:-1, max-image-preview:large, max-video-preview:-1\" \/>\n<link rel=\"canonical\" href=\"https:\/\/www.hanawa-origami.com\/index.php\/produit\/suspension-origami-diamant-spirale-nuit-etoilee\/\" \/>\n<meta property=\"og:locale\" content=\"fr_FR\" \/>\n<meta property=\"og:type\" content=\"article\" \/>\n<meta property=\"og:title\" content=\"Suspension origami diamant spirale Nuit \u00e9toil\u00e9e | HANAWA ORIGAMI\" \/>\n<meta property=\"og:description\" content=\"Une famille hiboux a \u00e9lu domicile sur cette suspension en origami et joue \u00e0 cache cache avec de jolis papillons lumineux. Farandole de couleurs vives o\u00f9 papiers washi et perles de verres s&#039;accordent tout en harmonie.\" \/>\n<meta property=\"og:url\" content=\"https:\/\/www.hanawa-origami.com\/index.php\/produit\/suspension-origami-diamant-spirale-nuit-etoilee\/\" \/>\n<meta property=\"og:site_name\" content=\"HANAWA ORIGAMI\" \/>\n<meta property=\"article:modified_time\" content=\"2024-12-10T09:00:39+00:00\" \/>\n<meta property=\"og:image\" content=\"https:\/\/www.hanawa-origami.com\/wp-content\/uploads\/2021\/01\/suspension_spirale-3.jpg\" \/>\n\t<meta property=\"og:image:width\" content=\"1024\" \/>\n\t<meta property=\"og:image:height\" content=\"1024\" \/>\n\t<meta property=\"og:image:type\" content=\"image\/jpeg\" \/>\n<meta name=\"twitter:card\" content=\"summary_large_image\" \/>\n<meta name=\"twitter:label1\" content=\"Dur\u00e9e de lecture estim\u00e9e\" \/>\n\t<meta name=\"twitter:data1\" content=\"1 minute\" \/>\n<script type=\"application\/ld+json\" class=\"yoast-schema-graph\">{\"@context\":\"https:\/\/schema.org\",\"@graph\":[{\"@type\":\"WebPage\",\"@id\":\"https:\/\/www.hanawa-origami.com\/index.php\/produit\/suspension-origami-diamant-spirale-nuit-etoilee\/\",\"url\":\"https:\/\/www.hanawa-origami.com\/index.php\/produit\/suspension-origami-diamant-spirale-nuit-etoilee\/\",\"name\":\"Suspension origami diamant spirale Nuit \u00e9toil\u00e9e | HANAWA ORIGAMI\",\"isPartOf\":{\"@id\":\"https:\/\/www.hanawa-origami.com\/#website\"},\"primaryImageOfPage\":{\"@id\":\"https:\/\/www.hanawa-origami.com\/index.php\/produit\/suspension-origami-diamant-spirale-nuit-etoilee\/#primaryimage\"},\"image\":{\"@id\":\"https:\/\/www.hanawa-origami.com\/index.php\/produit\/suspension-origami-diamant-spirale-nuit-etoilee\/#primaryimage\"},\"thumbnailUrl\":\"https:\/\/www.hanawa-origami.com\/wp-content\/uploads\/2021\/01\/suspension_spirale-3.jpg\",\"datePublished\":\"2021-01-20T21:55:57+00:00\",\"dateModified\":\"2024-12-10T09:00:39+00:00\",\"description\":\"Une famille hiboux a \u00e9lu domicile sur cette suspension en origami et joue \u00e0 cache cache avec de jolis papillons lumineux. Farandole de couleurs vives o\u00f9 papiers washi et perles de verres s'accordent tout en harmonie.\",\"breadcrumb\":{\"@id\":\"https:\/\/www.hanawa-origami.com\/index.php\/produit\/suspension-origami-diamant-spirale-nuit-etoilee\/#breadcrumb\"},\"inLanguage\":\"fr-FR\",\"potentialAction\":[{\"@type\":\"ReadAction\",\"target\":[\"https:\/\/www.hanawa-origami.com\/index.php\/produit\/suspension-origami-diamant-spirale-nuit-etoilee\/\"]}]},{\"@type\":\"ImageObject\",\"inLanguage\":\"fr-FR\",\"@id\":\"https:\/\/www.hanawa-origami.com\/index.php\/produit\/suspension-origami-diamant-spirale-nuit-etoilee\/#primaryimage\",\"url\":\"https:\/\/www.hanawa-origami.com\/wp-content\/uploads\/2021\/01\/suspension_spirale-3.jpg\",\"contentUrl\":\"https:\/\/www.hanawa-origami.com\/wp-content\/uploads\/2021\/01\/suspension_spirale-3.jpg\",\"width\":1024,\"height\":1024,\"caption\":\"Suspension spirale\"},{\"@type\":\"BreadcrumbList\",\"@id\":\"https:\/\/www.hanawa-origami.com\/index.php\/produit\/suspension-origami-diamant-spirale-nuit-etoilee\/#breadcrumb\",\"itemListElement\":[{\"@type\":\"ListItem\",\"position\":1,\"name\":\"Accueil\",\"item\":\"https:\/\/www.hanawa-origami.com\/\"},{\"@type\":\"ListItem\",\"position\":2,\"name\":\"Cr\u00e9ations\",\"item\":\"https:\/\/www.hanawa-origami.com\/index.php\/shop\/\"},{\"@type\":\"ListItem\",\"position\":3,\"name\":\"Suspensions\",\"item\":\"https:\/\/www.hanawa-origami.com\/index.php\/categorie-produit\/suspension\/\"},{\"@type\":\"ListItem\",\"position\":4,\"name\":\"Suspension origami diamant spirale Nuit \u00e9toil\u00e9e\"}]},{\"@type\":\"WebSite\",\"@id\":\"https:\/\/www.hanawa-origami.com\/#website\",\"url\":\"https:\/\/www.hanawa-origami.com\/\",\"name\":\"Hanawa Origami\",\"description\":\"\",\"publisher\":{\"@id\":\"https:\/\/www.hanawa-origami.com\/#organization\"},\"potentialAction\":[{\"@type\":\"SearchAction\",\"target\":{\"@type\":\"EntryPoint\",\"urlTemplate\":\"https:\/\/www.hanawa-origami.com\/?s={search_term_string}\"},\"query-input\":{\"@type\":\"PropertyValueSpecification\",\"valueRequired\":true,\"valueName\":\"search_term_string\"}}],\"inLanguage\":\"fr-FR\"},{\"@type\":\"Organization\",\"@id\":\"https:\/\/www.hanawa-origami.com\/#organization\",\"name\":\"hanawa-origami\",\"url\":\"https:\/\/www.hanawa-origami.com\/\",\"logo\":{\"@type\":\"ImageObject\",\"inLanguage\":\"fr-FR\",\"@id\":\"https:\/\/www.hanawa-origami.com\/#\/schema\/logo\/image\/\",\"url\":\"https:\/\/www.hanawa-origami.com\/wp-content\/uploads\/2020\/06\/Logo-Hanawa_detoure-site.png\",\"contentUrl\":\"https:\/\/www.hanawa-origami.com\/wp-content\/uploads\/2020\/06\/Logo-Hanawa_detoure-site.png\",\"width\":493,\"height\":338,\"caption\":\"hanawa-origami\"},\"image\":{\"@id\":\"https:\/\/www.hanawa-origami.com\/#\/schema\/logo\/image\/\"}}]}<\/script>\n<!-- \/ Yoast SEO plugin. -->","yoast_head_json":{"title":"Suspension origami diamant spirale Nuit \u00e9toil\u00e9e | HANAWA ORIGAMI","description":"Une famille hiboux a \u00e9lu domicile sur cette suspension en origami et joue \u00e0 cache cache avec de jolis papillons lumineux. Farandole de couleurs vives o\u00f9 papiers washi et perles de verres s'accordent tout en harmonie.","robots":{"index":"index","follow":"follow","max-snippet":"max-snippet:-1","max-image-preview":"max-image-preview:large","max-video-preview":"max-video-preview:-1"},"canonical":"https:\/\/www.hanawa-origami.com\/index.php\/produit\/suspension-origami-diamant-spirale-nuit-etoilee\/","og_locale":"fr_FR","og_type":"article","og_title":"Suspension origami diamant spirale Nuit \u00e9toil\u00e9e | HANAWA ORIGAMI","og_description":"Une famille hiboux a \u00e9lu domicile sur cette suspension en origami et joue \u00e0 cache cache avec de jolis papillons lumineux. Farandole de couleurs vives o\u00f9 papiers washi et perles de verres s'accordent tout en harmonie.","og_url":"https:\/\/www.hanawa-origami.com\/index.php\/produit\/suspension-origami-diamant-spirale-nuit-etoilee\/","og_site_name":"HANAWA ORIGAMI","article_modified_time":"2024-12-10T09:00:39+00:00","og_image":[{"width":1024,"height":1024,"url":"https:\/\/www.hanawa-origami.com\/wp-content\/uploads\/2021\/01\/suspension_spirale-3.jpg","type":"image\/jpeg"}],"twitter_card":"summary_large_image","twitter_misc":{"Dur\u00e9e de lecture estim\u00e9e":"1 minute"},"schema":{"@context":"https:\/\/schema.org","@graph":[{"@type":"WebPage","@id":"https:\/\/www.hanawa-origami.com\/index.php\/produit\/suspension-origami-diamant-spirale-nuit-etoilee\/","url":"https:\/\/www.hanawa-origami.com\/index.php\/produit\/suspension-origami-diamant-spirale-nuit-etoilee\/","name":"Suspension origami diamant spirale Nuit \u00e9toil\u00e9e | HANAWA ORIGAMI","isPartOf":{"@id":"https:\/\/www.hanawa-origami.com\/#website"},"primaryImageOfPage":{"@id":"https:\/\/www.hanawa-origami.com\/index.php\/produit\/suspension-origami-diamant-spirale-nuit-etoilee\/#primaryimage"},"image":{"@id":"https:\/\/www.hanawa-origami.com\/index.php\/produit\/suspension-origami-diamant-spirale-nuit-etoilee\/#primaryimage"},"thumbnailUrl":"https:\/\/www.hanawa-origami.com\/wp-content\/uploads\/2021\/01\/suspension_spirale-3.jpg","datePublished":"2021-01-20T21:55:57+00:00","dateModified":"2024-12-10T09:00:39+00:00","description":"Une famille hiboux a \u00e9lu domicile sur cette suspension en origami et joue \u00e0 cache cache avec de jolis papillons lumineux. Farandole de couleurs vives o\u00f9 papiers washi et perles de verres s'accordent tout en harmonie.","breadcrumb":{"@id":"https:\/\/www.hanawa-origami.com\/index.php\/produit\/suspension-origami-diamant-spirale-nuit-etoilee\/#breadcrumb"},"inLanguage":"fr-FR","potentialAction":[{"@type":"ReadAction","target":["https:\/\/www.hanawa-origami.com\/index.php\/produit\/suspension-origami-diamant-spirale-nuit-etoilee\/"]}]},{"@type":"ImageObject","inLanguage":"fr-FR","@id":"https:\/\/www.hanawa-origami.com\/index.php\/produit\/suspension-origami-diamant-spirale-nuit-etoilee\/#primaryimage","url":"https:\/\/www.hanawa-origami.com\/wp-content\/uploads\/2021\/01\/suspension_spirale-3.jpg","contentUrl":"https:\/\/www.hanawa-origami.com\/wp-content\/uploads\/2021\/01\/suspension_spirale-3.jpg","width":1024,"height":1024,"caption":"Suspension spirale"},{"@type":"BreadcrumbList","@id":"https:\/\/www.hanawa-origami.com\/index.php\/produit\/suspension-origami-diamant-spirale-nuit-etoilee\/#breadcrumb","itemListElement":[{"@type":"ListItem","position":1,"name":"Accueil","item":"https:\/\/www.hanawa-origami.com\/"},{"@type":"ListItem","position":2,"name":"Cr\u00e9ations","item":"https:\/\/www.hanawa-origami.com\/index.php\/shop\/"},{"@type":"ListItem","position":3,"name":"Suspensions","item":"https:\/\/www.hanawa-origami.com\/index.php\/categorie-produit\/suspension\/"},{"@type":"ListItem","position":4,"name":"Suspension origami diamant spirale Nuit \u00e9toil\u00e9e"}]},{"@type":"WebSite","@id":"https:\/\/www.hanawa-origami.com\/#website","url":"https:\/\/www.hanawa-origami.com\/","name":"Hanawa Origami","description":"","publisher":{"@id":"https:\/\/www.hanawa-origami.com\/#organization"},"potentialAction":[{"@type":"SearchAction","target":{"@type":"EntryPoint","urlTemplate":"https:\/\/www.hanawa-origami.com\/?s={search_term_string}"},"query-input":{"@type":"PropertyValueSpecification","valueRequired":true,"valueName":"search_term_string"}}],"inLanguage":"fr-FR"},{"@type":"Organization","@id":"https:\/\/www.hanawa-origami.com\/#organization","name":"hanawa-origami","url":"https:\/\/www.hanawa-origami.com\/","logo":{"@type":"ImageObject","inLanguage":"fr-FR","@id":"https:\/\/www.hanawa-origami.com\/#\/schema\/logo\/image\/","url":"https:\/\/www.hanawa-origami.com\/wp-content\/uploads\/2020\/06\/Logo-Hanawa_detoure-site.png","contentUrl":"https:\/\/www.hanawa-origami.com\/wp-content\/uploads\/2020\/06\/Logo-Hanawa_detoure-site.png","width":493,"height":338,"caption":"hanawa-origami"},"image":{"@id":"https:\/\/www.hanawa-origami.com\/#\/schema\/logo\/image\/"}}]}},"_links":{"self":[{"href":"https:\/\/www.hanawa-origami.com\/index.php\/wp-json\/wp\/v2\/product\/1452","targetHints":{"allow":["GET"]}}],"collection":[{"href":"https:\/\/www.hanawa-origami.com\/index.php\/wp-json\/wp\/v2\/product"}],"about":[{"href":"https:\/\/www.hanawa-origami.com\/index.php\/wp-json\/wp\/v2\/types\/product"}],"wp:featuredmedia":[{"embeddable":true,"href":"https:\/\/www.hanawa-origami.com\/index.php\/wp-json\/wp\/v2\/media\/1456"}],"wp:attachment":[{"href":"https:\/\/www.hanawa-origami.com\/index.php\/wp-json\/wp\/v2\/media?parent=1452"}],"wp:term":[{"taxonomy":"product_brand","embeddable":true,"href":"https:\/\/www.hanawa-origami.com\/index.php\/wp-json\/wp\/v2\/product_brand?post=1452"},{"taxonomy":"product_cat","embeddable":true,"href":"https:\/\/www.hanawa-origami.com\/index.php\/wp-json\/wp\/v2\/product_cat?post=1452"},{"taxonomy":"product_tag","embeddable":true,"href":"https:\/\/www.hanawa-origami.com\/index.php\/wp-json\/wp\/v2\/product_tag?post=1452"}],"curies":[{"name":"wp","href":"https:\/\/api.w.org\/{rel}","templated":true}]}}