{"id":1323,"date":"2020-11-20T23:41:04","date_gmt":"2020-11-20T22:41:04","guid":{"rendered":"https:\/\/www.hanawa-origami.com\/?post_type=product&#038;p=1323"},"modified":"2025-03-16T21:22:12","modified_gmt":"2025-03-16T20:22:12","slug":"cadre-en-bois-kimono-noir-en-origami","status":"publish","type":"product","link":"https:\/\/www.hanawa-origami.com\/index.php\/produit\/cadre-en-bois-kimono-noir-en-origami\/","title":{"rendered":"Cadre en bois Kimono Noir en origami"},"content":{"rendered":"<p>Donn\u00e9es Techniques :<\/p>\n<ul>\n<li>Encombrement total : 22 cm de c\u00f4t\u00e9 et 3,5 cm de profondeur<\/li>\n<li>\u00c9quip\u00e9 d&rsquo;une vitre en acrylique<\/li>\n<li>Veuillez noter que chaque produit est r\u00e9alis\u00e9 \u00e0 la main et est un mod\u00e8le unique. Il est donc possible que le produit livr\u00e9 diff\u00e8re l\u00e9g\u00e8rement de la photo apparaissant sur le site. La d\u00e9coupe et le pliage des papiers washi amenant de subtiles diff\u00e9rences.<\/li>\n<\/ul>\n<p>&nbsp;<\/p>\n<p>Conditions d&rsquo;utilisation :<\/p>\n<ul>\n<li>Attention : cette cr\u00e9ation n&rsquo;est pas \u00e0 laisser \u00e0 la port\u00e9e des enfants. Si le cadre tombe et se brise, il peut devenir dangereux pour un enfant.<\/li>\n<li>Afin de pr\u00e9server les couleurs d&rsquo;origine, cette cr\u00e9ation devra \u00eatre prot\u00e9g\u00e9e de la pluie et des rayons directs du soleil pour les pr\u00e9server.<\/li>\n<\/ul>\n<p>Nota : Photo prise sans la fa\u00e7ade vitr\u00e9e pour \u00e9viter les reflets<\/p>\n<p>Retrouvez tous nos mod\u00e8les de cadres par <a href=\"https:\/\/www.hanawa-origami.com\/index.php\/couronnes\/\" target=\"_blank\" rel=\"noopener noreferrer\">ici<\/a>!<\/p>\n<p><a href=\"https:\/\/www.hanawa-origami.com\/wp-content\/uploads\/2020\/10\/kimono-vert.jpg\"><img decoding=\"async\" class=\"alignnone wp-image-1268 size-thumbnail\" src=\"https:\/\/www.hanawa-origami.com\/wp-content\/uploads\/2020\/10\/kimono-vert-150x150.jpg\" alt=\"\" width=\"150\" height=\"150\" \/><\/a><\/p>\n<p>&nbsp;<\/p>\n","protected":false},"excerpt":{"rendered":"<h4>El\u00e9gant Kimono en origami r\u00e9alis\u00e9 dans un papier washi noir aux motifs dor\u00e9s compose ce cadre en bois noir. Le fond en papier washi dans les tons marrons pr\u00e9sente de fins motifs dor\u00e9s et argent\u00e9 donnant \u00e0 ce cadre une touche de sophistication. Ce cadre d&rsquo;inspiration japonaise d\u00e9corera avec \u00e9l\u00e9gance votre int\u00e9rieur et apportera un c\u00f4t\u00e9 contemporain en revisitant le traditionnel kimono japonais.<\/h4>\n<p>De 22 cm de c\u00f4t\u00e9 avec une vitre en acrylique, il d\u00e9corera harmonieusement une chambre, une entr\u00e9e ou un salon. A offrir ou \u00e0 s&rsquo;offrir !<\/p>\n<p>Le cadre peut \u00eatre pos\u00e9 sur une console ou un rebord de fen\u00eatre ou \u00eatre fix\u00e9 sur un mur \u00e0 l&rsquo;aide d&rsquo;une cordelette (inclus).<\/p>\n<p>R\u00e9f\u00e9rence : CC0018<\/p>\n","protected":false},"featured_media":1716,"template":"","meta":{"_monsterinsights_skip_tracking":false,"_monsterinsights_sitenote_active":false,"_monsterinsights_sitenote_note":"","_monsterinsights_sitenote_category":0,"ocean_post_layout":"","ocean_both_sidebars_style":"","ocean_both_sidebars_content_width":0,"ocean_both_sidebars_sidebars_width":0,"ocean_sidebar":"0","ocean_second_sidebar":"0","ocean_disable_margins":"enable","ocean_add_body_class":"","ocean_shortcode_before_top_bar":"","ocean_shortcode_after_top_bar":"","ocean_shortcode_before_header":"","ocean_shortcode_after_header":"","ocean_has_shortcode":"","ocean_shortcode_after_title":"","ocean_shortcode_before_footer_widgets":"","ocean_shortcode_after_footer_widgets":"","ocean_shortcode_before_footer_bottom":"","ocean_shortcode_after_footer_bottom":"","ocean_display_top_bar":"default","ocean_display_header":"default","ocean_header_style":"","ocean_center_header_left_menu":"0","ocean_custom_header_template":"0","ocean_custom_logo":0,"ocean_custom_retina_logo":0,"ocean_custom_logo_max_width":0,"ocean_custom_logo_tablet_max_width":0,"ocean_custom_logo_mobile_max_width":0,"ocean_custom_logo_max_height":0,"ocean_custom_logo_tablet_max_height":0,"ocean_custom_logo_mobile_max_height":0,"ocean_header_custom_menu":"0","ocean_menu_typo_font_family":"0","ocean_menu_typo_font_subset":"","ocean_menu_typo_font_size":0,"ocean_menu_typo_font_size_tablet":0,"ocean_menu_typo_font_size_mobile":0,"ocean_menu_typo_font_size_unit":"px","ocean_menu_typo_font_weight":"","ocean_menu_typo_font_weight_tablet":"","ocean_menu_typo_font_weight_mobile":"","ocean_menu_typo_transform":"","ocean_menu_typo_transform_tablet":"","ocean_menu_typo_transform_mobile":"","ocean_menu_typo_line_height":0,"ocean_menu_typo_line_height_tablet":0,"ocean_menu_typo_line_height_mobile":0,"ocean_menu_typo_line_height_unit":"","ocean_menu_typo_spacing":0,"ocean_menu_typo_spacing_tablet":0,"ocean_menu_typo_spacing_mobile":0,"ocean_menu_typo_spacing_unit":"","ocean_menu_link_color":"","ocean_menu_link_color_hover":"","ocean_menu_link_color_active":"","ocean_menu_link_background":"","ocean_menu_link_hover_background":"","ocean_menu_link_active_background":"","ocean_menu_social_links_bg":"","ocean_menu_social_hover_links_bg":"","ocean_menu_social_links_color":"","ocean_menu_social_hover_links_color":"","ocean_disable_title":"default","ocean_disable_heading":"default","ocean_post_title":"","ocean_post_subheading":"","ocean_post_title_style":"","ocean_post_title_background_color":"","ocean_post_title_background":0,"ocean_post_title_bg_image_position":"","ocean_post_title_bg_image_attachment":"","ocean_post_title_bg_image_repeat":"","ocean_post_title_bg_image_size":"","ocean_post_title_height":0,"ocean_post_title_bg_overlay":0.5,"ocean_post_title_bg_overlay_color":"","ocean_disable_breadcrumbs":"default","ocean_breadcrumbs_color":"","ocean_breadcrumbs_separator_color":"","ocean_breadcrumbs_links_color":"","ocean_breadcrumbs_links_hover_color":"","ocean_display_footer_widgets":"default","ocean_display_footer_bottom":"default","ocean_custom_footer_template":"0"},"product_brand":[],"product_cat":[29],"product_tag":[53,59,116,62,41],"class_list":{"0":"post-1323","1":"product","2":"type-product","3":"status-publish","4":"has-post-thumbnail","6":"product_cat-cadres","7":"product_tag-cadre","8":"product_tag-dore","9":"product_tag-kimono","10":"product_tag-noir","11":"product_tag-rouge","12":"product_shipping_class-colis-suivi-moins-1kg","14":"entry","15":"has-media","17":"first","18":"onbackorder","19":"shipping-taxable","20":"purchasable","21":"product-type-simple","22":"has-rating","23":"has-product-nav","24":"col","25":"span_1_of_2","26":"owp-content-center","27":"owp-thumbs-layout-horizontal","28":"owp-btn-normal","29":"owp-tabs-layout-horizontal"},"yoast_head":"<!-- This site is optimized with the Yoast SEO plugin v25.3.1 - https:\/\/yoast.com\/wordpress\/plugins\/seo\/ -->\n<title>Cadre en bois Kimono Noir en origami | HANAWA ORIGAMI<\/title>\n<meta name=\"description\" content=\"KEl\u00e9gant Kimono en origami r\u00e9alis\u00e9 dans un papier washi noir aux motifs dor\u00e9s compose ce cadre en bois noir. Le fond en papier washi dans les tons marrons pr\u00e9sente de fins motifs dor\u00e9s et argent\u00e9 donnant \u00e0 ce cadre une touche de sophistication. Ce cadre d&#039;inspiration japonaise d\u00e9corera avec \u00e9l\u00e9gance votre int\u00e9rieur et apportera un c\u00f4t\u00e9 contemporain en revisitant le traditionnel kimono japonais.\" \/>\n<meta name=\"robots\" content=\"index, follow, max-snippet:-1, max-image-preview:large, max-video-preview:-1\" \/>\n<link rel=\"canonical\" href=\"https:\/\/www.hanawa-origami.com\/index.php\/produit\/cadre-en-bois-kimono-noir-en-origami\/\" \/>\n<meta property=\"og:locale\" content=\"fr_FR\" \/>\n<meta property=\"og:type\" content=\"article\" \/>\n<meta property=\"og:title\" content=\"Cadre en bois Kimono Noir en origami | HANAWA ORIGAMI\" \/>\n<meta property=\"og:description\" content=\"KEl\u00e9gant Kimono en origami r\u00e9alis\u00e9 dans un papier washi noir aux motifs dor\u00e9s compose ce cadre en bois noir. Le fond en papier washi dans les tons marrons pr\u00e9sente de fins motifs dor\u00e9s et argent\u00e9 donnant \u00e0 ce cadre une touche de sophistication. Ce cadre d&#039;inspiration japonaise d\u00e9corera avec \u00e9l\u00e9gance votre int\u00e9rieur et apportera un c\u00f4t\u00e9 contemporain en revisitant le traditionnel kimono japonais.\" \/>\n<meta property=\"og:url\" content=\"https:\/\/www.hanawa-origami.com\/index.php\/produit\/cadre-en-bois-kimono-noir-en-origami\/\" \/>\n<meta property=\"og:site_name\" content=\"HANAWA ORIGAMI\" \/>\n<meta property=\"article:modified_time\" content=\"2025-03-16T20:22:12+00:00\" \/>\n<meta property=\"og:image\" content=\"https:\/\/www.hanawa-origami.com\/wp-content\/uploads\/2020\/11\/kimono-noir.jpg\" \/>\n\t<meta property=\"og:image:width\" content=\"1024\" \/>\n\t<meta property=\"og:image:height\" content=\"1024\" \/>\n\t<meta property=\"og:image:type\" content=\"image\/jpeg\" \/>\n<meta name=\"twitter:card\" content=\"summary_large_image\" \/>\n<meta name=\"twitter:label1\" content=\"Dur\u00e9e de lecture estim\u00e9e\" \/>\n\t<meta name=\"twitter:data1\" content=\"1 minute\" \/>\n<script type=\"application\/ld+json\" class=\"yoast-schema-graph\">{\"@context\":\"https:\/\/schema.org\",\"@graph\":[{\"@type\":\"WebPage\",\"@id\":\"https:\/\/www.hanawa-origami.com\/index.php\/produit\/cadre-en-bois-kimono-noir-en-origami\/\",\"url\":\"https:\/\/www.hanawa-origami.com\/index.php\/produit\/cadre-en-bois-kimono-noir-en-origami\/\",\"name\":\"Cadre en bois Kimono Noir en origami | HANAWA ORIGAMI\",\"isPartOf\":{\"@id\":\"https:\/\/www.hanawa-origami.com\/#website\"},\"primaryImageOfPage\":{\"@id\":\"https:\/\/www.hanawa-origami.com\/index.php\/produit\/cadre-en-bois-kimono-noir-en-origami\/#primaryimage\"},\"image\":{\"@id\":\"https:\/\/www.hanawa-origami.com\/index.php\/produit\/cadre-en-bois-kimono-noir-en-origami\/#primaryimage\"},\"thumbnailUrl\":\"https:\/\/www.hanawa-origami.com\/wp-content\/uploads\/2020\/11\/kimono-noir.jpg\",\"datePublished\":\"2020-11-20T22:41:04+00:00\",\"dateModified\":\"2025-03-16T20:22:12+00:00\",\"description\":\"KEl\u00e9gant Kimono en origami r\u00e9alis\u00e9 dans un papier washi noir aux motifs dor\u00e9s compose ce cadre en bois noir. Le fond en papier washi dans les tons marrons pr\u00e9sente de fins motifs dor\u00e9s et argent\u00e9 donnant \u00e0 ce cadre une touche de sophistication. Ce cadre d'inspiration japonaise d\u00e9corera avec \u00e9l\u00e9gance votre int\u00e9rieur et apportera un c\u00f4t\u00e9 contemporain en revisitant le traditionnel kimono japonais.\",\"breadcrumb\":{\"@id\":\"https:\/\/www.hanawa-origami.com\/index.php\/produit\/cadre-en-bois-kimono-noir-en-origami\/#breadcrumb\"},\"inLanguage\":\"fr-FR\",\"potentialAction\":[{\"@type\":\"ReadAction\",\"target\":[\"https:\/\/www.hanawa-origami.com\/index.php\/produit\/cadre-en-bois-kimono-noir-en-origami\/\"]}]},{\"@type\":\"ImageObject\",\"inLanguage\":\"fr-FR\",\"@id\":\"https:\/\/www.hanawa-origami.com\/index.php\/produit\/cadre-en-bois-kimono-noir-en-origami\/#primaryimage\",\"url\":\"https:\/\/www.hanawa-origami.com\/wp-content\/uploads\/2020\/11\/kimono-noir.jpg\",\"contentUrl\":\"https:\/\/www.hanawa-origami.com\/wp-content\/uploads\/2020\/11\/kimono-noir.jpg\",\"width\":1024,\"height\":1024},{\"@type\":\"BreadcrumbList\",\"@id\":\"https:\/\/www.hanawa-origami.com\/index.php\/produit\/cadre-en-bois-kimono-noir-en-origami\/#breadcrumb\",\"itemListElement\":[{\"@type\":\"ListItem\",\"position\":1,\"name\":\"Accueil\",\"item\":\"https:\/\/www.hanawa-origami.com\/\"},{\"@type\":\"ListItem\",\"position\":2,\"name\":\"Cr\u00e9ations\",\"item\":\"https:\/\/www.hanawa-origami.com\/index.php\/shop\/\"},{\"@type\":\"ListItem\",\"position\":3,\"name\":\"Cadres\",\"item\":\"https:\/\/www.hanawa-origami.com\/index.php\/categorie-produit\/cadres\/\"},{\"@type\":\"ListItem\",\"position\":4,\"name\":\"Cadre en bois Kimono Noir en origami\"}]},{\"@type\":\"WebSite\",\"@id\":\"https:\/\/www.hanawa-origami.com\/#website\",\"url\":\"https:\/\/www.hanawa-origami.com\/\",\"name\":\"Hanawa Origami\",\"description\":\"\",\"publisher\":{\"@id\":\"https:\/\/www.hanawa-origami.com\/#organization\"},\"potentialAction\":[{\"@type\":\"SearchAction\",\"target\":{\"@type\":\"EntryPoint\",\"urlTemplate\":\"https:\/\/www.hanawa-origami.com\/?s={search_term_string}\"},\"query-input\":{\"@type\":\"PropertyValueSpecification\",\"valueRequired\":true,\"valueName\":\"search_term_string\"}}],\"inLanguage\":\"fr-FR\"},{\"@type\":\"Organization\",\"@id\":\"https:\/\/www.hanawa-origami.com\/#organization\",\"name\":\"hanawa-origami\",\"url\":\"https:\/\/www.hanawa-origami.com\/\",\"logo\":{\"@type\":\"ImageObject\",\"inLanguage\":\"fr-FR\",\"@id\":\"https:\/\/www.hanawa-origami.com\/#\/schema\/logo\/image\/\",\"url\":\"https:\/\/www.hanawa-origami.com\/wp-content\/uploads\/2020\/06\/Logo-Hanawa_detoure-site.png\",\"contentUrl\":\"https:\/\/www.hanawa-origami.com\/wp-content\/uploads\/2020\/06\/Logo-Hanawa_detoure-site.png\",\"width\":493,\"height\":338,\"caption\":\"hanawa-origami\"},\"image\":{\"@id\":\"https:\/\/www.hanawa-origami.com\/#\/schema\/logo\/image\/\"}}]}<\/script>\n<!-- \/ Yoast SEO plugin. -->","yoast_head_json":{"title":"Cadre en bois Kimono Noir en origami | HANAWA ORIGAMI","description":"KEl\u00e9gant Kimono en origami r\u00e9alis\u00e9 dans un papier washi noir aux motifs dor\u00e9s compose ce cadre en bois noir. Le fond en papier washi dans les tons marrons pr\u00e9sente de fins motifs dor\u00e9s et argent\u00e9 donnant \u00e0 ce cadre une touche de sophistication. Ce cadre d'inspiration japonaise d\u00e9corera avec \u00e9l\u00e9gance votre int\u00e9rieur et apportera un c\u00f4t\u00e9 contemporain en revisitant le traditionnel kimono japonais.","robots":{"index":"index","follow":"follow","max-snippet":"max-snippet:-1","max-image-preview":"max-image-preview:large","max-video-preview":"max-video-preview:-1"},"canonical":"https:\/\/www.hanawa-origami.com\/index.php\/produit\/cadre-en-bois-kimono-noir-en-origami\/","og_locale":"fr_FR","og_type":"article","og_title":"Cadre en bois Kimono Noir en origami | HANAWA ORIGAMI","og_description":"KEl\u00e9gant Kimono en origami r\u00e9alis\u00e9 dans un papier washi noir aux motifs dor\u00e9s compose ce cadre en bois noir. Le fond en papier washi dans les tons marrons pr\u00e9sente de fins motifs dor\u00e9s et argent\u00e9 donnant \u00e0 ce cadre une touche de sophistication. Ce cadre d'inspiration japonaise d\u00e9corera avec \u00e9l\u00e9gance votre int\u00e9rieur et apportera un c\u00f4t\u00e9 contemporain en revisitant le traditionnel kimono japonais.","og_url":"https:\/\/www.hanawa-origami.com\/index.php\/produit\/cadre-en-bois-kimono-noir-en-origami\/","og_site_name":"HANAWA ORIGAMI","article_modified_time":"2025-03-16T20:22:12+00:00","og_image":[{"width":1024,"height":1024,"url":"https:\/\/www.hanawa-origami.com\/wp-content\/uploads\/2020\/11\/kimono-noir.jpg","type":"image\/jpeg"}],"twitter_card":"summary_large_image","twitter_misc":{"Dur\u00e9e de lecture estim\u00e9e":"1 minute"},"schema":{"@context":"https:\/\/schema.org","@graph":[{"@type":"WebPage","@id":"https:\/\/www.hanawa-origami.com\/index.php\/produit\/cadre-en-bois-kimono-noir-en-origami\/","url":"https:\/\/www.hanawa-origami.com\/index.php\/produit\/cadre-en-bois-kimono-noir-en-origami\/","name":"Cadre en bois Kimono Noir en origami | HANAWA ORIGAMI","isPartOf":{"@id":"https:\/\/www.hanawa-origami.com\/#website"},"primaryImageOfPage":{"@id":"https:\/\/www.hanawa-origami.com\/index.php\/produit\/cadre-en-bois-kimono-noir-en-origami\/#primaryimage"},"image":{"@id":"https:\/\/www.hanawa-origami.com\/index.php\/produit\/cadre-en-bois-kimono-noir-en-origami\/#primaryimage"},"thumbnailUrl":"https:\/\/www.hanawa-origami.com\/wp-content\/uploads\/2020\/11\/kimono-noir.jpg","datePublished":"2020-11-20T22:41:04+00:00","dateModified":"2025-03-16T20:22:12+00:00","description":"KEl\u00e9gant Kimono en origami r\u00e9alis\u00e9 dans un papier washi noir aux motifs dor\u00e9s compose ce cadre en bois noir. Le fond en papier washi dans les tons marrons pr\u00e9sente de fins motifs dor\u00e9s et argent\u00e9 donnant \u00e0 ce cadre une touche de sophistication. Ce cadre d'inspiration japonaise d\u00e9corera avec \u00e9l\u00e9gance votre int\u00e9rieur et apportera un c\u00f4t\u00e9 contemporain en revisitant le traditionnel kimono japonais.","breadcrumb":{"@id":"https:\/\/www.hanawa-origami.com\/index.php\/produit\/cadre-en-bois-kimono-noir-en-origami\/#breadcrumb"},"inLanguage":"fr-FR","potentialAction":[{"@type":"ReadAction","target":["https:\/\/www.hanawa-origami.com\/index.php\/produit\/cadre-en-bois-kimono-noir-en-origami\/"]}]},{"@type":"ImageObject","inLanguage":"fr-FR","@id":"https:\/\/www.hanawa-origami.com\/index.php\/produit\/cadre-en-bois-kimono-noir-en-origami\/#primaryimage","url":"https:\/\/www.hanawa-origami.com\/wp-content\/uploads\/2020\/11\/kimono-noir.jpg","contentUrl":"https:\/\/www.hanawa-origami.com\/wp-content\/uploads\/2020\/11\/kimono-noir.jpg","width":1024,"height":1024},{"@type":"BreadcrumbList","@id":"https:\/\/www.hanawa-origami.com\/index.php\/produit\/cadre-en-bois-kimono-noir-en-origami\/#breadcrumb","itemListElement":[{"@type":"ListItem","position":1,"name":"Accueil","item":"https:\/\/www.hanawa-origami.com\/"},{"@type":"ListItem","position":2,"name":"Cr\u00e9ations","item":"https:\/\/www.hanawa-origami.com\/index.php\/shop\/"},{"@type":"ListItem","position":3,"name":"Cadres","item":"https:\/\/www.hanawa-origami.com\/index.php\/categorie-produit\/cadres\/"},{"@type":"ListItem","position":4,"name":"Cadre en bois Kimono Noir en origami"}]},{"@type":"WebSite","@id":"https:\/\/www.hanawa-origami.com\/#website","url":"https:\/\/www.hanawa-origami.com\/","name":"Hanawa Origami","description":"","publisher":{"@id":"https:\/\/www.hanawa-origami.com\/#organization"},"potentialAction":[{"@type":"SearchAction","target":{"@type":"EntryPoint","urlTemplate":"https:\/\/www.hanawa-origami.com\/?s={search_term_string}"},"query-input":{"@type":"PropertyValueSpecification","valueRequired":true,"valueName":"search_term_string"}}],"inLanguage":"fr-FR"},{"@type":"Organization","@id":"https:\/\/www.hanawa-origami.com\/#organization","name":"hanawa-origami","url":"https:\/\/www.hanawa-origami.com\/","logo":{"@type":"ImageObject","inLanguage":"fr-FR","@id":"https:\/\/www.hanawa-origami.com\/#\/schema\/logo\/image\/","url":"https:\/\/www.hanawa-origami.com\/wp-content\/uploads\/2020\/06\/Logo-Hanawa_detoure-site.png","contentUrl":"https:\/\/www.hanawa-origami.com\/wp-content\/uploads\/2020\/06\/Logo-Hanawa_detoure-site.png","width":493,"height":338,"caption":"hanawa-origami"},"image":{"@id":"https:\/\/www.hanawa-origami.com\/#\/schema\/logo\/image\/"}}]}},"_links":{"self":[{"href":"https:\/\/www.hanawa-origami.com\/index.php\/wp-json\/wp\/v2\/product\/1323","targetHints":{"allow":["GET"]}}],"collection":[{"href":"https:\/\/www.hanawa-origami.com\/index.php\/wp-json\/wp\/v2\/product"}],"about":[{"href":"https:\/\/www.hanawa-origami.com\/index.php\/wp-json\/wp\/v2\/types\/product"}],"wp:featuredmedia":[{"embeddable":true,"href":"https:\/\/www.hanawa-origami.com\/index.php\/wp-json\/wp\/v2\/media\/1716"}],"wp:attachment":[{"href":"https:\/\/www.hanawa-origami.com\/index.php\/wp-json\/wp\/v2\/media?parent=1323"}],"wp:term":[{"taxonomy":"product_brand","embeddable":true,"href":"https:\/\/www.hanawa-origami.com\/index.php\/wp-json\/wp\/v2\/product_brand?post=1323"},{"taxonomy":"product_cat","embeddable":true,"href":"https:\/\/www.hanawa-origami.com\/index.php\/wp-json\/wp\/v2\/product_cat?post=1323"},{"taxonomy":"product_tag","embeddable":true,"href":"https:\/\/www.hanawa-origami.com\/index.php\/wp-json\/wp\/v2\/product_tag?post=1323"}],"curies":[{"name":"wp","href":"https:\/\/api.w.org\/{rel}","templated":true}]}}