{"id":1257,"date":"2020-10-18T19:51:41","date_gmt":"2020-10-18T10:51:41","guid":{"rendered":"https:\/\/www.hanawa-origami.com\/?post_type=product&#038;p=1257"},"modified":"2023-02-03T09:12:31","modified_gmt":"2023-02-03T08:12:31","slug":"couronne-sur-cercle-en-bois-noel-blanc-dore","status":"publish","type":"product","link":"https:\/\/www.hanawa-origami.com\/index.php\/produit\/couronne-sur-cercle-en-bois-noel-blanc-dore\/","title":{"rendered":"Couronne Kyoto &#8211; No\u00ebl Blanc &#038; Dor\u00e9"},"content":{"rendered":"<p>Donn\u00e9es Techniques :<\/p>\n<ul>\n<li>Encombrement total : env 20,5 cm de diam\u00e8tre<\/li>\n<li>Boite cadeau cartonn\u00e9e couleur papier kraft inclus<\/li>\n<li>Veuillez noter que chaque produit est r\u00e9alis\u00e9 \u00e0 la main et est un mod\u00e8le unique. Il est donc possible que le produit livr\u00e9 diff\u00e8re l\u00e9g\u00e8rement de la photo apparaissant sur le site, la d\u00e9coupe et le pliage des papiers washi amenant de subtiles diff\u00e9rences.<\/li>\n<\/ul>\n<p>&nbsp;<\/p>\n<p>Conditions d&rsquo;utilisation :<\/p>\n<ul>\n<li>Attention : cette cr\u00e9ation n&rsquo;est pas \u00e0 laisser \u00e0 la port\u00e9e des enfants. Les perles ou autres petits \u00e9l\u00e9ments, si arrach\u00e9s, peuvent \u00eatre aval\u00e9s par de jeunes enfants.<\/li>\n<li>Afin de pr\u00e9server les couleurs d&rsquo;origine, cette cr\u00e9ation devra \u00eatre prot\u00e9g\u00e9e de la pluie et des rayons directs du soleil pour les pr\u00e9server.<\/li>\n<\/ul>\n<p>&nbsp;<\/p>\n<p>Retrouvez tous nos mod\u00e8les de couronnes par <a href=\"https:\/\/www.hanawa-origami.com\/index.php\/couronnes\/\" target=\"_blank\" rel=\"noopener noreferrer\">ici<\/a>!<\/p>\n<p><img decoding=\"async\" class=\"alignnone wp-image-1242 size-thumbnail\" src=\"https:\/\/www.hanawa-origami.com\/wp-content\/uploads\/2020\/10\/bois-noel-rouge-et-dor\u00e9-150x150.jpg\" alt=\"\" width=\"150\" height=\"150\" srcset=\"https:\/\/www.hanawa-origami.com\/wp-content\/uploads\/2020\/10\/bois-noel-rouge-et-dor\u00e9-150x150.jpg 150w, https:\/\/www.hanawa-origami.com\/wp-content\/uploads\/2020\/10\/bois-noel-rouge-et-dor\u00e9.jpg 1024w, https:\/\/www.hanawa-origami.com\/wp-content\/uploads\/2020\/10\/bois-noel-rouge-et-dor\u00e9-100x100.jpg 100w, https:\/\/www.hanawa-origami.com\/wp-content\/uploads\/2020\/10\/bois-noel-rouge-et-dor\u00e9-1200x1200.jpg 1200w, https:\/\/www.hanawa-origami.com\/wp-content\/uploads\/2020\/10\/bois-noel-rouge-et-dor\u00e9-768x768.jpg 768w\" sizes=\"(max-width: 150px) 100vw, 150px\" \/><\/p>\n<p>&nbsp;<\/p>\n","protected":false},"excerpt":{"rendered":"<h4>Ronde de pois de senteur en origami composent cette couronne de No\u00ebl. Les papiers washi dans les tons de blanc et dor\u00e9 apportent luminosit\u00e9 et f\u00e9\u00e9rie \u00e0 cette couronne et nous fait r\u00eaver \u00e0 un No\u00ebl blanc.<\/h4>\n<h4>Au c\u0153ur de chaque pliage, une perles de verre est cousue au fil dor\u00e9 pour apporter de l&rsquo;\u00e9clat et une jolie finition \u00e0 la couronne.<\/h4>\n<p>Elle est constitu\u00e9e d&rsquo;un cercle en bois de 20 cm de diam\u00e8tre sur lequel sont fix\u00e9s les origamis, laissant appara\u00eetre une partie du cercle pour apporter une touche d&rsquo;originalit\u00e9.<\/p>\n<p>Vous pourrez l&rsquo;accrocher sur un mur ou une porte \u00e0 l&rsquo;aide du ruban fourni par nos soins. C&rsquo;est pourquoi, elle peut d\u00e9corer \u00e0 la fois une pi\u00e8ce ou un meuble. En effet, elle sera tr\u00e8s jolie sur la porte d&rsquo;une armoire ou encore sur le cadre d&rsquo;une fen\u00eatre et ajoutera une touche de couleur \u00e0 votre int\u00e9rieur, mais elle pourra \u00e9galement \u00eatre fix\u00e9e \u00e0 votre porte d&rsquo;entr\u00e9e pour accueillir vos visiteurs.<\/p>\n<p>R\u00e9f\u00e9rence : CO0106<\/p>\n","protected":false},"featured_media":1234,"template":"","meta":{"_monsterinsights_skip_tracking":false,"_monsterinsights_sitenote_active":false,"_monsterinsights_sitenote_note":"","_monsterinsights_sitenote_category":0,"ocean_post_layout":"","ocean_both_sidebars_style":"","ocean_both_sidebars_content_width":0,"ocean_both_sidebars_sidebars_width":0,"ocean_sidebar":"0","ocean_second_sidebar":"0","ocean_disable_margins":"enable","ocean_add_body_class":"","ocean_shortcode_before_top_bar":"","ocean_shortcode_after_top_bar":"","ocean_shortcode_before_header":"","ocean_shortcode_after_header":"","ocean_has_shortcode":"","ocean_shortcode_after_title":"","ocean_shortcode_before_footer_widgets":"","ocean_shortcode_after_footer_widgets":"","ocean_shortcode_before_footer_bottom":"","ocean_shortcode_after_footer_bottom":"","ocean_display_top_bar":"default","ocean_display_header":"default","ocean_header_style":"","ocean_center_header_left_menu":"0","ocean_custom_header_template":"0","ocean_custom_logo":0,"ocean_custom_retina_logo":0,"ocean_custom_logo_max_width":0,"ocean_custom_logo_tablet_max_width":0,"ocean_custom_logo_mobile_max_width":0,"ocean_custom_logo_max_height":0,"ocean_custom_logo_tablet_max_height":0,"ocean_custom_logo_mobile_max_height":0,"ocean_header_custom_menu":"0","ocean_menu_typo_font_family":"0","ocean_menu_typo_font_subset":"","ocean_menu_typo_font_size":0,"ocean_menu_typo_font_size_tablet":0,"ocean_menu_typo_font_size_mobile":0,"ocean_menu_typo_font_size_unit":"px","ocean_menu_typo_font_weight":"","ocean_menu_typo_font_weight_tablet":"","ocean_menu_typo_font_weight_mobile":"","ocean_menu_typo_transform":"","ocean_menu_typo_transform_tablet":"","ocean_menu_typo_transform_mobile":"","ocean_menu_typo_line_height":0,"ocean_menu_typo_line_height_tablet":0,"ocean_menu_typo_line_height_mobile":0,"ocean_menu_typo_line_height_unit":"","ocean_menu_typo_spacing":0,"ocean_menu_typo_spacing_tablet":0,"ocean_menu_typo_spacing_mobile":0,"ocean_menu_typo_spacing_unit":"","ocean_menu_link_color":"","ocean_menu_link_color_hover":"","ocean_menu_link_color_active":"","ocean_menu_link_background":"","ocean_menu_link_hover_background":"","ocean_menu_link_active_background":"","ocean_menu_social_links_bg":"","ocean_menu_social_hover_links_bg":"","ocean_menu_social_links_color":"","ocean_menu_social_hover_links_color":"","ocean_disable_title":"default","ocean_disable_heading":"default","ocean_post_title":"","ocean_post_subheading":"","ocean_post_title_style":"","ocean_post_title_background_color":"","ocean_post_title_background":0,"ocean_post_title_bg_image_position":"","ocean_post_title_bg_image_attachment":"","ocean_post_title_bg_image_repeat":"","ocean_post_title_bg_image_size":"","ocean_post_title_height":0,"ocean_post_title_bg_overlay":0.5,"ocean_post_title_bg_overlay_color":"","ocean_disable_breadcrumbs":"default","ocean_breadcrumbs_color":"","ocean_breadcrumbs_separator_color":"","ocean_breadcrumbs_links_color":"","ocean_breadcrumbs_links_hover_color":"","ocean_display_footer_widgets":"default","ocean_display_footer_bottom":"default","ocean_custom_footer_template":"0"},"product_brand":[],"product_cat":[30,113],"product_tag":[45,114,43,59,131,115],"class_list":{"0":"post-1257","1":"product","2":"type-product","3":"status-publish","4":"has-post-thumbnail","6":"product_cat-couronnes","7":"product_cat-noel","8":"product_tag-blanc","9":"product_tag-bois","10":"product_tag-couronne","11":"product_tag-dore","12":"product_tag-kyoto","13":"product_tag-noel","14":"product_shipping_class-colis-suivi-moins-250g","16":"entry","17":"has-media","19":"first","20":"instock","21":"shipping-taxable","22":"purchasable","23":"product-type-simple","24":"has-product-nav","25":"col","26":"span_1_of_2","27":"owp-content-center","28":"owp-thumbs-layout-horizontal","29":"owp-btn-normal","30":"owp-tabs-layout-horizontal"},"yoast_head":"<!-- This site is optimized with the Yoast SEO plugin v25.3.1 - https:\/\/yoast.com\/wordpress\/plugins\/seo\/ -->\n<title>Couronne Kyoto - No\u00ebl Blanc &amp; Dor\u00e9 | HANAWA ORIGAMI<\/title>\n<meta name=\"description\" content=\"Ronde de pois de senteur en origami composent cette couronne de No\u00ebl. Les papiers washi dans les tons de blanc et dor\u00e9 apportent luminosit\u00e9 et f\u00e9\u00e9rie \u00e0 cette couronne et nous fait r\u00eaver \u00e0 un No\u00ebl blanc.\" \/>\n<meta name=\"robots\" content=\"index, follow, max-snippet:-1, max-image-preview:large, max-video-preview:-1\" \/>\n<link rel=\"canonical\" href=\"https:\/\/www.hanawa-origami.com\/index.php\/produit\/couronne-sur-cercle-en-bois-noel-blanc-dore\/\" \/>\n<meta property=\"og:locale\" content=\"fr_FR\" \/>\n<meta property=\"og:type\" content=\"article\" \/>\n<meta property=\"og:title\" content=\"Couronne Kyoto - No\u00ebl Blanc &amp; Dor\u00e9 | HANAWA ORIGAMI\" \/>\n<meta property=\"og:description\" content=\"Ronde de pois de senteur en origami composent cette couronne de No\u00ebl. Les papiers washi dans les tons de blanc et dor\u00e9 apportent luminosit\u00e9 et f\u00e9\u00e9rie \u00e0 cette couronne et nous fait r\u00eaver \u00e0 un No\u00ebl blanc.\" \/>\n<meta property=\"og:url\" content=\"https:\/\/www.hanawa-origami.com\/index.php\/produit\/couronne-sur-cercle-en-bois-noel-blanc-dore\/\" \/>\n<meta property=\"og:site_name\" content=\"HANAWA ORIGAMI\" \/>\n<meta property=\"article:modified_time\" content=\"2023-02-03T08:12:31+00:00\" \/>\n<meta property=\"og:image\" content=\"https:\/\/www.hanawa-origami.com\/wp-content\/uploads\/2020\/10\/bois-noel-dor\u00e9.jpg\" \/>\n\t<meta property=\"og:image:width\" content=\"1024\" \/>\n\t<meta property=\"og:image:height\" content=\"1024\" \/>\n\t<meta property=\"og:image:type\" content=\"image\/jpeg\" \/>\n<meta name=\"twitter:card\" content=\"summary_large_image\" \/>\n<meta name=\"twitter:label1\" content=\"Dur\u00e9e de lecture estim\u00e9e\" \/>\n\t<meta name=\"twitter:data1\" content=\"1 minute\" \/>\n<script type=\"application\/ld+json\" class=\"yoast-schema-graph\">{\"@context\":\"https:\/\/schema.org\",\"@graph\":[{\"@type\":\"WebPage\",\"@id\":\"https:\/\/www.hanawa-origami.com\/index.php\/produit\/couronne-sur-cercle-en-bois-noel-blanc-dore\/\",\"url\":\"https:\/\/www.hanawa-origami.com\/index.php\/produit\/couronne-sur-cercle-en-bois-noel-blanc-dore\/\",\"name\":\"Couronne Kyoto - No\u00ebl Blanc & Dor\u00e9 | HANAWA ORIGAMI\",\"isPartOf\":{\"@id\":\"https:\/\/www.hanawa-origami.com\/#website\"},\"primaryImageOfPage\":{\"@id\":\"https:\/\/www.hanawa-origami.com\/index.php\/produit\/couronne-sur-cercle-en-bois-noel-blanc-dore\/#primaryimage\"},\"image\":{\"@id\":\"https:\/\/www.hanawa-origami.com\/index.php\/produit\/couronne-sur-cercle-en-bois-noel-blanc-dore\/#primaryimage\"},\"thumbnailUrl\":\"https:\/\/www.hanawa-origami.com\/wp-content\/uploads\/2020\/10\/bois-noel-dor\u00e9.jpg\",\"datePublished\":\"2020-10-18T10:51:41+00:00\",\"dateModified\":\"2023-02-03T08:12:31+00:00\",\"description\":\"Ronde de pois de senteur en origami composent cette couronne de No\u00ebl. Les papiers washi dans les tons de blanc et dor\u00e9 apportent luminosit\u00e9 et f\u00e9\u00e9rie \u00e0 cette couronne et nous fait r\u00eaver \u00e0 un No\u00ebl blanc.\",\"breadcrumb\":{\"@id\":\"https:\/\/www.hanawa-origami.com\/index.php\/produit\/couronne-sur-cercle-en-bois-noel-blanc-dore\/#breadcrumb\"},\"inLanguage\":\"fr-FR\",\"potentialAction\":[{\"@type\":\"ReadAction\",\"target\":[\"https:\/\/www.hanawa-origami.com\/index.php\/produit\/couronne-sur-cercle-en-bois-noel-blanc-dore\/\"]}]},{\"@type\":\"ImageObject\",\"inLanguage\":\"fr-FR\",\"@id\":\"https:\/\/www.hanawa-origami.com\/index.php\/produit\/couronne-sur-cercle-en-bois-noel-blanc-dore\/#primaryimage\",\"url\":\"https:\/\/www.hanawa-origami.com\/wp-content\/uploads\/2020\/10\/bois-noel-dor\u00e9.jpg\",\"contentUrl\":\"https:\/\/www.hanawa-origami.com\/wp-content\/uploads\/2020\/10\/bois-noel-dor\u00e9.jpg\",\"width\":1024,\"height\":1024},{\"@type\":\"BreadcrumbList\",\"@id\":\"https:\/\/www.hanawa-origami.com\/index.php\/produit\/couronne-sur-cercle-en-bois-noel-blanc-dore\/#breadcrumb\",\"itemListElement\":[{\"@type\":\"ListItem\",\"position\":1,\"name\":\"Accueil\",\"item\":\"https:\/\/www.hanawa-origami.com\/\"},{\"@type\":\"ListItem\",\"position\":2,\"name\":\"Cr\u00e9ations\",\"item\":\"https:\/\/www.hanawa-origami.com\/index.php\/shop\/\"},{\"@type\":\"ListItem\",\"position\":3,\"name\":\"No\u00ebl\",\"item\":\"https:\/\/www.hanawa-origami.com\/index.php\/categorie-produit\/noel\/\"},{\"@type\":\"ListItem\",\"position\":4,\"name\":\"Couronne Kyoto &#8211; No\u00ebl Blanc &#038; Dor\u00e9\"}]},{\"@type\":\"WebSite\",\"@id\":\"https:\/\/www.hanawa-origami.com\/#website\",\"url\":\"https:\/\/www.hanawa-origami.com\/\",\"name\":\"Hanawa Origami\",\"description\":\"\",\"publisher\":{\"@id\":\"https:\/\/www.hanawa-origami.com\/#organization\"},\"potentialAction\":[{\"@type\":\"SearchAction\",\"target\":{\"@type\":\"EntryPoint\",\"urlTemplate\":\"https:\/\/www.hanawa-origami.com\/?s={search_term_string}\"},\"query-input\":{\"@type\":\"PropertyValueSpecification\",\"valueRequired\":true,\"valueName\":\"search_term_string\"}}],\"inLanguage\":\"fr-FR\"},{\"@type\":\"Organization\",\"@id\":\"https:\/\/www.hanawa-origami.com\/#organization\",\"name\":\"hanawa-origami\",\"url\":\"https:\/\/www.hanawa-origami.com\/\",\"logo\":{\"@type\":\"ImageObject\",\"inLanguage\":\"fr-FR\",\"@id\":\"https:\/\/www.hanawa-origami.com\/#\/schema\/logo\/image\/\",\"url\":\"https:\/\/www.hanawa-origami.com\/wp-content\/uploads\/2020\/06\/Logo-Hanawa_detoure-site.png\",\"contentUrl\":\"https:\/\/www.hanawa-origami.com\/wp-content\/uploads\/2020\/06\/Logo-Hanawa_detoure-site.png\",\"width\":493,\"height\":338,\"caption\":\"hanawa-origami\"},\"image\":{\"@id\":\"https:\/\/www.hanawa-origami.com\/#\/schema\/logo\/image\/\"}}]}<\/script>\n<!-- \/ Yoast SEO plugin. -->","yoast_head_json":{"title":"Couronne Kyoto - No\u00ebl Blanc & Dor\u00e9 | HANAWA ORIGAMI","description":"Ronde de pois de senteur en origami composent cette couronne de No\u00ebl. Les papiers washi dans les tons de blanc et dor\u00e9 apportent luminosit\u00e9 et f\u00e9\u00e9rie \u00e0 cette couronne et nous fait r\u00eaver \u00e0 un No\u00ebl blanc.","robots":{"index":"index","follow":"follow","max-snippet":"max-snippet:-1","max-image-preview":"max-image-preview:large","max-video-preview":"max-video-preview:-1"},"canonical":"https:\/\/www.hanawa-origami.com\/index.php\/produit\/couronne-sur-cercle-en-bois-noel-blanc-dore\/","og_locale":"fr_FR","og_type":"article","og_title":"Couronne Kyoto - No\u00ebl Blanc & Dor\u00e9 | HANAWA ORIGAMI","og_description":"Ronde de pois de senteur en origami composent cette couronne de No\u00ebl. Les papiers washi dans les tons de blanc et dor\u00e9 apportent luminosit\u00e9 et f\u00e9\u00e9rie \u00e0 cette couronne et nous fait r\u00eaver \u00e0 un No\u00ebl blanc.","og_url":"https:\/\/www.hanawa-origami.com\/index.php\/produit\/couronne-sur-cercle-en-bois-noel-blanc-dore\/","og_site_name":"HANAWA ORIGAMI","article_modified_time":"2023-02-03T08:12:31+00:00","og_image":[{"width":1024,"height":1024,"url":"https:\/\/www.hanawa-origami.com\/wp-content\/uploads\/2020\/10\/bois-noel-dor\u00e9.jpg","type":"image\/jpeg"}],"twitter_card":"summary_large_image","twitter_misc":{"Dur\u00e9e de lecture estim\u00e9e":"1 minute"},"schema":{"@context":"https:\/\/schema.org","@graph":[{"@type":"WebPage","@id":"https:\/\/www.hanawa-origami.com\/index.php\/produit\/couronne-sur-cercle-en-bois-noel-blanc-dore\/","url":"https:\/\/www.hanawa-origami.com\/index.php\/produit\/couronne-sur-cercle-en-bois-noel-blanc-dore\/","name":"Couronne Kyoto - No\u00ebl Blanc & Dor\u00e9 | HANAWA ORIGAMI","isPartOf":{"@id":"https:\/\/www.hanawa-origami.com\/#website"},"primaryImageOfPage":{"@id":"https:\/\/www.hanawa-origami.com\/index.php\/produit\/couronne-sur-cercle-en-bois-noel-blanc-dore\/#primaryimage"},"image":{"@id":"https:\/\/www.hanawa-origami.com\/index.php\/produit\/couronne-sur-cercle-en-bois-noel-blanc-dore\/#primaryimage"},"thumbnailUrl":"https:\/\/www.hanawa-origami.com\/wp-content\/uploads\/2020\/10\/bois-noel-dor\u00e9.jpg","datePublished":"2020-10-18T10:51:41+00:00","dateModified":"2023-02-03T08:12:31+00:00","description":"Ronde de pois de senteur en origami composent cette couronne de No\u00ebl. Les papiers washi dans les tons de blanc et dor\u00e9 apportent luminosit\u00e9 et f\u00e9\u00e9rie \u00e0 cette couronne et nous fait r\u00eaver \u00e0 un No\u00ebl blanc.","breadcrumb":{"@id":"https:\/\/www.hanawa-origami.com\/index.php\/produit\/couronne-sur-cercle-en-bois-noel-blanc-dore\/#breadcrumb"},"inLanguage":"fr-FR","potentialAction":[{"@type":"ReadAction","target":["https:\/\/www.hanawa-origami.com\/index.php\/produit\/couronne-sur-cercle-en-bois-noel-blanc-dore\/"]}]},{"@type":"ImageObject","inLanguage":"fr-FR","@id":"https:\/\/www.hanawa-origami.com\/index.php\/produit\/couronne-sur-cercle-en-bois-noel-blanc-dore\/#primaryimage","url":"https:\/\/www.hanawa-origami.com\/wp-content\/uploads\/2020\/10\/bois-noel-dor\u00e9.jpg","contentUrl":"https:\/\/www.hanawa-origami.com\/wp-content\/uploads\/2020\/10\/bois-noel-dor\u00e9.jpg","width":1024,"height":1024},{"@type":"BreadcrumbList","@id":"https:\/\/www.hanawa-origami.com\/index.php\/produit\/couronne-sur-cercle-en-bois-noel-blanc-dore\/#breadcrumb","itemListElement":[{"@type":"ListItem","position":1,"name":"Accueil","item":"https:\/\/www.hanawa-origami.com\/"},{"@type":"ListItem","position":2,"name":"Cr\u00e9ations","item":"https:\/\/www.hanawa-origami.com\/index.php\/shop\/"},{"@type":"ListItem","position":3,"name":"No\u00ebl","item":"https:\/\/www.hanawa-origami.com\/index.php\/categorie-produit\/noel\/"},{"@type":"ListItem","position":4,"name":"Couronne Kyoto &#8211; No\u00ebl Blanc &#038; Dor\u00e9"}]},{"@type":"WebSite","@id":"https:\/\/www.hanawa-origami.com\/#website","url":"https:\/\/www.hanawa-origami.com\/","name":"Hanawa Origami","description":"","publisher":{"@id":"https:\/\/www.hanawa-origami.com\/#organization"},"potentialAction":[{"@type":"SearchAction","target":{"@type":"EntryPoint","urlTemplate":"https:\/\/www.hanawa-origami.com\/?s={search_term_string}"},"query-input":{"@type":"PropertyValueSpecification","valueRequired":true,"valueName":"search_term_string"}}],"inLanguage":"fr-FR"},{"@type":"Organization","@id":"https:\/\/www.hanawa-origami.com\/#organization","name":"hanawa-origami","url":"https:\/\/www.hanawa-origami.com\/","logo":{"@type":"ImageObject","inLanguage":"fr-FR","@id":"https:\/\/www.hanawa-origami.com\/#\/schema\/logo\/image\/","url":"https:\/\/www.hanawa-origami.com\/wp-content\/uploads\/2020\/06\/Logo-Hanawa_detoure-site.png","contentUrl":"https:\/\/www.hanawa-origami.com\/wp-content\/uploads\/2020\/06\/Logo-Hanawa_detoure-site.png","width":493,"height":338,"caption":"hanawa-origami"},"image":{"@id":"https:\/\/www.hanawa-origami.com\/#\/schema\/logo\/image\/"}}]}},"_links":{"self":[{"href":"https:\/\/www.hanawa-origami.com\/index.php\/wp-json\/wp\/v2\/product\/1257","targetHints":{"allow":["GET"]}}],"collection":[{"href":"https:\/\/www.hanawa-origami.com\/index.php\/wp-json\/wp\/v2\/product"}],"about":[{"href":"https:\/\/www.hanawa-origami.com\/index.php\/wp-json\/wp\/v2\/types\/product"}],"wp:featuredmedia":[{"embeddable":true,"href":"https:\/\/www.hanawa-origami.com\/index.php\/wp-json\/wp\/v2\/media\/1234"}],"wp:attachment":[{"href":"https:\/\/www.hanawa-origami.com\/index.php\/wp-json\/wp\/v2\/media?parent=1257"}],"wp:term":[{"taxonomy":"product_brand","embeddable":true,"href":"https:\/\/www.hanawa-origami.com\/index.php\/wp-json\/wp\/v2\/product_brand?post=1257"},{"taxonomy":"product_cat","embeddable":true,"href":"https:\/\/www.hanawa-origami.com\/index.php\/wp-json\/wp\/v2\/product_cat?post=1257"},{"taxonomy":"product_tag","embeddable":true,"href":"https:\/\/www.hanawa-origami.com\/index.php\/wp-json\/wp\/v2\/product_tag?post=1257"}],"curies":[{"name":"wp","href":"https:\/\/api.w.org\/{rel}","templated":true}]}}