{"id":761,"date":"2020-07-04T22:46:06","date_gmt":"2020-07-04T13:46:06","guid":{"rendered":"https:\/\/www.hanawa-origami.com\/?page_id=761"},"modified":"2025-06-28T09:06:12","modified_gmt":"2025-06-28T07:06:12","slug":"serre-tetes","status":"publish","type":"page","link":"https:\/\/www.hanawa-origami.com\/index.php\/serre-tetes\/","title":{"rendered":"Tableaux"},"content":{"rendered":"\t\t<div data-elementor-type=\"wp-page\" data-elementor-id=\"761\" class=\"elementor elementor-761\">\n\t\t\t\t\t\t<section class=\"elementor-section elementor-top-section elementor-element elementor-element-0a2f241 elementor-section-boxed elementor-section-height-default elementor-section-height-default\" data-id=\"0a2f241\" data-element_type=\"section\">\n\t\t\t\t\t\t<div class=\"elementor-container elementor-column-gap-default\">\n\t\t\t\t\t<div class=\"elementor-column elementor-col-100 elementor-top-column elementor-element elementor-element-0708729\" data-id=\"0708729\" data-element_type=\"column\">\n\t\t\t<div class=\"elementor-widget-wrap elementor-element-populated\">\n\t\t\t\t\t\t<div class=\"elementor-element elementor-element-b9dcae2 elementor-widget elementor-widget-text-editor\" data-id=\"b9dcae2\" data-element_type=\"widget\" data-widget_type=\"text-editor.default\">\n\t\t\t\t<div class=\"elementor-widget-container\">\n\t\t\t\t\t\t\t\t\t<p>Tableaux en acrylique et papiers washi, mont\u00e9s sur une caisse am\u00e9ricaine.<\/p>\t\t\t\t\t\t\t\t<\/div>\n\t\t\t\t<\/div>\n\t\t\t\t\t<\/div>\n\t\t<\/div>\n\t\t\t\t\t<\/div>\n\t\t<\/section>\n\t\t\t\t<section class=\"elementor-section elementor-top-section elementor-element elementor-element-188f269 elementor-section-boxed elementor-section-height-default elementor-section-height-default\" data-id=\"188f269\" data-element_type=\"section\">\n\t\t\t\t\t\t<div class=\"elementor-container elementor-column-gap-default\">\n\t\t\t\t\t<div class=\"elementor-column elementor-col-100 elementor-top-column elementor-element elementor-element-dc27245\" data-id=\"dc27245\" data-element_type=\"column\">\n\t\t\t<div class=\"elementor-widget-wrap elementor-element-populated\">\n\t\t\t\t\t\t<div class=\"elementor-element elementor-element-81e02f2 elementor-widget elementor-widget-shortcode\" data-id=\"81e02f2\" data-element_type=\"widget\" data-widget_type=\"shortcode.default\">\n\t\t\t\t<div class=\"elementor-widget-container\">\n\t\t\t\t\t\t\t<div class=\"elementor-shortcode\"><div class=\"woocommerce columns-4 \">\r\n<ul class=\"products oceanwp-row clr grid tablet-col tablet-2-col mobile-col mobile-2-col\">\r\n<li class=\"entry has-media has-product-nav col span_1_of_4 owp-content-center owp-thumbs-layout-horizontal owp-btn-normal owp-tabs-layout-horizontal product type-product post-3448 status-publish first instock product_cat-tableaux has-post-thumbnail shipping-taxable purchasable product-type-simple\">\n\t<div class=\"product-inner clr\">\r\n\t<div class=\"woo-entry-image-swap woo-entry-image clr\">\r\n\t\t<a href=\"https:\/\/www.hanawa-origami.com\/index.php\/produit\/tableau-acrylique-et-origami-en-papier-washi\/\" class=\"woocommerce-LoopProduct-link\"><img fetchpriority=\"high\" decoding=\"async\" width=\"1024\" height=\"1024\" src=\"https:\/\/www.hanawa-origami.com\/wp-content\/uploads\/2025\/06\/img_3281-1024x1024.jpeg\" class=\"woo-entry-image-main\" alt=\"Tableau acrylique et origami en papier washi\" itemprop=\"image\" srcset=\"https:\/\/www.hanawa-origami.com\/wp-content\/uploads\/2025\/06\/img_3281-1024x1024.jpeg 1024w, https:\/\/www.hanawa-origami.com\/wp-content\/uploads\/2025\/06\/img_3281-300x300.jpeg 300w, https:\/\/www.hanawa-origami.com\/wp-content\/uploads\/2025\/06\/img_3281-150x150.jpeg 150w, https:\/\/www.hanawa-origami.com\/wp-content\/uploads\/2025\/06\/img_3281-768x768.jpeg 768w, https:\/\/www.hanawa-origami.com\/wp-content\/uploads\/2025\/06\/img_3281-1536x1536.jpeg 1536w, https:\/\/www.hanawa-origami.com\/wp-content\/uploads\/2025\/06\/img_3281-2048x2048.jpeg 2048w, https:\/\/www.hanawa-origami.com\/wp-content\/uploads\/2025\/06\/img_3281-600x600.jpeg 600w, https:\/\/www.hanawa-origami.com\/wp-content\/uploads\/2025\/06\/img_3281-100x100.jpeg 100w\" sizes=\"(max-width: 1024px) 100vw, 1024px\" \/><img decoding=\"async\" width=\"1024\" height=\"1024\" src=\"https:\/\/www.hanawa-origami.com\/wp-content\/uploads\/2025\/06\/img_3283-1-1024x1024.jpeg\" class=\"woo-entry-image-secondary\" alt=\"Tableau acrylique et origami en papier washi\" itemprop=\"image\" srcset=\"https:\/\/www.hanawa-origami.com\/wp-content\/uploads\/2025\/06\/img_3283-1-1024x1024.jpeg 1024w, https:\/\/www.hanawa-origami.com\/wp-content\/uploads\/2025\/06\/img_3283-1-300x300.jpeg 300w, https:\/\/www.hanawa-origami.com\/wp-content\/uploads\/2025\/06\/img_3283-1-150x150.jpeg 150w, https:\/\/www.hanawa-origami.com\/wp-content\/uploads\/2025\/06\/img_3283-1-768x768.jpeg 768w, https:\/\/www.hanawa-origami.com\/wp-content\/uploads\/2025\/06\/img_3283-1-1536x1536.jpeg 1536w, https:\/\/www.hanawa-origami.com\/wp-content\/uploads\/2025\/06\/img_3283-1-2048x2048.jpeg 2048w, https:\/\/www.hanawa-origami.com\/wp-content\/uploads\/2025\/06\/img_3283-1-600x600.jpeg 600w, https:\/\/www.hanawa-origami.com\/wp-content\/uploads\/2025\/06\/img_3283-1-100x100.jpeg 100w\" sizes=\"(max-width: 1024px) 100vw, 1024px\" \/><\/a><a href=\"#\" id=\"product_id_3448\" class=\"owp-quick-view\" data-product_id=\"3448\" aria-label=\"Pr\u00e9visualiser rapidement le produit Tableau acrylique et origami en papier washi\"><i class=\" icon-eye\" aria-hidden=\"true\" role=\"img\"><\/i> Vue rapide<\/a>\t<\/div><!-- .woo-entry-image-swap -->\r\n\r\n<ul class=\"woo-entry-inner clr\"><li class=\"image-wrap\">\r\n\t<div class=\"woo-entry-image-swap woo-entry-image clr\">\r\n\t\t<a href=\"https:\/\/www.hanawa-origami.com\/index.php\/produit\/tableau-acrylique-et-origami-en-papier-washi\/\" class=\"woocommerce-LoopProduct-link\"><img fetchpriority=\"high\" decoding=\"async\" width=\"1024\" height=\"1024\" src=\"https:\/\/www.hanawa-origami.com\/wp-content\/uploads\/2025\/06\/img_3281-1024x1024.jpeg\" class=\"woo-entry-image-main\" alt=\"Tableau acrylique et origami en papier washi\" itemprop=\"image\" srcset=\"https:\/\/www.hanawa-origami.com\/wp-content\/uploads\/2025\/06\/img_3281-1024x1024.jpeg 1024w, https:\/\/www.hanawa-origami.com\/wp-content\/uploads\/2025\/06\/img_3281-300x300.jpeg 300w, https:\/\/www.hanawa-origami.com\/wp-content\/uploads\/2025\/06\/img_3281-150x150.jpeg 150w, https:\/\/www.hanawa-origami.com\/wp-content\/uploads\/2025\/06\/img_3281-768x768.jpeg 768w, https:\/\/www.hanawa-origami.com\/wp-content\/uploads\/2025\/06\/img_3281-1536x1536.jpeg 1536w, https:\/\/www.hanawa-origami.com\/wp-content\/uploads\/2025\/06\/img_3281-2048x2048.jpeg 2048w, https:\/\/www.hanawa-origami.com\/wp-content\/uploads\/2025\/06\/img_3281-600x600.jpeg 600w, https:\/\/www.hanawa-origami.com\/wp-content\/uploads\/2025\/06\/img_3281-100x100.jpeg 100w\" sizes=\"(max-width: 1024px) 100vw, 1024px\" \/><img decoding=\"async\" width=\"1024\" height=\"1024\" src=\"https:\/\/www.hanawa-origami.com\/wp-content\/uploads\/2025\/06\/img_3283-1-1024x1024.jpeg\" class=\"woo-entry-image-secondary\" alt=\"Tableau acrylique et origami en papier washi\" itemprop=\"image\" srcset=\"https:\/\/www.hanawa-origami.com\/wp-content\/uploads\/2025\/06\/img_3283-1-1024x1024.jpeg 1024w, https:\/\/www.hanawa-origami.com\/wp-content\/uploads\/2025\/06\/img_3283-1-300x300.jpeg 300w, https:\/\/www.hanawa-origami.com\/wp-content\/uploads\/2025\/06\/img_3283-1-150x150.jpeg 150w, https:\/\/www.hanawa-origami.com\/wp-content\/uploads\/2025\/06\/img_3283-1-768x768.jpeg 768w, https:\/\/www.hanawa-origami.com\/wp-content\/uploads\/2025\/06\/img_3283-1-1536x1536.jpeg 1536w, https:\/\/www.hanawa-origami.com\/wp-content\/uploads\/2025\/06\/img_3283-1-2048x2048.jpeg 2048w, https:\/\/www.hanawa-origami.com\/wp-content\/uploads\/2025\/06\/img_3283-1-600x600.jpeg 600w, https:\/\/www.hanawa-origami.com\/wp-content\/uploads\/2025\/06\/img_3283-1-100x100.jpeg 100w\" sizes=\"(max-width: 1024px) 100vw, 1024px\" \/><\/a><a href=\"#\" id=\"product_id_3448\" class=\"owp-quick-view\" data-product_id=\"3448\" aria-label=\"Pr\u00e9visualiser rapidement le produit Tableau acrylique et origami en papier washi\"><i class=\" icon-eye\" aria-hidden=\"true\" role=\"img\"><\/i> Vue rapide<\/a>\t<\/div><!-- .woo-entry-image-swap -->\r\n\r\n<\/li><li class=\"category\"><a href=\"https:\/\/www.hanawa-origami.com\/index.php\/categorie-produit\/tableaux\/\" rel=\"tag\">tableaux<\/a><\/li><li class=\"title\"><h2><a href=\"https:\/\/www.hanawa-origami.com\/index.php\/produit\/tableau-acrylique-et-origami-en-papier-washi\/\">Tableau acrylique et origami en papier washi<\/a><\/h2><\/li><li class=\"price-wrap\">\n\t<span class=\"price\"><span class=\"woocommerce-Price-amount amount\"><bdi>240,00<span class=\"woocommerce-Price-currencySymbol\">&euro;<\/span><\/bdi><\/span><\/span>\n<\/li><li class=\"rating\"><\/li><li class=\"btn-wrap clr\"><a href=\"?add-to-cart=3448\" aria-describedby=\"woocommerce_loop_add_to_cart_link_describedby_3448\" data-quantity=\"1\" class=\"button product_type_simple add_to_cart_button ajax_add_to_cart\" data-product_id=\"3448\" data-product_sku=\"\" aria-label=\"Ajouter au panier\u00a0: &ldquo;Tableau acrylique et origami en papier washi&rdquo;\" rel=\"nofollow\" data-success_message=\"\u00ab\u00a0Tableau acrylique et origami en papier washi\u00a0\u00bb a \u00e9t\u00e9 ajout\u00e9 \u00e0 votre panier\">Ajouter au panier<\/a>\t<span id=\"woocommerce_loop_add_to_cart_link_describedby_3448\" class=\"screen-reader-text\">\n\t\t\t<\/span>\n<\/li><\/ul><\/div><!-- .product-inner .clr --><\/li>\n<li class=\"entry has-media has-product-nav col span_1_of_4 owp-content-center owp-thumbs-layout-horizontal owp-btn-normal owp-tabs-layout-horizontal product type-product post-2352 status-publish instock product_cat-tableaux product_tag-fleurs product_tag-mauve product_tag-perle product_tag-rose product_tag-tableau has-post-thumbnail shipping-taxable purchasable product-type-simple\">\n\t<div class=\"product-inner clr\">\r\n\t<div class=\"woo-entry-image-swap woo-entry-image clr\">\r\n\t\t<a href=\"https:\/\/www.hanawa-origami.com\/index.php\/produit\/tableau-origami-acrylique-crepuscule\/\" class=\"woocommerce-LoopProduct-link\"><img decoding=\"async\" width=\"1024\" height=\"1024\" src=\"https:\/\/www.hanawa-origami.com\/wp-content\/uploads\/2021\/09\/bleu6-1024x1024.jpg\" class=\"woo-entry-image-main\" alt=\"Tableau Origami &#038; Acrylique &#8211; CREPUSCULE\" itemprop=\"image\" srcset=\"https:\/\/www.hanawa-origami.com\/wp-content\/uploads\/2021\/09\/bleu6.jpg 1024w, https:\/\/www.hanawa-origami.com\/wp-content\/uploads\/2021\/09\/bleu6-300x300.jpg 300w, https:\/\/www.hanawa-origami.com\/wp-content\/uploads\/2021\/09\/bleu6-150x150.jpg 150w, https:\/\/www.hanawa-origami.com\/wp-content\/uploads\/2021\/09\/bleu6-768x768.jpg 768w, https:\/\/www.hanawa-origami.com\/wp-content\/uploads\/2021\/09\/bleu6-100x100.jpg 100w\" sizes=\"(max-width: 1024px) 100vw, 1024px\" \/><img loading=\"lazy\" decoding=\"async\" width=\"1024\" height=\"1024\" src=\"https:\/\/www.hanawa-origami.com\/wp-content\/uploads\/2021\/09\/bleu5-1024x1024.jpg\" class=\"woo-entry-image-secondary\" alt=\"Tableau Origami &#038; Acrylique &#8211; CREPUSCULE\" itemprop=\"image\" srcset=\"https:\/\/www.hanawa-origami.com\/wp-content\/uploads\/2021\/09\/bleu5.jpg 1024w, https:\/\/www.hanawa-origami.com\/wp-content\/uploads\/2021\/09\/bleu5-300x300.jpg 300w, https:\/\/www.hanawa-origami.com\/wp-content\/uploads\/2021\/09\/bleu5-150x150.jpg 150w, https:\/\/www.hanawa-origami.com\/wp-content\/uploads\/2021\/09\/bleu5-768x768.jpg 768w, https:\/\/www.hanawa-origami.com\/wp-content\/uploads\/2021\/09\/bleu5-100x100.jpg 100w\" sizes=\"(max-width: 1024px) 100vw, 1024px\" \/><\/a><a href=\"#\" id=\"product_id_2352\" class=\"owp-quick-view\" data-product_id=\"2352\" aria-label=\"Pr\u00e9visualiser rapidement le produit Tableau Origami & Acrylique - CREPUSCULE\"><i class=\" icon-eye\" aria-hidden=\"true\" role=\"img\"><\/i> Vue rapide<\/a>\t<\/div><!-- .woo-entry-image-swap -->\r\n\r\n<ul class=\"woo-entry-inner clr\"><li class=\"image-wrap\">\r\n\t<div class=\"woo-entry-image-swap woo-entry-image clr\">\r\n\t\t<a href=\"https:\/\/www.hanawa-origami.com\/index.php\/produit\/tableau-origami-acrylique-crepuscule\/\" class=\"woocommerce-LoopProduct-link\"><img decoding=\"async\" width=\"1024\" height=\"1024\" src=\"https:\/\/www.hanawa-origami.com\/wp-content\/uploads\/2021\/09\/bleu6-1024x1024.jpg\" class=\"woo-entry-image-main\" alt=\"Tableau Origami &#038; Acrylique &#8211; CREPUSCULE\" itemprop=\"image\" srcset=\"https:\/\/www.hanawa-origami.com\/wp-content\/uploads\/2021\/09\/bleu6.jpg 1024w, https:\/\/www.hanawa-origami.com\/wp-content\/uploads\/2021\/09\/bleu6-300x300.jpg 300w, https:\/\/www.hanawa-origami.com\/wp-content\/uploads\/2021\/09\/bleu6-150x150.jpg 150w, https:\/\/www.hanawa-origami.com\/wp-content\/uploads\/2021\/09\/bleu6-768x768.jpg 768w, https:\/\/www.hanawa-origami.com\/wp-content\/uploads\/2021\/09\/bleu6-100x100.jpg 100w\" sizes=\"(max-width: 1024px) 100vw, 1024px\" \/><img loading=\"lazy\" decoding=\"async\" width=\"1024\" height=\"1024\" src=\"https:\/\/www.hanawa-origami.com\/wp-content\/uploads\/2021\/09\/bleu5-1024x1024.jpg\" class=\"woo-entry-image-secondary\" alt=\"Tableau Origami &#038; Acrylique &#8211; CREPUSCULE\" itemprop=\"image\" srcset=\"https:\/\/www.hanawa-origami.com\/wp-content\/uploads\/2021\/09\/bleu5.jpg 1024w, https:\/\/www.hanawa-origami.com\/wp-content\/uploads\/2021\/09\/bleu5-300x300.jpg 300w, https:\/\/www.hanawa-origami.com\/wp-content\/uploads\/2021\/09\/bleu5-150x150.jpg 150w, https:\/\/www.hanawa-origami.com\/wp-content\/uploads\/2021\/09\/bleu5-768x768.jpg 768w, https:\/\/www.hanawa-origami.com\/wp-content\/uploads\/2021\/09\/bleu5-100x100.jpg 100w\" sizes=\"(max-width: 1024px) 100vw, 1024px\" \/><\/a><a href=\"#\" id=\"product_id_2352\" class=\"owp-quick-view\" data-product_id=\"2352\" aria-label=\"Pr\u00e9visualiser rapidement le produit Tableau Origami & Acrylique - CREPUSCULE\"><i class=\" icon-eye\" aria-hidden=\"true\" role=\"img\"><\/i> Vue rapide<\/a>\t<\/div><!-- .woo-entry-image-swap -->\r\n\r\n<\/li><li class=\"category\"><a href=\"https:\/\/www.hanawa-origami.com\/index.php\/categorie-produit\/tableaux\/\" rel=\"tag\">tableaux<\/a><\/li><li class=\"title\"><h2><a href=\"https:\/\/www.hanawa-origami.com\/index.php\/produit\/tableau-origami-acrylique-crepuscule\/\">Tableau Origami &#038; Acrylique &#8211; CREPUSCULE<\/a><\/h2><\/li><li class=\"price-wrap\">\n\t<span class=\"price\"><span class=\"woocommerce-Price-amount amount\"><bdi>190,00<span class=\"woocommerce-Price-currencySymbol\">&euro;<\/span><\/bdi><\/span><\/span>\n<\/li><li class=\"rating\"><\/li><li class=\"btn-wrap clr\"><a href=\"?add-to-cart=2352\" aria-describedby=\"woocommerce_loop_add_to_cart_link_describedby_2352\" data-quantity=\"1\" class=\"button product_type_simple add_to_cart_button ajax_add_to_cart\" data-product_id=\"2352\" data-product_sku=\"TA00002\" aria-label=\"Ajouter au panier\u00a0: &ldquo;Tableau Origami &amp; Acrylique - CREPUSCULE&rdquo;\" rel=\"nofollow\" data-success_message=\"\u00ab\u00a0Tableau Origami &amp; Acrylique - CREPUSCULE\u00a0\u00bb a \u00e9t\u00e9 ajout\u00e9 \u00e0 votre panier\">Ajouter au panier<\/a>\t<span id=\"woocommerce_loop_add_to_cart_link_describedby_2352\" class=\"screen-reader-text\">\n\t\t\t<\/span>\n<\/li><\/ul><\/div><!-- .product-inner .clr --><\/li>\n<\/ul>\n<\/div><\/div>\n\t\t\t\t\t\t<\/div>\n\t\t\t\t<\/div>\n\t\t\t\t\t<\/div>\n\t\t<\/div>\n\t\t\t\t\t<\/div>\n\t\t<\/section>\n\t\t\t\t<section class=\"elementor-section elementor-top-section elementor-element elementor-element-40e036a elementor-section-boxed elementor-section-height-default elementor-section-height-default\" data-id=\"40e036a\" data-element_type=\"section\">\n\t\t\t\t\t\t<div class=\"elementor-container elementor-column-gap-default\">\n\t\t\t\t\t<div class=\"elementor-column elementor-col-100 elementor-top-column elementor-element elementor-element-7c1fe90\" data-id=\"7c1fe90\" data-element_type=\"column\">\n\t\t\t<div class=\"elementor-widget-wrap\">\n\t\t\t\t\t\t\t<\/div>\n\t\t<\/div>\n\t\t\t\t\t<\/div>\n\t\t<\/section>\n\t\t\t\t<\/div>\n\t\t","protected":false},"excerpt":{"rendered":"<p>Tableaux en acrylique et papiers washi, mont\u00e9s sur une caisse am\u00e9ricaine.<\/p>\n","protected":false},"author":1,"featured_media":0,"parent":0,"menu_order":0,"comment_status":"closed","ping_status":"closed","template":"","meta":{"_monsterinsights_skip_tracking":false,"_monsterinsights_sitenote_active":false,"_monsterinsights_sitenote_note":"","_monsterinsights_sitenote_category":0,"ocean_post_layout":"","ocean_both_sidebars_style":"","ocean_both_sidebars_content_width":0,"ocean_both_sidebars_sidebars_width":0,"ocean_sidebar":"0","ocean_second_sidebar":"0","ocean_disable_margins":"enable","ocean_add_body_class":"","ocean_shortcode_before_top_bar":"","ocean_shortcode_after_top_bar":"","ocean_shortcode_before_header":"","ocean_shortcode_after_header":"","ocean_has_shortcode":"","ocean_shortcode_after_title":"","ocean_shortcode_before_footer_widgets":"","ocean_shortcode_after_footer_widgets":"","ocean_shortcode_before_footer_bottom":"","ocean_shortcode_after_footer_bottom":"","ocean_display_top_bar":"default","ocean_display_header":"default","ocean_header_style":"","ocean_center_header_left_menu":"0","ocean_custom_header_template":"0","ocean_custom_logo":0,"ocean_custom_retina_logo":0,"ocean_custom_logo_max_width":0,"ocean_custom_logo_tablet_max_width":0,"ocean_custom_logo_mobile_max_width":0,"ocean_custom_logo_max_height":0,"ocean_custom_logo_tablet_max_height":0,"ocean_custom_logo_mobile_max_height":0,"ocean_header_custom_menu":"0","ocean_menu_typo_font_family":"0","ocean_menu_typo_font_subset":"","ocean_menu_typo_font_size":0,"ocean_menu_typo_font_size_tablet":0,"ocean_menu_typo_font_size_mobile":0,"ocean_menu_typo_font_size_unit":"px","ocean_menu_typo_font_weight":"","ocean_menu_typo_font_weight_tablet":"","ocean_menu_typo_font_weight_mobile":"","ocean_menu_typo_transform":"","ocean_menu_typo_transform_tablet":"","ocean_menu_typo_transform_mobile":"","ocean_menu_typo_line_height":0,"ocean_menu_typo_line_height_tablet":0,"ocean_menu_typo_line_height_mobile":0,"ocean_menu_typo_line_height_unit":"","ocean_menu_typo_spacing":0,"ocean_menu_typo_spacing_tablet":0,"ocean_menu_typo_spacing_mobile":0,"ocean_menu_typo_spacing_unit":"","ocean_menu_link_color":"","ocean_menu_link_color_hover":"","ocean_menu_link_color_active":"","ocean_menu_link_background":"","ocean_menu_link_hover_background":"","ocean_menu_link_active_background":"","ocean_menu_social_links_bg":"","ocean_menu_social_hover_links_bg":"","ocean_menu_social_links_color":"","ocean_menu_social_hover_links_color":"","ocean_disable_title":"default","ocean_disable_heading":"default","ocean_post_title":"","ocean_post_subheading":"","ocean_post_title_style":"","ocean_post_title_background_color":"","ocean_post_title_background":0,"ocean_post_title_bg_image_position":"","ocean_post_title_bg_image_attachment":"","ocean_post_title_bg_image_repeat":"","ocean_post_title_bg_image_size":"","ocean_post_title_height":0,"ocean_post_title_bg_overlay":0.5,"ocean_post_title_bg_overlay_color":"","ocean_disable_breadcrumbs":"default","ocean_breadcrumbs_color":"","ocean_breadcrumbs_separator_color":"","ocean_breadcrumbs_links_color":"","ocean_breadcrumbs_links_hover_color":"","ocean_display_footer_widgets":"default","ocean_display_footer_bottom":"default","ocean_custom_footer_template":"0","footnotes":""},"class_list":["post-761","page","type-page","status-publish","hentry","entry","owp-thumbs-layout-horizontal","owp-btn-normal","owp-tabs-layout-horizontal","has-no-thumbnails","has-product-nav"],"yoast_head":"<!-- This site is optimized with the Yoast SEO plugin v25.3.1 - https:\/\/yoast.com\/wordpress\/plugins\/seo\/ -->\n<title>Tableaux | HANAWA ORIGAMI<\/title>\n<meta name=\"robots\" content=\"index, follow, max-snippet:-1, max-image-preview:large, max-video-preview:-1\" \/>\n<link rel=\"canonical\" href=\"https:\/\/www.hanawa-origami.com\/index.php\/serre-tetes\/\" \/>\n<meta property=\"og:locale\" content=\"fr_FR\" \/>\n<meta property=\"og:type\" content=\"article\" \/>\n<meta property=\"og:title\" content=\"Tableaux | HANAWA ORIGAMI\" \/>\n<meta property=\"og:description\" content=\"Tableaux en acrylique et papiers washi, mont\u00e9s sur une caisse am\u00e9ricaine.\" \/>\n<meta property=\"og:url\" content=\"https:\/\/www.hanawa-origami.com\/index.php\/serre-tetes\/\" \/>\n<meta property=\"og:site_name\" content=\"HANAWA ORIGAMI\" \/>\n<meta property=\"article:modified_time\" content=\"2025-06-28T07:06:12+00:00\" \/>\n<meta name=\"twitter:card\" content=\"summary_large_image\" \/>\n<meta name=\"twitter:label1\" content=\"Dur\u00e9e de lecture estim\u00e9e\" \/>\n\t<meta name=\"twitter:data1\" content=\"1 minute\" \/>\n<script type=\"application\/ld+json\" class=\"yoast-schema-graph\">{\"@context\":\"https:\/\/schema.org\",\"@graph\":[{\"@type\":\"WebPage\",\"@id\":\"https:\/\/www.hanawa-origami.com\/index.php\/serre-tetes\/\",\"url\":\"https:\/\/www.hanawa-origami.com\/index.php\/serre-tetes\/\",\"name\":\"Tableaux | HANAWA ORIGAMI\",\"isPartOf\":{\"@id\":\"https:\/\/www.hanawa-origami.com\/#website\"},\"datePublished\":\"2020-07-04T13:46:06+00:00\",\"dateModified\":\"2025-06-28T07:06:12+00:00\",\"breadcrumb\":{\"@id\":\"https:\/\/www.hanawa-origami.com\/index.php\/serre-tetes\/#breadcrumb\"},\"inLanguage\":\"fr-FR\",\"potentialAction\":[{\"@type\":\"ReadAction\",\"target\":[\"https:\/\/www.hanawa-origami.com\/index.php\/serre-tetes\/\"]}]},{\"@type\":\"BreadcrumbList\",\"@id\":\"https:\/\/www.hanawa-origami.com\/index.php\/serre-tetes\/#breadcrumb\",\"itemListElement\":[{\"@type\":\"ListItem\",\"position\":1,\"name\":\"Accueil\",\"item\":\"https:\/\/www.hanawa-origami.com\/\"},{\"@type\":\"ListItem\",\"position\":2,\"name\":\"Tableaux\"}]},{\"@type\":\"WebSite\",\"@id\":\"https:\/\/www.hanawa-origami.com\/#website\",\"url\":\"https:\/\/www.hanawa-origami.com\/\",\"name\":\"Hanawa Origami\",\"description\":\"\",\"publisher\":{\"@id\":\"https:\/\/www.hanawa-origami.com\/#organization\"},\"potentialAction\":[{\"@type\":\"SearchAction\",\"target\":{\"@type\":\"EntryPoint\",\"urlTemplate\":\"https:\/\/www.hanawa-origami.com\/?s={search_term_string}\"},\"query-input\":{\"@type\":\"PropertyValueSpecification\",\"valueRequired\":true,\"valueName\":\"search_term_string\"}}],\"inLanguage\":\"fr-FR\"},{\"@type\":\"Organization\",\"@id\":\"https:\/\/www.hanawa-origami.com\/#organization\",\"name\":\"hanawa-origami\",\"url\":\"https:\/\/www.hanawa-origami.com\/\",\"logo\":{\"@type\":\"ImageObject\",\"inLanguage\":\"fr-FR\",\"@id\":\"https:\/\/www.hanawa-origami.com\/#\/schema\/logo\/image\/\",\"url\":\"https:\/\/www.hanawa-origami.com\/wp-content\/uploads\/2020\/06\/Logo-Hanawa_detoure-site.png\",\"contentUrl\":\"https:\/\/www.hanawa-origami.com\/wp-content\/uploads\/2020\/06\/Logo-Hanawa_detoure-site.png\",\"width\":493,\"height\":338,\"caption\":\"hanawa-origami\"},\"image\":{\"@id\":\"https:\/\/www.hanawa-origami.com\/#\/schema\/logo\/image\/\"}}]}<\/script>\n<!-- \/ Yoast SEO plugin. -->","yoast_head_json":{"title":"Tableaux | HANAWA ORIGAMI","robots":{"index":"index","follow":"follow","max-snippet":"max-snippet:-1","max-image-preview":"max-image-preview:large","max-video-preview":"max-video-preview:-1"},"canonical":"https:\/\/www.hanawa-origami.com\/index.php\/serre-tetes\/","og_locale":"fr_FR","og_type":"article","og_title":"Tableaux | HANAWA ORIGAMI","og_description":"Tableaux en acrylique et papiers washi, mont\u00e9s sur une caisse am\u00e9ricaine.","og_url":"https:\/\/www.hanawa-origami.com\/index.php\/serre-tetes\/","og_site_name":"HANAWA ORIGAMI","article_modified_time":"2025-06-28T07:06:12+00:00","twitter_card":"summary_large_image","twitter_misc":{"Dur\u00e9e de lecture estim\u00e9e":"1 minute"},"schema":{"@context":"https:\/\/schema.org","@graph":[{"@type":"WebPage","@id":"https:\/\/www.hanawa-origami.com\/index.php\/serre-tetes\/","url":"https:\/\/www.hanawa-origami.com\/index.php\/serre-tetes\/","name":"Tableaux | HANAWA ORIGAMI","isPartOf":{"@id":"https:\/\/www.hanawa-origami.com\/#website"},"datePublished":"2020-07-04T13:46:06+00:00","dateModified":"2025-06-28T07:06:12+00:00","breadcrumb":{"@id":"https:\/\/www.hanawa-origami.com\/index.php\/serre-tetes\/#breadcrumb"},"inLanguage":"fr-FR","potentialAction":[{"@type":"ReadAction","target":["https:\/\/www.hanawa-origami.com\/index.php\/serre-tetes\/"]}]},{"@type":"BreadcrumbList","@id":"https:\/\/www.hanawa-origami.com\/index.php\/serre-tetes\/#breadcrumb","itemListElement":[{"@type":"ListItem","position":1,"name":"Accueil","item":"https:\/\/www.hanawa-origami.com\/"},{"@type":"ListItem","position":2,"name":"Tableaux"}]},{"@type":"WebSite","@id":"https:\/\/www.hanawa-origami.com\/#website","url":"https:\/\/www.hanawa-origami.com\/","name":"Hanawa Origami","description":"","publisher":{"@id":"https:\/\/www.hanawa-origami.com\/#organization"},"potentialAction":[{"@type":"SearchAction","target":{"@type":"EntryPoint","urlTemplate":"https:\/\/www.hanawa-origami.com\/?s={search_term_string}"},"query-input":{"@type":"PropertyValueSpecification","valueRequired":true,"valueName":"search_term_string"}}],"inLanguage":"fr-FR"},{"@type":"Organization","@id":"https:\/\/www.hanawa-origami.com\/#organization","name":"hanawa-origami","url":"https:\/\/www.hanawa-origami.com\/","logo":{"@type":"ImageObject","inLanguage":"fr-FR","@id":"https:\/\/www.hanawa-origami.com\/#\/schema\/logo\/image\/","url":"https:\/\/www.hanawa-origami.com\/wp-content\/uploads\/2020\/06\/Logo-Hanawa_detoure-site.png","contentUrl":"https:\/\/www.hanawa-origami.com\/wp-content\/uploads\/2020\/06\/Logo-Hanawa_detoure-site.png","width":493,"height":338,"caption":"hanawa-origami"},"image":{"@id":"https:\/\/www.hanawa-origami.com\/#\/schema\/logo\/image\/"}}]}},"_links":{"self":[{"href":"https:\/\/www.hanawa-origami.com\/index.php\/wp-json\/wp\/v2\/pages\/761","targetHints":{"allow":["GET"]}}],"collection":[{"href":"https:\/\/www.hanawa-origami.com\/index.php\/wp-json\/wp\/v2\/pages"}],"about":[{"href":"https:\/\/www.hanawa-origami.com\/index.php\/wp-json\/wp\/v2\/types\/page"}],"author":[{"embeddable":true,"href":"https:\/\/www.hanawa-origami.com\/index.php\/wp-json\/wp\/v2\/users\/1"}],"replies":[{"embeddable":true,"href":"https:\/\/www.hanawa-origami.com\/index.php\/wp-json\/wp\/v2\/comments?post=761"}],"version-history":[{"count":12,"href":"https:\/\/www.hanawa-origami.com\/index.php\/wp-json\/wp\/v2\/pages\/761\/revisions"}],"predecessor-version":[{"id":3527,"href":"https:\/\/www.hanawa-origami.com\/index.php\/wp-json\/wp\/v2\/pages\/761\/revisions\/3527"}],"wp:attachment":[{"href":"https:\/\/www.hanawa-origami.com\/index.php\/wp-json\/wp\/v2\/media?parent=761"}],"curies":[{"name":"wp","href":"https:\/\/api.w.org\/{rel}","templated":true}]}}